{"id":32,"date":"2018-03-22T13:23:12","date_gmt":"2018-03-22T13:23:12","guid":{"rendered":"https:\/\/arnauld.user2.archhosting.net\/Ubi\/?page_id=32"},"modified":"2018-12-05T10:37:32","modified_gmt":"2018-12-05T10:37:32","slug":"logiciel","status":"publish","type":"page","link":"https:\/\/ubi-business.com\/fr\/logiciel\/","title":{"rendered":"Logiciel"},"content":{"rendered":"<p>[vc_row][vc_column][vc_column_text]<\/p>\n<h2>Le logiciel CashOnTime<\/h2>\n<h3>L\u2019outil id\u00e9al pour g\u00e9rer votre relation financi\u00e8re client et gagner en temps et en efficacit\u00e9<\/h3>\n<p>Le logiciel \u00e9dit\u00e9 par notre partenaire DIMO Software permet d\u2019am\u00e9liorer de nombreuses fonctions du Credit Management. De la facturation \u00e9lectronique, au lettrage en passant par le recouvrement de cr\u00e9ances, <strong>ce logiciel de recouvrement vous permet de ma\u00eetriser l\u2019ensemble des processus d\u2019optimisation du poste clients.<\/strong>[\/vc_column_text][\/vc_column][\/vc_row][vc_row gap=\u00a0\u00bb30&Prime; content_placement=\u00a0\u00bbmiddle\u00a0\u00bb overlay_dotted=\u00a0\u00bb\u00a0\u00bb][vc_column width=\u00a0\u00bb1\/2&Prime;][vc_tta_accordion][vc_tta_section title=\u00a0\u00bbD\u00e9velopper votre efficacit\u00e9\u00a0\u00bb tab_id=\u00a0\u00bb1536583586400-5a735baf-0b70&Prime;][vc_column_text]<strong>CashOnTime<\/strong> donne une visibilit\u00e9 globale de vos comptes clients. Vous gagnez du temps et les process sont nettement facilit\u00e9s, permettant de d\u00e9gager des ressources pour vous concentrer sur vos probl\u00e9matiques clients les plus importantes.[\/vc_column_text][\/vc_tta_section][vc_tta_section title=\u00a0\u00bbAm\u00e9liorer votre rentabilit\u00e9\u00a0\u00bb tab_id=\u00a0\u00bb1536583586448-7ae4dcbc-92d7&Prime;][vc_column_text]Avec une prise en main ais\u00e9e, le logiciel vous permet de r\u00e9duire les co\u00fbts, maitriser vos encours, diminuer les d\u00e9lais de paiement et plus globalement d\u2019<strong>am\u00e9liorer votre tr\u00e9sorerie<\/strong>.[\/vc_column_text][\/vc_tta_section][vc_tta_section title=\u00a0\u00bbAccroitre la satisfaction client\u00a0\u00bb tab_id=\u00a0\u00bb1536583738926-10005cd6-9dc2&Prime;][vc_column_text]<strong>Vous s\u00e9curisez et pr\u00e9venez le risque client<\/strong>, vous r\u00e9solvez rapidement les litiges tout en am\u00e9liorant la relation clients.[\/vc_column_text][\/vc_tta_section][\/vc_tta_accordion][vc_btn title=\u00a0\u00bbD\u00e9couvrir CashOnTime\u00a0\u00bb color=\u00a0\u00bbwarning\u00a0\u00bb align=\u00a0\u00bbcenter\u00a0\u00bb i_icon_fontawesome=\u00a0\u00bbfa fa-search-plus\u00a0\u00bb css_animation=\u00a0\u00bbfadeInUp\u00a0\u00bb add_icon=\u00a0\u00bbtrue\u00a0\u00bb link=\u00a0\u00bburl:https%3A%2F%2Fwww.cashontime.com%2F||target:%20_blank|\u00a0\u00bb][\/vc_column][vc_column width=\u00a0\u00bb1\/2&Prime;][vc_single_image image=\u00a0\u00bb1889&Prime; img_size=\u00a0\u00bbmedium\u00a0\u00bb alignment=\u00a0\u00bbcenter\u00a0\u00bb][\/vc_column][\/vc_row]<\/p>\n","protected":false},"excerpt":{"rendered":"[vc_row][vc_column][vc_column_text] Le logiciel CashOnTime L\u2019outil id\u00e9al pour g\u00e9rer votre relation financi\u00e8re client et gagner en temps et en efficacit\u00e9 Le logiciel \u00e9dit\u00e9 par notre partenaire DIMO Software permet d\u2019am\u00e9liorer de nombreuses fonctions du Credit Management. De la facturation \u00e9lectronique, au lettrage en passant par le recouvrement de cr\u00e9ances, ce logiciel de recouvrement vous permet de[&#8230;]","protected":false},"author":3,"featured_media":1889,"parent":0,"menu_order":0,"comment_status":"closed","ping_status":"closed","template":"","meta":{"_acf_changed":false,"_exactmetrics_skip_tracking":false,"_exactmetrics_sitenote_active":false,"_exactmetrics_sitenote_note":"","_exactmetrics_sitenote_category":0,"footnotes":""},"class_list":["post-32","page","type-page","status-publish","has-post-thumbnail","hentry"],"acf":[],"yoast_head":"<!-- This site is optimized with the Yoast SEO plugin v27.5 - https:\/\/yoast.com\/product\/yoast-seo-wordpress\/ -->\n<title>Le logiciel de recouvrement de cr\u00e9ances CashOnTime - UBI<\/title>\n<meta name=\"description\" content=\"La solution CashOnTime est l\u2019outil id\u00e9al pour g\u00e9rer votre relation financi\u00e8re client et gagner en temps et d\u00e9velopper votre efficacit\u00e9.\" \/>\n<meta name=\"robots\" content=\"index, follow, max-snippet:-1, max-image-preview:large, max-video-preview:-1\" \/>\n<link rel=\"canonical\" href=\"https:\/\/ubi-business.com\/fr\/logiciel\/\" \/>\n<meta property=\"og:locale\" content=\"fr_FR\" \/>\n<meta property=\"og:type\" content=\"article\" \/>\n<meta property=\"og:title\" content=\"Le logiciel de recouvrement de cr\u00e9ances CashOnTime - UBI\" \/>\n<meta property=\"og:description\" content=\"La solution CashOnTime est l\u2019outil id\u00e9al pour g\u00e9rer votre relation financi\u00e8re client et gagner en temps et d\u00e9velopper votre efficacit\u00e9.\" \/>\n<meta property=\"og:url\" content=\"https:\/\/ubi-business.com\/fr\/logiciel\/\" \/>\n<meta property=\"og:site_name\" content=\"UBI\" \/>\n<meta property=\"article:modified_time\" content=\"2018-12-05T10:37:32+00:00\" \/>\n<meta property=\"og:image\" content=\"https:\/\/ubi-business.com\/wp-content\/uploads\/2018\/09\/logiciel-cash-on-time.jpg\" \/>\n\t<meta property=\"og:image:width\" content=\"1000\" \/>\n\t<meta property=\"og:image:height\" content=\"614\" \/>\n\t<meta property=\"og:image:type\" content=\"image\/jpeg\" \/>\n<meta name=\"twitter:card\" content=\"summary_large_image\" \/>\n<meta name=\"twitter:label1\" content=\"Dur\u00e9e de lecture estim\u00e9e\" \/>\n\t<meta name=\"twitter:data1\" content=\"2 minutes\" \/>\n<script type=\"application\/ld+json\" class=\"yoast-schema-graph\">{\"@context\":\"https:\\\/\\\/schema.org\",\"@graph\":[{\"@type\":\"WebPage\",\"@id\":\"https:\\\/\\\/ubi-business.com\\\/fr\\\/logiciel\\\/\",\"url\":\"https:\\\/\\\/ubi-business.com\\\/fr\\\/logiciel\\\/\",\"name\":\"Le logiciel de recouvrement de cr\u00e9ances CashOnTime - UBI\",\"isPartOf\":{\"@id\":\"https:\\\/\\\/ubi-business.com\\\/fr\\\/#website\"},\"primaryImageOfPage\":{\"@id\":\"https:\\\/\\\/ubi-business.com\\\/fr\\\/logiciel\\\/#primaryimage\"},\"image\":{\"@id\":\"https:\\\/\\\/ubi-business.com\\\/fr\\\/logiciel\\\/#primaryimage\"},\"thumbnailUrl\":\"https:\\\/\\\/ubi-business.com\\\/wp-content\\\/uploads\\\/2018\\\/09\\\/logiciel-cash-on-time.jpg\",\"datePublished\":\"2018-03-22T13:23:12+00:00\",\"dateModified\":\"2018-12-05T10:37:32+00:00\",\"description\":\"La solution CashOnTime est l\u2019outil id\u00e9al pour g\u00e9rer votre relation financi\u00e8re client et gagner en temps et d\u00e9velopper votre efficacit\u00e9.\",\"breadcrumb\":{\"@id\":\"https:\\\/\\\/ubi-business.com\\\/fr\\\/logiciel\\\/#breadcrumb\"},\"inLanguage\":\"fr-FR\",\"potentialAction\":[{\"@type\":\"ReadAction\",\"target\":[\"https:\\\/\\\/ubi-business.com\\\/fr\\\/logiciel\\\/\"]}]},{\"@type\":\"ImageObject\",\"inLanguage\":\"fr-FR\",\"@id\":\"https:\\\/\\\/ubi-business.com\\\/fr\\\/logiciel\\\/#primaryimage\",\"url\":\"https:\\\/\\\/ubi-business.com\\\/wp-content\\\/uploads\\\/2018\\\/09\\\/logiciel-cash-on-time.jpg\",\"contentUrl\":\"https:\\\/\\\/ubi-business.com\\\/wp-content\\\/uploads\\\/2018\\\/09\\\/logiciel-cash-on-time.jpg\",\"width\":1000,\"height\":614,\"caption\":\"La solution CashOnTime est l\u2019outil id\u00e9al pour g\u00e9rer votre relation financi\u00e8re client et gagner en temps et d\u00e9velopper votre efficacit\u00e9.\"},{\"@type\":\"BreadcrumbList\",\"@id\":\"https:\\\/\\\/ubi-business.com\\\/fr\\\/logiciel\\\/#breadcrumb\",\"itemListElement\":[{\"@type\":\"ListItem\",\"position\":1,\"name\":\"Accueil\",\"item\":\"https:\\\/\\\/ubi-business.com\\\/fr\\\/\"},{\"@type\":\"ListItem\",\"position\":2,\"name\":\"Logiciel\"}]},{\"@type\":\"WebSite\",\"@id\":\"https:\\\/\\\/ubi-business.com\\\/fr\\\/#website\",\"url\":\"https:\\\/\\\/ubi-business.com\\\/fr\\\/\",\"name\":\"UBI\",\"description\":\"Universal Business Information\",\"potentialAction\":[{\"@type\":\"SearchAction\",\"target\":{\"@type\":\"EntryPoint\",\"urlTemplate\":\"https:\\\/\\\/ubi-business.com\\\/fr\\\/?s={search_term_string}\"},\"query-input\":{\"@type\":\"PropertyValueSpecification\",\"valueRequired\":true,\"valueName\":\"search_term_string\"}}],\"inLanguage\":\"fr-FR\"}]}<\/script>\n<!-- \/ Yoast SEO plugin. -->","yoast_head_json":{"title":"Le logiciel de recouvrement de cr\u00e9ances CashOnTime - UBI","description":"La solution CashOnTime est l\u2019outil id\u00e9al pour g\u00e9rer votre relation financi\u00e8re client et gagner en temps et d\u00e9velopper votre efficacit\u00e9.","robots":{"index":"index","follow":"follow","max-snippet":"max-snippet:-1","max-image-preview":"max-image-preview:large","max-video-preview":"max-video-preview:-1"},"canonical":"https:\/\/ubi-business.com\/fr\/logiciel\/","og_locale":"fr_FR","og_type":"article","og_title":"Le logiciel de recouvrement de cr\u00e9ances CashOnTime - UBI","og_description":"La solution CashOnTime est l\u2019outil id\u00e9al pour g\u00e9rer votre relation financi\u00e8re client et gagner en temps et d\u00e9velopper votre efficacit\u00e9.","og_url":"https:\/\/ubi-business.com\/fr\/logiciel\/","og_site_name":"UBI","article_modified_time":"2018-12-05T10:37:32+00:00","og_image":[{"width":1000,"height":614,"url":"https:\/\/ubi-business.com\/wp-content\/uploads\/2018\/09\/logiciel-cash-on-time.jpg","type":"image\/jpeg"}],"twitter_card":"summary_large_image","twitter_misc":{"Dur\u00e9e de lecture estim\u00e9e":"2 minutes"},"schema":{"@context":"https:\/\/schema.org","@graph":[{"@type":"WebPage","@id":"https:\/\/ubi-business.com\/fr\/logiciel\/","url":"https:\/\/ubi-business.com\/fr\/logiciel\/","name":"Le logiciel de recouvrement de cr\u00e9ances CashOnTime - UBI","isPartOf":{"@id":"https:\/\/ubi-business.com\/fr\/#website"},"primaryImageOfPage":{"@id":"https:\/\/ubi-business.com\/fr\/logiciel\/#primaryimage"},"image":{"@id":"https:\/\/ubi-business.com\/fr\/logiciel\/#primaryimage"},"thumbnailUrl":"https:\/\/ubi-business.com\/wp-content\/uploads\/2018\/09\/logiciel-cash-on-time.jpg","datePublished":"2018-03-22T13:23:12+00:00","dateModified":"2018-12-05T10:37:32+00:00","description":"La solution CashOnTime est l\u2019outil id\u00e9al pour g\u00e9rer votre relation financi\u00e8re client et gagner en temps et d\u00e9velopper votre efficacit\u00e9.","breadcrumb":{"@id":"https:\/\/ubi-business.com\/fr\/logiciel\/#breadcrumb"},"inLanguage":"fr-FR","potentialAction":[{"@type":"ReadAction","target":["https:\/\/ubi-business.com\/fr\/logiciel\/"]}]},{"@type":"ImageObject","inLanguage":"fr-FR","@id":"https:\/\/ubi-business.com\/fr\/logiciel\/#primaryimage","url":"https:\/\/ubi-business.com\/wp-content\/uploads\/2018\/09\/logiciel-cash-on-time.jpg","contentUrl":"https:\/\/ubi-business.com\/wp-content\/uploads\/2018\/09\/logiciel-cash-on-time.jpg","width":1000,"height":614,"caption":"La solution CashOnTime est l\u2019outil id\u00e9al pour g\u00e9rer votre relation financi\u00e8re client et gagner en temps et d\u00e9velopper votre efficacit\u00e9."},{"@type":"BreadcrumbList","@id":"https:\/\/ubi-business.com\/fr\/logiciel\/#breadcrumb","itemListElement":[{"@type":"ListItem","position":1,"name":"Accueil","item":"https:\/\/ubi-business.com\/fr\/"},{"@type":"ListItem","position":2,"name":"Logiciel"}]},{"@type":"WebSite","@id":"https:\/\/ubi-business.com\/fr\/#website","url":"https:\/\/ubi-business.com\/fr\/","name":"UBI","description":"Universal Business Information","potentialAction":[{"@type":"SearchAction","target":{"@type":"EntryPoint","urlTemplate":"https:\/\/ubi-business.com\/fr\/?s={search_term_string}"},"query-input":{"@type":"PropertyValueSpecification","valueRequired":true,"valueName":"search_term_string"}}],"inLanguage":"fr-FR"}]}},"_links":{"self":[{"href":"https:\/\/ubi-business.com\/fr\/wp-json\/wp\/v2\/pages\/32","targetHints":{"allow":["GET"]}}],"collection":[{"href":"https:\/\/ubi-business.com\/fr\/wp-json\/wp\/v2\/pages"}],"about":[{"href":"https:\/\/ubi-business.com\/fr\/wp-json\/wp\/v2\/types\/page"}],"author":[{"embeddable":true,"href":"https:\/\/ubi-business.com\/fr\/wp-json\/wp\/v2\/users\/3"}],"replies":[{"embeddable":true,"href":"https:\/\/ubi-business.com\/fr\/wp-json\/wp\/v2\/comments?post=32"}],"version-history":[{"count":13,"href":"https:\/\/ubi-business.com\/fr\/wp-json\/wp\/v2\/pages\/32\/revisions"}],"predecessor-version":[{"id":2129,"href":"https:\/\/ubi-business.com\/fr\/wp-json\/wp\/v2\/pages\/32\/revisions\/2129"}],"wp:featuredmedia":[{"embeddable":true,"href":"https:\/\/ubi-business.com\/fr\/wp-json\/wp\/v2\/media\/1889"}],"wp:attachment":[{"href":"https:\/\/ubi-business.com\/fr\/wp-json\/wp\/v2\/media?parent=32"}],"curies":[{"name":"wp","href":"https:\/\/api.w.org\/{rel}","templated":true}]}}