{"id":22,"date":"2018-03-22T13:13:47","date_gmt":"2018-03-22T13:13:47","guid":{"rendered":"https:\/\/arnauld.user2.archhosting.net\/Ubi\/?page_id=22"},"modified":"2018-11-21T16:30:09","modified_gmt":"2018-11-21T16:30:09","slug":"etudes-solvabilite","status":"publish","type":"page","link":"https:\/\/ubi-business.com\/fr\/solvabilite\/etudes-solvabilite\/","title":{"rendered":"\u00c9tudes de solvabilit\u00e9"},"content":{"rendered":"<p>[vc_row gap=\u00a0\u00bb30&Prime; content_placement=\u00a0\u00bbmiddle\u00a0\u00bb overlay_dotted=\u00a0\u00bb\u00a0\u00bb][vc_column width=\u00a0\u00bb2\/3&Prime;][vc_column_text css=\u00a0\u00bb.vc_custom_1537536195806{margin-bottom: 10px !important;}\u00a0\u00bb]<\/p>\n<h2>Pr\u00e9venir et \u00e9valuer le risque client<\/h2>\n<p>Nos \u00e9tudes <strong>Solvaclient<\/strong> sont un outil m\u00e9tier pour les credit manager, les responsables administratifs et financiers et les responsables recouvrement et permettent\u00a0:[\/vc_column_text]<ul class=\"list-one  krth-list-69f2d7fb27df1\"><li><strong>La bonne connaissance du client<\/strong> et de sa situation financi\u00e8re avec un diagnostic in\u00e9dit s\u2019appuyant sur les 10 principales causes de d\u00e9faillance des entreprises<\/li><li><strong>La compr\u00e9hension des retards de paiement<\/strong><\/li><li><strong>Le basculement de l\u2019amiable au judiciaire<\/strong> : la situation de l\u2019entreprise permet-elle de n\u00e9gocier un plan d\u2019apurement ou faut-il agir rapidement sur les actifs ?<\/li><\/ul>[\/vc_column][vc_column width=\u00a0\u00bb1\/3&Prime;][vc_single_image image=\u00a0\u00bb1877&Prime; img_size=\u00a0\u00bbmedium\u00a0\u00bb alignment=\u00a0\u00bbcenter\u00a0\u00bb css_animation=\u00a0\u00bbfadeIn\u00a0\u00bb][\/vc_column][\/vc_row][vc_row overlay_dotted=\u00a0\u00bb\u00a0\u00bb css=\u00a0\u00bb.vc_custom_1537535330490{margin-top: 30px !important;margin-bottom: 30px !important;}\u00a0\u00bb][vc_column width=\u00a0\u00bb1\/3&Prime;][vc_icon icon_fontawesome=\u00a0\u00bbfa fa-check-circle\u00a0\u00bb color=\u00a0\u00bbcustom\u00a0\u00bb size=\u00a0\u00bblg\u00a0\u00bb align=\u00a0\u00bbcenter\u00a0\u00bb css_animation=\u00a0\u00bbfadeInLeft\u00a0\u00bb custom_color=\u00a0\u00bb#ff9900&Prime; css=\u00a0\u00bb.vc_custom_1542202264906{margin-bottom: 10px !important;}\u00a0\u00bb][vc_column_text]<\/p>\n<p style=\"text-align: center;\"><strong>Nous nous int\u00e9ressons \u00e0 l\u2019environnement juridique et financier de l\u2019entreprise.<\/strong><\/p>\n<p>[\/vc_column_text][\/vc_column][vc_column width=\u00a0\u00bb1\/3&Prime;][vc_icon icon_fontawesome=\u00a0\u00bbfa fa-check-circle\u00a0\u00bb color=\u00a0\u00bbcustom\u00a0\u00bb size=\u00a0\u00bblg\u00a0\u00bb align=\u00a0\u00bbcenter\u00a0\u00bb css_animation=\u00a0\u00bbfadeInUp\u00a0\u00bb custom_color=\u00a0\u00bb#ff9900&Prime; css=\u00a0\u00bb.vc_custom_1537533657596{margin-bottom: 10px !important;}\u00a0\u00bb][vc_column_text]<\/p>\n<p style=\"text-align: center;\"><strong>Nous r\u00e9pondons \u00e0 votre demande d\u2019encours.<\/strong><\/p>\n<p>[\/vc_column_text][\/vc_column][vc_column width=\u00a0\u00bb1\/3&Prime;][vc_icon icon_fontawesome=\u00a0\u00bbfa fa-check-circle\u00a0\u00bb color=\u00a0\u00bbcustom\u00a0\u00bb size=\u00a0\u00bblg\u00a0\u00bb align=\u00a0\u00bbcenter\u00a0\u00bb css_animation=\u00a0\u00bbfadeInRight\u00a0\u00bb custom_color=\u00a0\u00bb#ff9900&Prime; css=\u00a0\u00bb.vc_custom_1542202275662{margin-bottom: 10px !important;}\u00a0\u00bb][vc_column_text]<\/p>\n<p style=\"text-align: center;\"><strong>Nos \u00e9tudes sont r\u00e9alis\u00e9es sur le monde entier avec le m\u00eame niveau de qualit\u00e9 et de fiabilit\u00e9.<\/strong><\/p>\n<p>[\/vc_column_text][\/vc_column][\/vc_row][vc_row overlay_dotted=\u00a0\u00bb\u00a0\u00bb css=\u00a0\u00bb.vc_custom_1537534208001{margin-top: 30px !important;margin-bottom: 30px !important;}\u00a0\u00bb][vc_column width=\u00a0\u00bb1\/6&Prime;][\/vc_column][vc_column width=\u00a0\u00bb2\/3&Prime; css=\u00a0\u00bb.vc_custom_1537534396941{padding-top: 20px !important;padding-right: 20px !important;padding-bottom: 20px !important;padding-left: 20px !important;background-color: #e8e8e8 !important;border-radius: 15px !important;}\u00a0\u00bb][vc_column_text]<\/p>\n<h3 style=\"text-align: center;\"><span style=\"color: #ff9900;\">Solva<\/span>client<\/h3>\n<p>[\/vc_column_text][vc_column_text]<\/p>\n<p style=\"text-align: center;\">Pr\u00e9sentation et analyse de l\u2019entreprise au travers de fondamentaux bas\u00e9s sur les principales causes de d\u00e9faillance<\/p>\n<p style=\"text-align: center;\">Actionnaires, filiales et dirigeants<\/p>\n<p style=\"text-align: center;\">Analyse des bilans<\/p>\n<p style=\"text-align: center;\">\u00c9volutions r\u00e9centes<\/p>\n<p style=\"text-align: center;\">Tr\u00e9sorerie et qualit\u00e9 des paiements Diagnostic<\/p>\n<p style=\"text-align: center;\">R\u00e9ponse pertinente \u00e0 votre encours<\/p>\n<p style=\"text-align: center;\"><strong><em>Possibilit\u00e9 d\u2019int\u00e9grer un rapport d\u2019\u00e9volution mensuel, trimestriel ou semestriel<\/em><\/strong><\/p>\n<p>[\/vc_column_text][vc_row_inner][vc_column_inner][\/vc_column_inner][\/vc_row_inner][\/vc_column][vc_column width=\u00a0\u00bb1\/6&Prime;][\/vc_column][\/vc_row][vc_row][vc_column][vc_separator color=\u00a0\u00bborange\u00a0\u00bb el_width=\u00a0\u00bb80&Prime; css=\u00a0\u00bb.vc_custom_1542194133024{margin-top: 50px !important;margin-bottom: 50px !important;}\u00a0\u00bb][\/vc_column][\/vc_row][vc_row][vc_column][vc_column_text css=\u00a0\u00bb.vc_custom_1537536203612{margin-bottom: 10px !important;}\u00a0\u00bb]<\/p>\n<h2>Pr\u00e9venir et \u00e9valuer le risque fournisseur<\/h2>\n<p>Nos \u00e9tudes <strong>Solvafournisseur<\/strong> sont un atout majeur pour les responsables achat dans leur \u00e9valuation du risque et leurs enjeux de n\u00e9gociation. Ils appr\u00e9cient leur lecture facile permettant\u00a0:[\/vc_column_text]<ul class=\"list-one  krth-list-69f2d7fb27e9b\"><li><strong>La mesure du risque de d\u00e9faillance du fournisseur<\/strong> : peut-il aller jusqu\u2019\u00e0 la cessation de paiement ?<\/li><li><strong>L\u2019\u00e9valuation du risque d\u2019image<\/strong> par l\u2019analyse de la notori\u00e9t\u00e9 des affaires du fournisseur<\/li><li><strong>La mise en \u00e9vidence d\u2019\u00e9ventuels dysfonctionnements<\/strong> : arr\u00eat des investissements, probl\u00e8mes de qualit\u00e9, difficult\u00e9s \u00e0 s\u2019approvisionner\u2026<\/li><li><strong>La connaissance du r\u00e9el niveau de performances<\/strong>, en int\u00e9grant les holding et filiales, pour une meilleure n\u00e9gociation<\/li><\/ul>[\/vc_column][\/vc_row][vc_row overlay_dotted=\u00a0\u00bb\u00a0\u00bb css=\u00a0\u00bb.vc_custom_1537534208001{margin-top: 30px !important;margin-bottom: 30px !important;}\u00a0\u00bb][vc_column width=\u00a0\u00bb1\/6&Prime;][\/vc_column][vc_column width=\u00a0\u00bb2\/3&Prime; css=\u00a0\u00bb.vc_custom_1537534396941{padding-top: 20px !important;padding-right: 20px !important;padding-bottom: 20px !important;padding-left: 20px !important;background-color: #e8e8e8 !important;border-radius: 15px !important;}\u00a0\u00bb][vc_column_text]<\/p>\n<h3 style=\"text-align: center;\"><span style=\"color: #ff9900;\">Solva<\/span>fournisseur<\/h3>\n<p>[\/vc_column_text][vc_column_text]<\/p>\n<p style=\"text-align: center;\">Pr\u00e9sentation et analyse de l\u2019entreprise avec une vision moyen\/long terme<\/p>\n<p style=\"text-align: center;\">Actionnaires, filiales et dirigeants<\/p>\n<p style=\"text-align: center;\">Analyse des bilans<\/p>\n<p style=\"text-align: center;\">Qualit\u00e9 et approvisionnements Investissements<\/p>\n<p style=\"text-align: center;\">E-notori\u00e9t\u00e9 et notori\u00e9t\u00e9 des affaires<\/p>\n<p style=\"text-align: center;\">Tr\u00e9sorerie et qualit\u00e9 des paiements Diagnosti<\/p>\n<p style=\"text-align: center;\"><strong><em>Possibilit\u00e9 d\u2019int\u00e9grer un rapport d\u2019\u00e9volution mensuel, trimestriel ou semestriel<\/em><\/strong><\/p>\n<p>[\/vc_column_text][\/vc_column][vc_column width=\u00a0\u00bb1\/6&Prime;][\/vc_column][\/vc_row][vc_row][vc_column][vc_column_text]<\/p>\n<p style=\"text-align: center;\">Nos \u00e9tudes sont r\u00e9alis\u00e9es sur le monde entier avec le m\u00eame niveau de qualit\u00e9 et de fiabilit\u00e9.<\/p>\n<p>[\/vc_column_text][\/vc_column][\/vc_row][vc_row][vc_column][vc_separator color=\u00a0\u00bborange\u00a0\u00bb el_width=\u00a0\u00bb80&Prime; css=\u00a0\u00bb.vc_custom_1542194192655{margin-top: 30px !important;margin-bottom: 50px !important;}\u00a0\u00bb][\/vc_column][\/vc_row][vc_row][vc_column width=\u00a0\u00bb1\/2&Prime;][vc_column_text]<\/p>\n<h2>L\u2019enqu\u00eate de satisfaction clients<\/h2>\n<p><strong>Cette prestation compl\u00e9mentaire \u00e0 haute valeur ajout\u00e9e, est un v\u00e9ritable avantage concurrentiel pour les responsables achat.<\/strong><\/p>\n<p>L\u2019enqu\u00eate de satisfaction clients permet d\u2019identifier les points forts et faibles du fournisseur, vus par ses clients.<\/p>\n<p>Nous \u00e9laborons ensemble le questionnaire en ciblant les points techniques et les services qui vous int\u00e9ressent et interrogeons un panel de clients significatifs.<\/p>\n<p>Nous restituons un rapport analytique d\u00e9taill\u00e9.[\/vc_column_text][\/vc_column][vc_column width=\u00a0\u00bb1\/2&Prime;][vc_column_text]<\/p>\n<h2>Le sourcing de nouveaux fournisseurs<\/h2>\n<p><strong>Nous \u00e9laborons ensemble un cahier des charges afin de d\u00e9finir le profil id\u00e9al du fournisseur et de d\u00e9tailler le produit ou service recherch\u00e9s, sur la zone g\u00e9ographique qui vous int\u00e9resse.<\/strong><\/p>\n<p>Nous recherchons et cartographions les fournisseurs potentiels de la zone. Nous qualifions l\u2019activit\u00e9 r\u00e9elle et les produits et services propos\u00e9s par la conduite d\u2019entretiens qualifi\u00e9s.<\/p>\n<p>Nous \u00e9laborons le portrait des fournisseurs s\u00e9lectionn\u00e9s en int\u00e9grant leurs capacit\u00e9s de production, march\u00e9s, clients et leur sant\u00e9 financi\u00e8re.<\/p>\n<p>Nous pouvons \u00e9galement travailler sur les aspects r\u00e9glementaires, fiscaux et logistiques li\u00e9s \u00e0 la zone g\u00e9ographique.[\/vc_column_text][\/vc_column][\/vc_row]<\/p>\n","protected":false},"excerpt":{"rendered":"[vc_row gap=\u00a0\u00bb30&Prime; content_placement=\u00a0\u00bbmiddle\u00a0\u00bb overlay_dotted=\u00a0\u00bb\u00a0\u00bb][vc_column width=\u00a0\u00bb2\/3&Prime;][vc_column_text css=\u00a0\u00bb.vc_custom_1537536195806{margin-bottom: 10px !important;}\u00a0\u00bb] Pr\u00e9venir et \u00e9valuer le risque client Nos \u00e9tudes Solvaclient sont un outil m\u00e9tier pour les credit manager, les responsables administratifs et financiers et les responsables recouvrement et permettent\u00a0:[\/vc_column_text][\/vc_column][vc_column width=\u00a0\u00bb1\/3&Prime;][vc_single_image image=\u00a0\u00bb1877&Prime; img_size=\u00a0\u00bbmedium\u00a0\u00bb alignment=\u00a0\u00bbcenter\u00a0\u00bb css_animation=\u00a0\u00bbfadeIn\u00a0\u00bb][\/vc_column][\/vc_row][vc_row overlay_dotted=\u00a0\u00bb\u00a0\u00bb css=\u00a0\u00bb.vc_custom_1537535330490{margin-top: 30px !important;margin-bottom: 30px !important;}\u00a0\u00bb][vc_column width=\u00a0\u00bb1\/3&Prime;][vc_icon icon_fontawesome=\u00a0\u00bbfa fa-check-circle\u00a0\u00bb color=\u00a0\u00bbcustom\u00a0\u00bb size=\u00a0\u00bblg\u00a0\u00bb align=\u00a0\u00bbcenter\u00a0\u00bb css_animation=\u00a0\u00bbfadeInLeft\u00a0\u00bb custom_color=\u00a0\u00bb#ff9900&Prime;[&#8230;]","protected":false},"author":3,"featured_media":1877,"parent":1708,"menu_order":0,"comment_status":"closed","ping_status":"closed","template":"","meta":{"_acf_changed":false,"_exactmetrics_skip_tracking":false,"_exactmetrics_sitenote_active":false,"_exactmetrics_sitenote_note":"","_exactmetrics_sitenote_category":0,"footnotes":""},"class_list":["post-22","page","type-page","status-publish","has-post-thumbnail","hentry"],"acf":[],"yoast_head":"<!-- This site is optimized with the Yoast SEO plugin v27.5 - https:\/\/yoast.com\/product\/yoast-seo-wordpress\/ -->\n<title>Nos \u00e9tudes de solvabilit\u00e9 clients et fournisseurs - UBI<\/title>\n<meta name=\"description\" content=\"Nos \u00e9tudes Solvafournisseur et Solvaclient sont un atout majeur pour les services achat, recouvrement, administratifs et financiers et les credit manager.\" \/>\n<meta name=\"robots\" content=\"index, follow, max-snippet:-1, max-image-preview:large, max-video-preview:-1\" \/>\n<link rel=\"canonical\" href=\"https:\/\/ubi-business.com\/fr\/solvabilite\/etudes-solvabilite\/\" \/>\n<meta property=\"og:locale\" content=\"fr_FR\" \/>\n<meta property=\"og:type\" content=\"article\" \/>\n<meta property=\"og:title\" content=\"Nos \u00e9tudes de solvabilit\u00e9 clients et fournisseurs - UBI\" \/>\n<meta property=\"og:description\" content=\"Nos \u00e9tudes Solvafournisseur et Solvaclient sont un atout majeur pour les services achat, recouvrement, administratifs et financiers et les credit manager.\" \/>\n<meta property=\"og:url\" content=\"https:\/\/ubi-business.com\/fr\/solvabilite\/etudes-solvabilite\/\" \/>\n<meta property=\"og:site_name\" content=\"UBI\" \/>\n<meta property=\"article:modified_time\" content=\"2018-11-21T16:30:09+00:00\" \/>\n<meta property=\"og:image\" content=\"https:\/\/ubi-business.com\/wp-content\/uploads\/2018\/09\/etudes-solvabilite.jpg\" \/>\n\t<meta property=\"og:image:width\" content=\"1000\" \/>\n\t<meta property=\"og:image:height\" content=\"614\" \/>\n\t<meta property=\"og:image:type\" content=\"image\/jpeg\" \/>\n<meta name=\"twitter:card\" content=\"summary_large_image\" \/>\n<meta name=\"twitter:label1\" content=\"Dur\u00e9e de lecture estim\u00e9e\" \/>\n\t<meta name=\"twitter:data1\" content=\"7 minutes\" \/>\n<script type=\"application\/ld+json\" class=\"yoast-schema-graph\">{\"@context\":\"https:\\\/\\\/schema.org\",\"@graph\":[{\"@type\":\"WebPage\",\"@id\":\"https:\\\/\\\/ubi-business.com\\\/fr\\\/solvabilite\\\/etudes-solvabilite\\\/\",\"url\":\"https:\\\/\\\/ubi-business.com\\\/fr\\\/solvabilite\\\/etudes-solvabilite\\\/\",\"name\":\"Nos \u00e9tudes de solvabilit\u00e9 clients et fournisseurs - UBI\",\"isPartOf\":{\"@id\":\"https:\\\/\\\/ubi-business.com\\\/fr\\\/#website\"},\"primaryImageOfPage\":{\"@id\":\"https:\\\/\\\/ubi-business.com\\\/fr\\\/solvabilite\\\/etudes-solvabilite\\\/#primaryimage\"},\"image\":{\"@id\":\"https:\\\/\\\/ubi-business.com\\\/fr\\\/solvabilite\\\/etudes-solvabilite\\\/#primaryimage\"},\"thumbnailUrl\":\"https:\\\/\\\/ubi-business.com\\\/wp-content\\\/uploads\\\/2018\\\/09\\\/etudes-solvabilite.jpg\",\"datePublished\":\"2018-03-22T13:13:47+00:00\",\"dateModified\":\"2018-11-21T16:30:09+00:00\",\"description\":\"Nos \u00e9tudes Solvafournisseur et Solvaclient sont un atout majeur pour les services achat, recouvrement, administratifs et financiers et les credit manager.\",\"breadcrumb\":{\"@id\":\"https:\\\/\\\/ubi-business.com\\\/fr\\\/solvabilite\\\/etudes-solvabilite\\\/#breadcrumb\"},\"inLanguage\":\"fr-FR\",\"potentialAction\":[{\"@type\":\"ReadAction\",\"target\":[\"https:\\\/\\\/ubi-business.com\\\/fr\\\/solvabilite\\\/etudes-solvabilite\\\/\"]}]},{\"@type\":\"ImageObject\",\"inLanguage\":\"fr-FR\",\"@id\":\"https:\\\/\\\/ubi-business.com\\\/fr\\\/solvabilite\\\/etudes-solvabilite\\\/#primaryimage\",\"url\":\"https:\\\/\\\/ubi-business.com\\\/wp-content\\\/uploads\\\/2018\\\/09\\\/etudes-solvabilite.jpg\",\"contentUrl\":\"https:\\\/\\\/ubi-business.com\\\/wp-content\\\/uploads\\\/2018\\\/09\\\/etudes-solvabilite.jpg\",\"width\":1000,\"height\":614,\"caption\":\"Nos \u00e9tudes Solvafournisseur et Solvaclient sont un atout majeur pour les services achat, recouvrement, administratifs et financiers et les credit manager.\"},{\"@type\":\"BreadcrumbList\",\"@id\":\"https:\\\/\\\/ubi-business.com\\\/fr\\\/solvabilite\\\/etudes-solvabilite\\\/#breadcrumb\",\"itemListElement\":[{\"@type\":\"ListItem\",\"position\":1,\"name\":\"Accueil\",\"item\":\"https:\\\/\\\/ubi-business.com\\\/fr\\\/\"},{\"@type\":\"ListItem\",\"position\":2,\"name\":\"Solvabilit\u00e9\",\"item\":\"https:\\\/\\\/ubi-business.com\\\/fr\\\/solvabilite\\\/\"},{\"@type\":\"ListItem\",\"position\":3,\"name\":\"\u00c9tudes de solvabilit\u00e9\"}]},{\"@type\":\"WebSite\",\"@id\":\"https:\\\/\\\/ubi-business.com\\\/fr\\\/#website\",\"url\":\"https:\\\/\\\/ubi-business.com\\\/fr\\\/\",\"name\":\"UBI\",\"description\":\"Universal Business Information\",\"potentialAction\":[{\"@type\":\"SearchAction\",\"target\":{\"@type\":\"EntryPoint\",\"urlTemplate\":\"https:\\\/\\\/ubi-business.com\\\/fr\\\/?s={search_term_string}\"},\"query-input\":{\"@type\":\"PropertyValueSpecification\",\"valueRequired\":true,\"valueName\":\"search_term_string\"}}],\"inLanguage\":\"fr-FR\"}]}<\/script>\n<!-- \/ Yoast SEO plugin. -->","yoast_head_json":{"title":"Nos \u00e9tudes de solvabilit\u00e9 clients et fournisseurs - UBI","description":"Nos \u00e9tudes Solvafournisseur et Solvaclient sont un atout majeur pour les services achat, recouvrement, administratifs et financiers et les credit manager.","robots":{"index":"index","follow":"follow","max-snippet":"max-snippet:-1","max-image-preview":"max-image-preview:large","max-video-preview":"max-video-preview:-1"},"canonical":"https:\/\/ubi-business.com\/fr\/solvabilite\/etudes-solvabilite\/","og_locale":"fr_FR","og_type":"article","og_title":"Nos \u00e9tudes de solvabilit\u00e9 clients et fournisseurs - UBI","og_description":"Nos \u00e9tudes Solvafournisseur et Solvaclient sont un atout majeur pour les services achat, recouvrement, administratifs et financiers et les credit manager.","og_url":"https:\/\/ubi-business.com\/fr\/solvabilite\/etudes-solvabilite\/","og_site_name":"UBI","article_modified_time":"2018-11-21T16:30:09+00:00","og_image":[{"width":1000,"height":614,"url":"https:\/\/ubi-business.com\/wp-content\/uploads\/2018\/09\/etudes-solvabilite.jpg","type":"image\/jpeg"}],"twitter_card":"summary_large_image","twitter_misc":{"Dur\u00e9e de lecture estim\u00e9e":"7 minutes"},"schema":{"@context":"https:\/\/schema.org","@graph":[{"@type":"WebPage","@id":"https:\/\/ubi-business.com\/fr\/solvabilite\/etudes-solvabilite\/","url":"https:\/\/ubi-business.com\/fr\/solvabilite\/etudes-solvabilite\/","name":"Nos \u00e9tudes de solvabilit\u00e9 clients et fournisseurs - UBI","isPartOf":{"@id":"https:\/\/ubi-business.com\/fr\/#website"},"primaryImageOfPage":{"@id":"https:\/\/ubi-business.com\/fr\/solvabilite\/etudes-solvabilite\/#primaryimage"},"image":{"@id":"https:\/\/ubi-business.com\/fr\/solvabilite\/etudes-solvabilite\/#primaryimage"},"thumbnailUrl":"https:\/\/ubi-business.com\/wp-content\/uploads\/2018\/09\/etudes-solvabilite.jpg","datePublished":"2018-03-22T13:13:47+00:00","dateModified":"2018-11-21T16:30:09+00:00","description":"Nos \u00e9tudes Solvafournisseur et Solvaclient sont un atout majeur pour les services achat, recouvrement, administratifs et financiers et les credit manager.","breadcrumb":{"@id":"https:\/\/ubi-business.com\/fr\/solvabilite\/etudes-solvabilite\/#breadcrumb"},"inLanguage":"fr-FR","potentialAction":[{"@type":"ReadAction","target":["https:\/\/ubi-business.com\/fr\/solvabilite\/etudes-solvabilite\/"]}]},{"@type":"ImageObject","inLanguage":"fr-FR","@id":"https:\/\/ubi-business.com\/fr\/solvabilite\/etudes-solvabilite\/#primaryimage","url":"https:\/\/ubi-business.com\/wp-content\/uploads\/2018\/09\/etudes-solvabilite.jpg","contentUrl":"https:\/\/ubi-business.com\/wp-content\/uploads\/2018\/09\/etudes-solvabilite.jpg","width":1000,"height":614,"caption":"Nos \u00e9tudes Solvafournisseur et Solvaclient sont un atout majeur pour les services achat, recouvrement, administratifs et financiers et les credit manager."},{"@type":"BreadcrumbList","@id":"https:\/\/ubi-business.com\/fr\/solvabilite\/etudes-solvabilite\/#breadcrumb","itemListElement":[{"@type":"ListItem","position":1,"name":"Accueil","item":"https:\/\/ubi-business.com\/fr\/"},{"@type":"ListItem","position":2,"name":"Solvabilit\u00e9","item":"https:\/\/ubi-business.com\/fr\/solvabilite\/"},{"@type":"ListItem","position":3,"name":"\u00c9tudes de solvabilit\u00e9"}]},{"@type":"WebSite","@id":"https:\/\/ubi-business.com\/fr\/#website","url":"https:\/\/ubi-business.com\/fr\/","name":"UBI","description":"Universal Business Information","potentialAction":[{"@type":"SearchAction","target":{"@type":"EntryPoint","urlTemplate":"https:\/\/ubi-business.com\/fr\/?s={search_term_string}"},"query-input":{"@type":"PropertyValueSpecification","valueRequired":true,"valueName":"search_term_string"}}],"inLanguage":"fr-FR"}]}},"_links":{"self":[{"href":"https:\/\/ubi-business.com\/fr\/wp-json\/wp\/v2\/pages\/22","targetHints":{"allow":["GET"]}}],"collection":[{"href":"https:\/\/ubi-business.com\/fr\/wp-json\/wp\/v2\/pages"}],"about":[{"href":"https:\/\/ubi-business.com\/fr\/wp-json\/wp\/v2\/types\/page"}],"author":[{"embeddable":true,"href":"https:\/\/ubi-business.com\/fr\/wp-json\/wp\/v2\/users\/3"}],"replies":[{"embeddable":true,"href":"https:\/\/ubi-business.com\/fr\/wp-json\/wp\/v2\/comments?post=22"}],"version-history":[{"count":32,"href":"https:\/\/ubi-business.com\/fr\/wp-json\/wp\/v2\/pages\/22\/revisions"}],"predecessor-version":[{"id":2084,"href":"https:\/\/ubi-business.com\/fr\/wp-json\/wp\/v2\/pages\/22\/revisions\/2084"}],"up":[{"embeddable":true,"href":"https:\/\/ubi-business.com\/fr\/wp-json\/wp\/v2\/pages\/1708"}],"wp:featuredmedia":[{"embeddable":true,"href":"https:\/\/ubi-business.com\/fr\/wp-json\/wp\/v2\/media\/1877"}],"wp:attachment":[{"href":"https:\/\/ubi-business.com\/fr\/wp-json\/wp\/v2\/media?parent=22"}],"curies":[{"name":"wp","href":"https:\/\/api.w.org\/{rel}","templated":true}]}}