{"id":1726,"date":"2018-04-20T09:30:15","date_gmt":"2018-04-20T09:30:15","guid":{"rendered":"https:\/\/ubi.test.malinkee.com\/?page_id=1726"},"modified":"2018-11-21T16:42:17","modified_gmt":"2018-11-21T16:42:17","slug":"mentions-legales","status":"publish","type":"page","link":"https:\/\/ubi-business.com\/fr\/mentions-legales\/","title":{"rendered":"Mentions l\u00e9gales"},"content":{"rendered":"<p>Le pr\u00e9sent site internet ubi-business.com est \u00e9dit\u00e9 et exploit\u00e9 par Universal Business Information \u2013 UBI, soci\u00e9t\u00e9 par actions simplifi\u00e9e \u00e0 associ\u00e9 unique \u00e9tablie au 89 rue de la Villette 69003 Lyon au capital de 1000\u20ac.<\/p>\n<ul>\n<li>SIRET :\u00a0 83136410400016\u00a0\u00a0 R.C.S. : Lyon 831 364\u00a0104<\/li>\n<li>Num\u00e9ro TVA intracommunautaire : FR0 831364104<\/li>\n<\/ul>\n<p>Nous sommes joignables au 06 03 49 08 17 et par email \u00e0 l\u2019adresse y.besson@ubi-business.com.<\/p>\n<p>Le Cr\u00e9ateur du site est Malinkee.fr \/ Arnauld PLASSON.<\/p>\n<p>Le responsable de la publication est Madame Yolaine BESSON.<\/p>\n<p>Le site UBI est h\u00e9berg\u00e9 par OVH, 77 boulevard Vivier Merle 69003 Lyon.<\/p>\n<p>&nbsp;<\/p>\n<h2>Description des services fournis<\/h2>\n<p>Le site ubi-business.com a pour objet de fournir une information concernant l\u2019ensemble des activit\u00e9s de la soci\u00e9t\u00e9.<\/p>\n<p>Le propri\u00e9taire du site s\u2019efforce de fournir sur le site ubi-business.com des informations aussi pr\u00e9cises que possible. Toutefois, il ne pourra \u00eatre tenu responsable des omissions et des inexactitudes dans la mise \u00e0 jour, qu\u2019elles soient de son fait ou du fait des tiers partenaires qui lui fournissent ces informations.<\/p>\n<p>Toutes les informations propos\u00e9es sur le site ubi-business.com sont donn\u00e9es \u00e0 titre indicatif, sont non exhaustives, et sont susceptibles d\u2019\u00e9voluer. Elles sont donn\u00e9es sous r\u00e9serve de modifications ayant \u00e9t\u00e9 apport\u00e9es depuis leur mise en ligne.<\/p>\n<p>&nbsp;<\/p>\n<h2>Propri\u00e9t\u00e9 intellectuelle et contrefa\u00e7ons<\/h2>\n<p>Le propri\u00e9taire du site est propri\u00e9taire des droits de propri\u00e9t\u00e9 intellectuelle ou d\u00e9tient les droits d\u2019usage sur tous les \u00e9l\u00e9ments accessibles sur le site, notamment les textes, images, graphismes, logo, ic\u00f4nes\u2026<\/p>\n<p>Toute reproduction, repr\u00e9sentation, modification, publication, adaptation totale ou partielle des \u00e9l\u00e9ments du site, quel que soit le moyen ou le proc\u00e9d\u00e9 utilis\u00e9, est interdite, sauf autorisation \u00e9crite pr\u00e9alable.<\/p>\n<p>Toute exploitation non autoris\u00e9e du site ou de l\u2019un quelconque de ces \u00e9l\u00e9ments qu\u2019il contient sera consid\u00e9r\u00e9e comme constitutive d\u2019une contrefa\u00e7on et poursuivie conform\u00e9ment aux dispositions des articles L.335-2 et suivants du Code de Propri\u00e9t\u00e9 Intellectuelle.<\/p>\n<p>&nbsp;<\/p>\n<h2>Cookies<\/h2>\n<p>L\u2019utilisateur est inform\u00e9 que lors de ses visites sur le site ubi-business.com, un ou des cookies sont susceptibles de s\u2019installer automatiquement sur son ordinateur. Un cookie est un fichier de petite taille, qui ne permet pas l\u2019identification de l\u2019utilisateur, mais qui enregistre des informations relatives \u00e0 la navigation d\u2019un ordinateur sur un site. Les donn\u00e9es ainsi obtenues visent \u00e0 faciliter la navigation ult\u00e9rieure sur le site.<\/p>\n<p>Le refus d\u2019installation d\u2019un cookie peut entra\u00eener l\u2019impossibilit\u00e9 d\u2019acc\u00e9der \u00e0 certains services.<\/p>\n<p>&nbsp;<\/p>\n<h2>Protection des biens et des personnes &#8211; gestion des donn\u00e9es personnelles\u00a0:<\/h2>\n<p>En France, les donn\u00e9es personnelles sont notamment prot\u00e9g\u00e9es par la loi n\u00b0 78-87 du 6 janvier 1978, la loi n\u00b0 2004-801 du 6 ao\u00fbt 2004, l&rsquo;article L. 226-13 du Code p\u00e9nal et la Directive Europ\u00e9enne du 24 octobre 1995.<\/p>\n<p>Sur le site ubi-business.com, le propri\u00e9taire du site ne collecte des informations personnelles relatives \u00e0 l&rsquo;utilisateur que pour le besoin de certains services propos\u00e9s par le site ubi-business.com. L&rsquo;utilisateur fournit ces informations en toute connaissance de cause, notamment lorsqu&rsquo;il proc\u00e8de par lui-m\u00eame \u00e0 leur saisie. Il est alors pr\u00e9cis\u00e9 \u00e0 l&rsquo;utilisateur du site ubi-business.com l\u2019obligation ou non de fournir ces informations.<\/p>\n<p>Conform\u00e9ment aux dispositions des articles 38 et suivants de la loi 78-17 du 6 janvier 1978 relative \u00e0 l\u2019informatique, aux fichiers et aux libert\u00e9s, tout utilisateur dispose d\u2019un droit d\u2019acc\u00e8s, de rectification, de suppression et d\u2019opposition aux donn\u00e9es personnelles le concernant. Pour l\u2019exercer, adressez votre demande \u00e0 ubi-business.com par email : y.besson@ubi-business.com<\/p>\n<p>Aucune information personnelle de l&rsquo;utilisateur du site ubi-business.com n&rsquo;est publi\u00e9e \u00e0 l&rsquo;insu de l&rsquo;utilisateur, \u00e9chang\u00e9e, transf\u00e9r\u00e9e, c\u00e9d\u00e9e ou vendue sur un support quelconque \u00e0 des tiers.<\/p>\n<p>&nbsp;<\/p>\n<h2>Droit applicable<\/h2>\n<p>Les pr\u00e9sentes conditions sont r\u00e9gies par le droit fran\u00e7ais. Les juridictions fran\u00e7aises sont seules comp\u00e9tentes pour conna\u00eetre de tout litige se rapportant directement ou indirectement \u00e0 l&rsquo;acc\u00e8s au pr\u00e9sent site ou \u00e0 son utilisation.<\/p>\n","protected":false},"excerpt":{"rendered":"Le pr\u00e9sent site internet ubi-business.com est \u00e9dit\u00e9 et exploit\u00e9 par Universal Business Information \u2013 UBI, soci\u00e9t\u00e9 par actions simplifi\u00e9e \u00e0 associ\u00e9 unique \u00e9tablie au 89 rue de la Villette 69003 Lyon au capital de 1000\u20ac. SIRET :\u00a0 83136410400016\u00a0\u00a0 R.C.S. : Lyon 831 364\u00a0104 Num\u00e9ro TVA intracommunautaire : FR0 831364104 Nous sommes joignables au 06 03[&#8230;]","protected":false},"author":3,"featured_media":0,"parent":0,"menu_order":0,"comment_status":"closed","ping_status":"closed","template":"","meta":{"_acf_changed":false,"_exactmetrics_skip_tracking":false,"_exactmetrics_sitenote_active":false,"_exactmetrics_sitenote_note":"","_exactmetrics_sitenote_category":0,"footnotes":""},"class_list":["post-1726","page","type-page","status-publish","hentry"],"acf":[],"yoast_head":"<!-- This site is optimized with the Yoast SEO plugin v27.5 - https:\/\/yoast.com\/product\/yoast-seo-wordpress\/ -->\n<title>Mentions l\u00e9gales - UBI<\/title>\n<meta name=\"robots\" content=\"noindex, nofollow\" \/>\n<meta property=\"og:locale\" content=\"fr_FR\" \/>\n<meta property=\"og:type\" content=\"article\" \/>\n<meta property=\"og:title\" content=\"Mentions l\u00e9gales - UBI\" \/>\n<meta property=\"og:description\" content=\"Le pr\u00e9sent site internet ubi-business.com est \u00e9dit\u00e9 et exploit\u00e9 par Universal Business Information \u2013 UBI, soci\u00e9t\u00e9 par actions simplifi\u00e9e \u00e0 associ\u00e9 unique \u00e9tablie au 89 rue de la Villette 69003 Lyon au capital de 1000\u20ac. SIRET :\u00a0 83136410400016\u00a0\u00a0 R.C.S. : Lyon 831 364\u00a0104 Num\u00e9ro TVA intracommunautaire : FR0 831364104 Nous sommes joignables au 06 03[...]\" \/>\n<meta property=\"og:url\" content=\"https:\/\/ubi-business.com\/fr\/mentions-legales\/\" \/>\n<meta property=\"og:site_name\" content=\"UBI\" \/>\n<meta property=\"article:modified_time\" content=\"2018-11-21T16:42:17+00:00\" \/>\n<meta name=\"twitter:card\" content=\"summary_large_image\" \/>\n<meta name=\"twitter:label1\" content=\"Dur\u00e9e de lecture estim\u00e9e\" \/>\n\t<meta name=\"twitter:data1\" content=\"3 minutes\" \/>\n<script type=\"application\/ld+json\" class=\"yoast-schema-graph\">{\"@context\":\"https:\\\/\\\/schema.org\",\"@graph\":[{\"@type\":\"WebPage\",\"@id\":\"https:\\\/\\\/ubi-business.com\\\/fr\\\/mentions-legales\\\/\",\"url\":\"https:\\\/\\\/ubi-business.com\\\/fr\\\/mentions-legales\\\/\",\"name\":\"Mentions l\u00e9gales - UBI\",\"isPartOf\":{\"@id\":\"https:\\\/\\\/ubi-business.com\\\/fr\\\/#website\"},\"datePublished\":\"2018-04-20T09:30:15+00:00\",\"dateModified\":\"2018-11-21T16:42:17+00:00\",\"breadcrumb\":{\"@id\":\"https:\\\/\\\/ubi-business.com\\\/fr\\\/mentions-legales\\\/#breadcrumb\"},\"inLanguage\":\"fr-FR\",\"potentialAction\":[{\"@type\":\"ReadAction\",\"target\":[\"https:\\\/\\\/ubi-business.com\\\/fr\\\/mentions-legales\\\/\"]}]},{\"@type\":\"BreadcrumbList\",\"@id\":\"https:\\\/\\\/ubi-business.com\\\/fr\\\/mentions-legales\\\/#breadcrumb\",\"itemListElement\":[{\"@type\":\"ListItem\",\"position\":1,\"name\":\"Accueil\",\"item\":\"https:\\\/\\\/ubi-business.com\\\/fr\\\/\"},{\"@type\":\"ListItem\",\"position\":2,\"name\":\"Mentions l\u00e9gales\"}]},{\"@type\":\"WebSite\",\"@id\":\"https:\\\/\\\/ubi-business.com\\\/fr\\\/#website\",\"url\":\"https:\\\/\\\/ubi-business.com\\\/fr\\\/\",\"name\":\"UBI\",\"description\":\"Universal Business Information\",\"potentialAction\":[{\"@type\":\"SearchAction\",\"target\":{\"@type\":\"EntryPoint\",\"urlTemplate\":\"https:\\\/\\\/ubi-business.com\\\/fr\\\/?s={search_term_string}\"},\"query-input\":{\"@type\":\"PropertyValueSpecification\",\"valueRequired\":true,\"valueName\":\"search_term_string\"}}],\"inLanguage\":\"fr-FR\"}]}<\/script>\n<!-- \/ Yoast SEO plugin. -->","yoast_head_json":{"title":"Mentions l\u00e9gales - UBI","robots":{"index":"noindex","follow":"nofollow"},"og_locale":"fr_FR","og_type":"article","og_title":"Mentions l\u00e9gales - UBI","og_description":"Le pr\u00e9sent site internet ubi-business.com est \u00e9dit\u00e9 et exploit\u00e9 par Universal Business Information \u2013 UBI, soci\u00e9t\u00e9 par actions simplifi\u00e9e \u00e0 associ\u00e9 unique \u00e9tablie au 89 rue de la Villette 69003 Lyon au capital de 1000\u20ac. SIRET :\u00a0 83136410400016\u00a0\u00a0 R.C.S. : Lyon 831 364\u00a0104 Num\u00e9ro TVA intracommunautaire : FR0 831364104 Nous sommes joignables au 06 03[...]","og_url":"https:\/\/ubi-business.com\/fr\/mentions-legales\/","og_site_name":"UBI","article_modified_time":"2018-11-21T16:42:17+00:00","twitter_card":"summary_large_image","twitter_misc":{"Dur\u00e9e de lecture estim\u00e9e":"3 minutes"},"schema":{"@context":"https:\/\/schema.org","@graph":[{"@type":"WebPage","@id":"https:\/\/ubi-business.com\/fr\/mentions-legales\/","url":"https:\/\/ubi-business.com\/fr\/mentions-legales\/","name":"Mentions l\u00e9gales - UBI","isPartOf":{"@id":"https:\/\/ubi-business.com\/fr\/#website"},"datePublished":"2018-04-20T09:30:15+00:00","dateModified":"2018-11-21T16:42:17+00:00","breadcrumb":{"@id":"https:\/\/ubi-business.com\/fr\/mentions-legales\/#breadcrumb"},"inLanguage":"fr-FR","potentialAction":[{"@type":"ReadAction","target":["https:\/\/ubi-business.com\/fr\/mentions-legales\/"]}]},{"@type":"BreadcrumbList","@id":"https:\/\/ubi-business.com\/fr\/mentions-legales\/#breadcrumb","itemListElement":[{"@type":"ListItem","position":1,"name":"Accueil","item":"https:\/\/ubi-business.com\/fr\/"},{"@type":"ListItem","position":2,"name":"Mentions l\u00e9gales"}]},{"@type":"WebSite","@id":"https:\/\/ubi-business.com\/fr\/#website","url":"https:\/\/ubi-business.com\/fr\/","name":"UBI","description":"Universal Business Information","potentialAction":[{"@type":"SearchAction","target":{"@type":"EntryPoint","urlTemplate":"https:\/\/ubi-business.com\/fr\/?s={search_term_string}"},"query-input":{"@type":"PropertyValueSpecification","valueRequired":true,"valueName":"search_term_string"}}],"inLanguage":"fr-FR"}]}},"_links":{"self":[{"href":"https:\/\/ubi-business.com\/fr\/wp-json\/wp\/v2\/pages\/1726","targetHints":{"allow":["GET"]}}],"collection":[{"href":"https:\/\/ubi-business.com\/fr\/wp-json\/wp\/v2\/pages"}],"about":[{"href":"https:\/\/ubi-business.com\/fr\/wp-json\/wp\/v2\/types\/page"}],"author":[{"embeddable":true,"href":"https:\/\/ubi-business.com\/fr\/wp-json\/wp\/v2\/users\/3"}],"replies":[{"embeddable":true,"href":"https:\/\/ubi-business.com\/fr\/wp-json\/wp\/v2\/comments?post=1726"}],"version-history":[{"count":3,"href":"https:\/\/ubi-business.com\/fr\/wp-json\/wp\/v2\/pages\/1726\/revisions"}],"predecessor-version":[{"id":1944,"href":"https:\/\/ubi-business.com\/fr\/wp-json\/wp\/v2\/pages\/1726\/revisions\/1944"}],"wp:attachment":[{"href":"https:\/\/ubi-business.com\/fr\/wp-json\/wp\/v2\/media?parent=1726"}],"curies":[{"name":"wp","href":"https:\/\/api.w.org\/{rel}","templated":true}]}}