{"id":1720,"date":"2018-04-20T08:20:39","date_gmt":"2018-04-20T08:20:39","guid":{"rendered":"https:\/\/ubi.test.malinkee.com\/?page_id=1720"},"modified":"2018-12-05T10:36:17","modified_gmt":"2018-12-05T10:36:17","slug":"conferences","status":"publish","type":"page","link":"https:\/\/ubi-business.com\/fr\/formations-conferences\/conferences\/","title":{"rendered":"Conf\u00e9rences"},"content":{"rendered":"<p>[vc_row gap=\u00a0\u00bb30&Prime; equal_height=\u00a0\u00bbyes\u00a0\u00bb content_placement=\u00a0\u00bbmiddle\u00a0\u00bb overlay_dotted=\u00a0\u00bb\u00a0\u00bb][vc_column width=\u00a0\u00bb2\/3&Prime;][vc_column_text]<\/p>\n<h2>Une d\u00e9marche d\u2019Intelligence \u00e9conomique dans votre entreprise<\/h2>\n<p>Nos conf\u00e9rences sont un <strong>outil pr\u00e9cieux de sensibilisation des \u00e9quipes et des managers<\/strong> \u00e0 des sujets strat\u00e9giques comme la protection des affaires. Elles contiennent des pr\u00e9conisations facilement applicables.<\/p>\n<p>Nos experts en business et communication interviennent devant vos \u00e9quipes commerciales ou techniques pour d\u00e9voiler des techniques originales et \u00e9prouv\u00e9es afin de se d\u00e9marquer et d\u2019<strong>am\u00e9liorer son efficacit\u00e9 commerciale<\/strong>.[\/vc_column_text][\/vc_column][vc_column width=\u00a0\u00bb1\/3&Prime;][vc_single_image image=\u00a0\u00bb2065&Prime; img_size=\u00a0\u00bbmedium\u00a0\u00bb alignment=\u00a0\u00bbcenter\u00a0\u00bb][\/vc_column][\/vc_row][vc_row][vc_column][vc_separator color=\u00a0\u00bborange\u00a0\u00bb el_width=\u00a0\u00bb80&Prime; css=\u00a0\u00bb.vc_custom_1542981130457{margin-top: 15px !important;margin-bottom: 50px !important;}\u00a0\u00bb][\/vc_column][\/vc_row][vc_row][vc_column width=\u00a0\u00bb1\/2&Prime;][vc_column_text css=\u00a0\u00bb.vc_custom_1542983603807{margin-bottom: 10px !important;}\u00a0\u00bb]<\/p>\n<h2>Intelligence \u00c9conomique<\/h2>\n<h3>Prot\u00e9ger ses secrets<\/h3>\n<p>[\/vc_column_text]<ul class=\"list-one  krth-list-69f9c76da4ebf\"><li>Le secret des affaires<\/li><li>L\u2019anticipation<\/li><li>La culture de l\u2019ignorance<\/li><li>Les diff\u00e9rentes formes de veille<\/li><li>Les risques de l\u2019entreprise<\/li><li>Mise en place d\u2019une d\u00e9marche dans l\u2019entreprise<\/li><\/ul>[\/vc_column][vc_column width=\u00a0\u00bb1\/2&Prime;][vc_column_text]<\/p>\n<h2>Techniques de communication<\/h2>\n<h3>Faire du business et n\u00e9gocier<\/h3>\n<p>[\/vc_column_text]<ul class=\"list-one  krth-list-69f9c76da4f24\"><li>Identification et d\u00e9finition des 3 piliers<\/li><li>Les difficult\u00e9s de la communication<\/li><li>Les techniques de base par la d\u00e9monstration<\/li><li>Les techniques \u00e9volu\u00e9es<\/li><li>Les exemples concrets de mise en pratique<\/li><\/ul>[\/vc_column][\/vc_row][vc_row][vc_column][vc_column_text]<\/p>\n<h2>Mental Training<\/h2>\n<h3>Concentration et am\u00e9lioration de la performance<\/h3>\n<p>[\/vc_column_text][\/vc_column][\/vc_row]<\/p>\n","protected":false},"excerpt":{"rendered":"[vc_row gap=\u00a0\u00bb30&Prime; equal_height=\u00a0\u00bbyes\u00a0\u00bb content_placement=\u00a0\u00bbmiddle\u00a0\u00bb overlay_dotted=\u00a0\u00bb\u00a0\u00bb][vc_column width=\u00a0\u00bb2\/3&Prime;][vc_column_text] Une d\u00e9marche d\u2019Intelligence \u00e9conomique dans votre entreprise Nos conf\u00e9rences sont un outil pr\u00e9cieux de sensibilisation des \u00e9quipes et des managers \u00e0 des sujets strat\u00e9giques comme la protection des affaires. Elles contiennent des pr\u00e9conisations facilement applicables. Nos experts en business et communication interviennent devant vos \u00e9quipes commerciales ou techniques pour[&#8230;]","protected":false},"author":3,"featured_media":2065,"parent":1714,"menu_order":0,"comment_status":"closed","ping_status":"closed","template":"","meta":{"_acf_changed":false,"_exactmetrics_skip_tracking":false,"_exactmetrics_sitenote_active":false,"_exactmetrics_sitenote_note":"","_exactmetrics_sitenote_category":0,"footnotes":""},"class_list":["post-1720","page","type-page","status-publish","has-post-thumbnail","hentry"],"acf":[],"yoast_head":"<!-- This site is optimized with the Yoast SEO plugin v27.5 - https:\/\/yoast.com\/product\/yoast-seo-wordpress\/ -->\n<title>Nos conf\u00e9rences business et protection des affaires - UBI<\/title>\n<meta name=\"description\" content=\"Conf\u00e9rences en d\u00e9veloppement et protection du business, n\u00e9gociation, technique de communication, am\u00e9lioration de la performance par des experts.\" \/>\n<meta name=\"robots\" content=\"index, follow, max-snippet:-1, max-image-preview:large, max-video-preview:-1\" \/>\n<link rel=\"canonical\" href=\"https:\/\/ubi-business.com\/fr\/formations-conferences\/conferences\/\" \/>\n<meta property=\"og:locale\" content=\"fr_FR\" \/>\n<meta property=\"og:type\" content=\"article\" \/>\n<meta property=\"og:title\" content=\"Nos conf\u00e9rences business et protection des affaires - UBI\" \/>\n<meta property=\"og:description\" content=\"Conf\u00e9rences en d\u00e9veloppement et protection du business, n\u00e9gociation, technique de communication, am\u00e9lioration de la performance par des experts.\" \/>\n<meta property=\"og:url\" content=\"https:\/\/ubi-business.com\/fr\/formations-conferences\/conferences\/\" \/>\n<meta property=\"og:site_name\" content=\"UBI\" \/>\n<meta property=\"article:modified_time\" content=\"2018-12-05T10:36:17+00:00\" \/>\n<meta property=\"og:image\" content=\"https:\/\/ubi-business.com\/wp-content\/uploads\/2018\/11\/conferences.jpg\" \/>\n\t<meta property=\"og:image:width\" content=\"1000\" \/>\n\t<meta property=\"og:image:height\" content=\"614\" \/>\n\t<meta property=\"og:image:type\" content=\"image\/jpeg\" \/>\n<meta name=\"twitter:card\" content=\"summary_large_image\" \/>\n<meta name=\"twitter:label1\" content=\"Dur\u00e9e de lecture estim\u00e9e\" \/>\n\t<meta name=\"twitter:data1\" content=\"3 minutes\" \/>\n<script type=\"application\/ld+json\" class=\"yoast-schema-graph\">{\"@context\":\"https:\\\/\\\/schema.org\",\"@graph\":[{\"@type\":\"WebPage\",\"@id\":\"https:\\\/\\\/ubi-business.com\\\/fr\\\/formations-conferences\\\/conferences\\\/\",\"url\":\"https:\\\/\\\/ubi-business.com\\\/fr\\\/formations-conferences\\\/conferences\\\/\",\"name\":\"Nos conf\u00e9rences business et protection des affaires - UBI\",\"isPartOf\":{\"@id\":\"https:\\\/\\\/ubi-business.com\\\/fr\\\/#website\"},\"primaryImageOfPage\":{\"@id\":\"https:\\\/\\\/ubi-business.com\\\/fr\\\/formations-conferences\\\/conferences\\\/#primaryimage\"},\"image\":{\"@id\":\"https:\\\/\\\/ubi-business.com\\\/fr\\\/formations-conferences\\\/conferences\\\/#primaryimage\"},\"thumbnailUrl\":\"https:\\\/\\\/ubi-business.com\\\/wp-content\\\/uploads\\\/2018\\\/11\\\/conferences.jpg\",\"datePublished\":\"2018-04-20T08:20:39+00:00\",\"dateModified\":\"2018-12-05T10:36:17+00:00\",\"description\":\"Conf\u00e9rences en d\u00e9veloppement et protection du business, n\u00e9gociation, technique de communication, am\u00e9lioration de la performance par des experts.\",\"breadcrumb\":{\"@id\":\"https:\\\/\\\/ubi-business.com\\\/fr\\\/formations-conferences\\\/conferences\\\/#breadcrumb\"},\"inLanguage\":\"fr-FR\",\"potentialAction\":[{\"@type\":\"ReadAction\",\"target\":[\"https:\\\/\\\/ubi-business.com\\\/fr\\\/formations-conferences\\\/conferences\\\/\"]}]},{\"@type\":\"ImageObject\",\"inLanguage\":\"fr-FR\",\"@id\":\"https:\\\/\\\/ubi-business.com\\\/fr\\\/formations-conferences\\\/conferences\\\/#primaryimage\",\"url\":\"https:\\\/\\\/ubi-business.com\\\/wp-content\\\/uploads\\\/2018\\\/11\\\/conferences.jpg\",\"contentUrl\":\"https:\\\/\\\/ubi-business.com\\\/wp-content\\\/uploads\\\/2018\\\/11\\\/conferences.jpg\",\"width\":1000,\"height\":614,\"caption\":\"Conf\u00e9rences en d\u00e9veloppement et protection du business, n\u00e9gociation, technique de communication, am\u00e9lioration de la performance par des experts.\"},{\"@type\":\"BreadcrumbList\",\"@id\":\"https:\\\/\\\/ubi-business.com\\\/fr\\\/formations-conferences\\\/conferences\\\/#breadcrumb\",\"itemListElement\":[{\"@type\":\"ListItem\",\"position\":1,\"name\":\"Accueil\",\"item\":\"https:\\\/\\\/ubi-business.com\\\/fr\\\/\"},{\"@type\":\"ListItem\",\"position\":2,\"name\":\"Formations et conf\u00e9rences\",\"item\":\"https:\\\/\\\/ubi-business.com\\\/fr\\\/formations-conferences\\\/\"},{\"@type\":\"ListItem\",\"position\":3,\"name\":\"Conf\u00e9rences\"}]},{\"@type\":\"WebSite\",\"@id\":\"https:\\\/\\\/ubi-business.com\\\/fr\\\/#website\",\"url\":\"https:\\\/\\\/ubi-business.com\\\/fr\\\/\",\"name\":\"UBI\",\"description\":\"Universal Business Information\",\"potentialAction\":[{\"@type\":\"SearchAction\",\"target\":{\"@type\":\"EntryPoint\",\"urlTemplate\":\"https:\\\/\\\/ubi-business.com\\\/fr\\\/?s={search_term_string}\"},\"query-input\":{\"@type\":\"PropertyValueSpecification\",\"valueRequired\":true,\"valueName\":\"search_term_string\"}}],\"inLanguage\":\"fr-FR\"}]}<\/script>\n<!-- \/ Yoast SEO plugin. -->","yoast_head_json":{"title":"Nos conf\u00e9rences business et protection des affaires - UBI","description":"Conf\u00e9rences en d\u00e9veloppement et protection du business, n\u00e9gociation, technique de communication, am\u00e9lioration de la performance par des experts.","robots":{"index":"index","follow":"follow","max-snippet":"max-snippet:-1","max-image-preview":"max-image-preview:large","max-video-preview":"max-video-preview:-1"},"canonical":"https:\/\/ubi-business.com\/fr\/formations-conferences\/conferences\/","og_locale":"fr_FR","og_type":"article","og_title":"Nos conf\u00e9rences business et protection des affaires - UBI","og_description":"Conf\u00e9rences en d\u00e9veloppement et protection du business, n\u00e9gociation, technique de communication, am\u00e9lioration de la performance par des experts.","og_url":"https:\/\/ubi-business.com\/fr\/formations-conferences\/conferences\/","og_site_name":"UBI","article_modified_time":"2018-12-05T10:36:17+00:00","og_image":[{"width":1000,"height":614,"url":"https:\/\/ubi-business.com\/wp-content\/uploads\/2018\/11\/conferences.jpg","type":"image\/jpeg"}],"twitter_card":"summary_large_image","twitter_misc":{"Dur\u00e9e de lecture estim\u00e9e":"3 minutes"},"schema":{"@context":"https:\/\/schema.org","@graph":[{"@type":"WebPage","@id":"https:\/\/ubi-business.com\/fr\/formations-conferences\/conferences\/","url":"https:\/\/ubi-business.com\/fr\/formations-conferences\/conferences\/","name":"Nos conf\u00e9rences business et protection des affaires - UBI","isPartOf":{"@id":"https:\/\/ubi-business.com\/fr\/#website"},"primaryImageOfPage":{"@id":"https:\/\/ubi-business.com\/fr\/formations-conferences\/conferences\/#primaryimage"},"image":{"@id":"https:\/\/ubi-business.com\/fr\/formations-conferences\/conferences\/#primaryimage"},"thumbnailUrl":"https:\/\/ubi-business.com\/wp-content\/uploads\/2018\/11\/conferences.jpg","datePublished":"2018-04-20T08:20:39+00:00","dateModified":"2018-12-05T10:36:17+00:00","description":"Conf\u00e9rences en d\u00e9veloppement et protection du business, n\u00e9gociation, technique de communication, am\u00e9lioration de la performance par des experts.","breadcrumb":{"@id":"https:\/\/ubi-business.com\/fr\/formations-conferences\/conferences\/#breadcrumb"},"inLanguage":"fr-FR","potentialAction":[{"@type":"ReadAction","target":["https:\/\/ubi-business.com\/fr\/formations-conferences\/conferences\/"]}]},{"@type":"ImageObject","inLanguage":"fr-FR","@id":"https:\/\/ubi-business.com\/fr\/formations-conferences\/conferences\/#primaryimage","url":"https:\/\/ubi-business.com\/wp-content\/uploads\/2018\/11\/conferences.jpg","contentUrl":"https:\/\/ubi-business.com\/wp-content\/uploads\/2018\/11\/conferences.jpg","width":1000,"height":614,"caption":"Conf\u00e9rences en d\u00e9veloppement et protection du business, n\u00e9gociation, technique de communication, am\u00e9lioration de la performance par des experts."},{"@type":"BreadcrumbList","@id":"https:\/\/ubi-business.com\/fr\/formations-conferences\/conferences\/#breadcrumb","itemListElement":[{"@type":"ListItem","position":1,"name":"Accueil","item":"https:\/\/ubi-business.com\/fr\/"},{"@type":"ListItem","position":2,"name":"Formations et conf\u00e9rences","item":"https:\/\/ubi-business.com\/fr\/formations-conferences\/"},{"@type":"ListItem","position":3,"name":"Conf\u00e9rences"}]},{"@type":"WebSite","@id":"https:\/\/ubi-business.com\/fr\/#website","url":"https:\/\/ubi-business.com\/fr\/","name":"UBI","description":"Universal Business Information","potentialAction":[{"@type":"SearchAction","target":{"@type":"EntryPoint","urlTemplate":"https:\/\/ubi-business.com\/fr\/?s={search_term_string}"},"query-input":{"@type":"PropertyValueSpecification","valueRequired":true,"valueName":"search_term_string"}}],"inLanguage":"fr-FR"}]}},"_links":{"self":[{"href":"https:\/\/ubi-business.com\/fr\/wp-json\/wp\/v2\/pages\/1720","targetHints":{"allow":["GET"]}}],"collection":[{"href":"https:\/\/ubi-business.com\/fr\/wp-json\/wp\/v2\/pages"}],"about":[{"href":"https:\/\/ubi-business.com\/fr\/wp-json\/wp\/v2\/types\/page"}],"author":[{"embeddable":true,"href":"https:\/\/ubi-business.com\/fr\/wp-json\/wp\/v2\/users\/3"}],"replies":[{"embeddable":true,"href":"https:\/\/ubi-business.com\/fr\/wp-json\/wp\/v2\/comments?post=1720"}],"version-history":[{"count":12,"href":"https:\/\/ubi-business.com\/fr\/wp-json\/wp\/v2\/pages\/1720\/revisions"}],"predecessor-version":[{"id":2128,"href":"https:\/\/ubi-business.com\/fr\/wp-json\/wp\/v2\/pages\/1720\/revisions\/2128"}],"up":[{"embeddable":true,"href":"https:\/\/ubi-business.com\/fr\/wp-json\/wp\/v2\/pages\/1714"}],"wp:featuredmedia":[{"embeddable":true,"href":"https:\/\/ubi-business.com\/fr\/wp-json\/wp\/v2\/media\/2065"}],"wp:attachment":[{"href":"https:\/\/ubi-business.com\/fr\/wp-json\/wp\/v2\/media?parent=1720"}],"curies":[{"name":"wp","href":"https:\/\/api.w.org\/{rel}","templated":true}]}}