{"id":1710,"date":"2018-04-20T08:07:55","date_gmt":"2018-04-20T08:07:55","guid":{"rendered":"https:\/\/ubi.test.malinkee.com\/?page_id=1710"},"modified":"2018-11-23T14:28:37","modified_gmt":"2018-11-23T14:28:37","slug":"etudes-strategiques","status":"publish","type":"page","link":"https:\/\/ubi-business.com\/fr\/etudes-strategiques\/","title":{"rendered":"\u00c9tudes strat\u00e9giques"},"content":{"rendered":"<p>[vc_row content_placement=\u00a0\u00bbmiddle\u00a0\u00bb overlay_dotted=\u00a0\u00bb\u00a0\u00bb][vc_column width=\u00a0\u00bb2\/3&Prime;][vc_column_text css=\u00a0\u00bb.vc_custom_1542710263789{margin-bottom: 10px !important;}\u00a0\u00bb]<\/p>\n<h2>Du renseignement \u00e0 l\u2019Intelligence commerciale<\/h2>\n<p><strong>Le renseignement commercial<\/strong>, outil incontournable dans la gestion du risque client et fournisseur, devient strat\u00e9gique, et met \u00e0 votre service ses r\u00e9seaux et ses techniques pour r\u00e9pondre \u00e0 des probl\u00e9matiques de croissance et s\u00e9curisation du business\u00a0:[\/vc_column_text]<ul class=\"list-one  krth-list-69f40f60e8d25\"><li>Nous comprenons votre m\u00e9tier<\/li><li>Nous analysons vos probl\u00e9matiques<\/li><li>Nous sommes force de proposition<\/li><\/ul>[\/vc_column][vc_column width=\u00a0\u00bb1\/3&Prime;][vc_single_image image=\u00a0\u00bb1886&Prime; img_size=\u00a0\u00bbmedium\u00a0\u00bb alignment=\u00a0\u00bbcenter\u00a0\u00bb][\/vc_column][\/vc_row][vc_row gap=\u00a0\u00bb30&Prime; css_animation=\u00a0\u00bbnone\u00a0\u00bb overlay_dotted=\u00a0\u00bb\u00a0\u00bb css=\u00a0\u00bb.vc_custom_1542901045364{padding-top: 20px !important;padding-right: 20px !important;padding-left: 20px !important;}\u00a0\u00bb][vc_column css_animation=\u00a0\u00bbnone\u00a0\u00bb width=\u00a0\u00bb1\/2&Prime; css=\u00a0\u00bb.vc_custom_1542901298122{border-top-width: 1px !important;border-right-width: 1px !important;border-bottom-width: 1px !important;border-left-width: 1px !important;padding-bottom: 15px !important;border-left-color: #dddddd !important;border-left-style: solid !important;border-right-color: #dddddd !important;border-right-style: solid !important;border-top-color: #dddddd !important;border-top-style: solid !important;border-bottom-color: #dddddd !important;border-bottom-style: solid !important;}\u00a0\u00bb][vc_column_text css=\u00a0\u00bb.vc_custom_1542804740292{margin-bottom: 15px !important;}\u00a0\u00bb]<\/p>\n<div style=\"max-width: 350px; margin: auto;\">\n<p style=\"text-align: center;\"><strong>Nos \u00e9tudes dressent des constats,<\/strong> r\u00e9pondent \u00e0 des interrogations et formulent des pr\u00e9conisations.<\/p>\n<\/div>\n<p>[\/vc_column_text][vc_btn title=\u00a0\u00bbD\u00e9velopper mon business\u00a0\u00bb color=\u00a0\u00bbwarning\u00a0\u00bb size=\u00a0\u00bbsm\u00a0\u00bb align=\u00a0\u00bbcenter\u00a0\u00bb css_animation=\u00a0\u00bbfadeInUp\u00a0\u00bb link=\u00a0\u00bburl:https%3A%2F%2Fubi-business.com%2Ffr%2Fetudes-strategiques%2Fdeveloppement-business%2F|||\u00a0\u00bb][\/vc_column][vc_column width=\u00a0\u00bb1\/2&Prime; css=\u00a0\u00bb.vc_custom_1542805419354{border-top-width: 1px !important;border-right-width: 1px !important;border-bottom-width: 1px !important;border-left-width: 1px !important;padding-bottom: 15px !important;border-left-color: #dddddd !important;border-left-style: solid !important;border-right-color: #dddddd !important;border-right-style: solid !important;border-top-color: #dddddd !important;border-top-style: solid !important;border-bottom-color: #dddddd !important;border-bottom-style: solid !important;}\u00a0\u00bb][vc_column_text css=\u00a0\u00bb.vc_custom_1542804755808{margin-bottom: 15px !important;}\u00a0\u00bb]<\/p>\n<div style=\"max-width: 350px; margin: auto;\">\n<p style=\"text-align: center;\"><strong>Nos profils strat\u00e9giques surveillent<\/strong>\u00a0votre environnement industriel et commercial.<\/p>\n<\/div>\n<p>[\/vc_column_text][vc_btn title=\u00a0\u00bbSurveiller le march\u00e9\u00a0\u00bb color=\u00a0\u00bbwarning\u00a0\u00bb size=\u00a0\u00bbsm\u00a0\u00bb align=\u00a0\u00bbcenter\u00a0\u00bb css_animation=\u00a0\u00bbfadeInUp\u00a0\u00bb link=\u00a0\u00bburl:https%3A%2F%2Fubi-business.com%2Ffr%2Fetudes-strategiques%2Fsurveillance-marche%2F|||\u00a0\u00bb][\/vc_column][\/vc_row][vc_row][vc_column][vc_separator color=\u00a0\u00bborange\u00a0\u00bb el_width=\u00a0\u00bb80&Prime; css=\u00a0\u00bb.vc_custom_1542194250102{margin-top: 50px !important;margin-bottom: 50px !important;}\u00a0\u00bb][\/vc_column][\/vc_row][vc_row equal_height=\u00a0\u00bbyes\u00a0\u00bb content_placement=\u00a0\u00bbmiddle\u00a0\u00bb overlay_dotted=\u00a0\u00bb\u00a0\u00bb][vc_column width=\u00a0\u00bb2\/3&Prime;][vc_column_text css=\u00a0\u00bb.vc_custom_1542191145789{margin-bottom: 10px !important;}\u00a0\u00bb]<\/p>\n<h2>Des r\u00e9ponses \u00e0 la hauteur de vos enjeux<\/h2>\n<p>[\/vc_column_text]<ul class=\"list-one  krth-list-69f40f60e8d81\"><li>Des \u00e9tudes pour gagner des parts de march\u00e9<\/li><li><\/li><li>Des informations probantes et analys\u00e9es pour prot\u00e9ger vos affaires\n\n<\/li><\/ul>[vc_column_text]Nous \u00e9laborons <strong>des devis et cahiers des charge uniques et sur mesure<\/strong>, nous garantissons la confidentialit\u00e9 des \u00e9changes et restituons des \u00e9tudes conformes aux attentes et dans les d\u00e9lais impartis.[\/vc_column_text][\/vc_column][vc_column width=\u00a0\u00bb1\/3&Prime;][vc_single_image image=\u00a0\u00bb2038&Prime; img_size=\u00a0\u00bbmedium\u00a0\u00bb alignment=\u00a0\u00bbcenter\u00a0\u00bb][\/vc_column][\/vc_row][vc_row gap=\u00a0\u00bb30&Prime; css_animation=\u00a0\u00bbnone\u00a0\u00bb overlay_dotted=\u00a0\u00bb\u00a0\u00bb css=\u00a0\u00bb.vc_custom_1542901375766{padding-top: 20px !important;padding-right: 20px !important;padding-left: 20px !important;}\u00a0\u00bb][vc_column width=\u00a0\u00bb1\/2&Prime; css=\u00a0\u00bb.vc_custom_1542805409432{border-top-width: 1px !important;border-right-width: 1px !important;border-bottom-width: 1px !important;border-left-width: 1px !important;padding-bottom: 15px !important;border-left-color: #dddddd !important;border-left-style: solid !important;border-right-color: #dddddd !important;border-right-style: solid !important;border-top-color: #dddddd !important;border-top-style: solid !important;border-bottom-color: #dddddd !important;border-bottom-style: solid !important;}\u00a0\u00bb][vc_column_text css=\u00a0\u00bb.vc_custom_1542805612345{margin-bottom: 15px !important;}\u00a0\u00bb]<\/p>\n<div style=\"max-width: 350px; margin: auto;\">\n<p style=\"text-align: center;\"><strong>Recherche d\u2019informations commerciales et financi\u00e8res<\/strong>, dans un strict cadre d\u00e9ontologique.<\/p>\n<\/div>\n<p>[\/vc_column_text][vc_btn title=\u00a0\u00bbProt\u00e9ger mon entreprise\u00a0\u00bb color=\u00a0\u00bbwarning\u00a0\u00bb size=\u00a0\u00bbsm\u00a0\u00bb align=\u00a0\u00bbcenter\u00a0\u00bb css_animation=\u00a0\u00bbfadeInUp\u00a0\u00bb link=\u00a0\u00bburl:https%3A%2F%2Fubi-business.com%2Ffr%2Fetudes-strategiques%2Fprotection-du-business%2F|||\u00a0\u00bb][\/vc_column][vc_column width=\u00a0\u00bb1\/2&Prime; css=\u00a0\u00bb.vc_custom_1542805419354{border-top-width: 1px !important;border-right-width: 1px !important;border-bottom-width: 1px !important;border-left-width: 1px !important;padding-bottom: 15px !important;border-left-color: #dddddd !important;border-left-style: solid !important;border-right-color: #dddddd !important;border-right-style: solid !important;border-top-color: #dddddd !important;border-top-style: solid !important;border-bottom-color: #dddddd !important;border-bottom-style: solid !important;}\u00a0\u00bb][vc_column_text css=\u00a0\u00bb.vc_custom_1542805601579{margin-bottom: 15px !important;}\u00a0\u00bb]<\/p>\n<div style=\"max-width: 350px; margin: auto;\">\n<p style=\"text-align: center;\"><strong>L\u2019optimisation de l\u2019affluence et du retour sur investissement<\/strong> est au c\u0153ur des probl\u00e9matiques.<\/p>\n<\/div>\n<p>[\/vc_column_text][vc_btn title=\u00a0\u00bbR\u00e9ussir mon \u00e9v\u00e9nement\u00a0\u00bb color=\u00a0\u00bbwarning\u00a0\u00bb size=\u00a0\u00bbsm\u00a0\u00bb align=\u00a0\u00bbcenter\u00a0\u00bb css_animation=\u00a0\u00bbfadeInUp\u00a0\u00bb link=\u00a0\u00bburl:https%3A%2F%2Fubi-business.com%2Ffr%2Fetudes-strategiques%2Fspecial-evenementiel%2F|||\u00a0\u00bb][\/vc_column][\/vc_row][vc_row][vc_column][vc_column_text]<\/p>\n<p>[\/vc_column_text][\/vc_column][\/vc_row]<\/p>\n","protected":false},"excerpt":{"rendered":"[vc_row content_placement=\u00a0\u00bbmiddle\u00a0\u00bb overlay_dotted=\u00a0\u00bb\u00a0\u00bb][vc_column width=\u00a0\u00bb2\/3&Prime;][vc_column_text css=\u00a0\u00bb.vc_custom_1542710263789{margin-bottom: 10px !important;}\u00a0\u00bb] Du renseignement \u00e0 l\u2019Intelligence commerciale Le renseignement commercial, outil incontournable dans la gestion du risque client et fournisseur, devient strat\u00e9gique, et met \u00e0 votre service ses r\u00e9seaux et ses techniques pour r\u00e9pondre \u00e0 des probl\u00e9matiques de croissance et s\u00e9curisation du business\u00a0:[\/vc_column_text][\/vc_column][vc_column width=\u00a0\u00bb1\/3&Prime;][vc_single_image image=\u00a0\u00bb1886&Prime; img_size=\u00a0\u00bbmedium\u00a0\u00bb alignment=\u00a0\u00bbcenter\u00a0\u00bb][\/vc_column][\/vc_row][vc_row gap=\u00a0\u00bb30&Prime; css_animation=\u00a0\u00bbnone\u00a0\u00bb overlay_dotted=\u00a0\u00bb\u00a0\u00bb[&#8230;]","protected":false},"author":3,"featured_media":1886,"parent":0,"menu_order":0,"comment_status":"closed","ping_status":"closed","template":"","meta":{"_acf_changed":false,"_exactmetrics_skip_tracking":false,"_exactmetrics_sitenote_active":false,"_exactmetrics_sitenote_note":"","_exactmetrics_sitenote_category":0,"footnotes":""},"class_list":["post-1710","page","type-page","status-publish","has-post-thumbnail","hentry"],"acf":[],"yoast_head":"<!-- This site is optimized with the Yoast SEO plugin v27.5 - https:\/\/yoast.com\/product\/yoast-seo-wordpress\/ -->\n<title>Des \u00e9tudes strat\u00e9giques pour le d\u00e9veloppement de votre entreprise - UBI<\/title>\n<meta name=\"description\" content=\"Le renseignement commercial met \u00e0 votre service ses r\u00e9seaux et ses techniques pour r\u00e9pondre \u00e0 des probl\u00e9matiques de croissance et s\u00e9curisation du business.\" \/>\n<meta name=\"robots\" content=\"index, follow, max-snippet:-1, max-image-preview:large, max-video-preview:-1\" \/>\n<link rel=\"canonical\" href=\"https:\/\/ubi-business.com\/fr\/etudes-strategiques\/\" \/>\n<meta property=\"og:locale\" content=\"fr_FR\" \/>\n<meta property=\"og:type\" content=\"article\" \/>\n<meta property=\"og:title\" content=\"Des \u00e9tudes strat\u00e9giques pour le d\u00e9veloppement de votre entreprise - UBI\" \/>\n<meta property=\"og:description\" content=\"Le renseignement commercial met \u00e0 votre service ses r\u00e9seaux et ses techniques pour r\u00e9pondre \u00e0 des probl\u00e9matiques de croissance et s\u00e9curisation du business.\" \/>\n<meta property=\"og:url\" content=\"https:\/\/ubi-business.com\/fr\/etudes-strategiques\/\" \/>\n<meta property=\"og:site_name\" content=\"UBI\" \/>\n<meta property=\"article:modified_time\" content=\"2018-11-23T14:28:37+00:00\" \/>\n<meta property=\"og:image\" content=\"https:\/\/ubi-business.com\/wp-content\/uploads\/2018\/09\/etudes-strategiques.jpg\" \/>\n\t<meta property=\"og:image:width\" content=\"1000\" \/>\n\t<meta property=\"og:image:height\" content=\"614\" \/>\n\t<meta property=\"og:image:type\" content=\"image\/jpeg\" \/>\n<meta name=\"twitter:card\" content=\"summary_large_image\" \/>\n<meta name=\"twitter:label1\" content=\"Dur\u00e9e de lecture estim\u00e9e\" \/>\n\t<meta name=\"twitter:data1\" content=\"4 minutes\" \/>\n<script type=\"application\/ld+json\" class=\"yoast-schema-graph\">{\"@context\":\"https:\\\/\\\/schema.org\",\"@graph\":[{\"@type\":\"WebPage\",\"@id\":\"https:\\\/\\\/ubi-business.com\\\/fr\\\/etudes-strategiques\\\/\",\"url\":\"https:\\\/\\\/ubi-business.com\\\/fr\\\/etudes-strategiques\\\/\",\"name\":\"Des \u00e9tudes strat\u00e9giques pour le d\u00e9veloppement de votre entreprise - UBI\",\"isPartOf\":{\"@id\":\"https:\\\/\\\/ubi-business.com\\\/fr\\\/#website\"},\"primaryImageOfPage\":{\"@id\":\"https:\\\/\\\/ubi-business.com\\\/fr\\\/etudes-strategiques\\\/#primaryimage\"},\"image\":{\"@id\":\"https:\\\/\\\/ubi-business.com\\\/fr\\\/etudes-strategiques\\\/#primaryimage\"},\"thumbnailUrl\":\"https:\\\/\\\/ubi-business.com\\\/wp-content\\\/uploads\\\/2018\\\/09\\\/etudes-strategiques.jpg\",\"datePublished\":\"2018-04-20T08:07:55+00:00\",\"dateModified\":\"2018-11-23T14:28:37+00:00\",\"description\":\"Le renseignement commercial met \u00e0 votre service ses r\u00e9seaux et ses techniques pour r\u00e9pondre \u00e0 des probl\u00e9matiques de croissance et s\u00e9curisation du business.\",\"breadcrumb\":{\"@id\":\"https:\\\/\\\/ubi-business.com\\\/fr\\\/etudes-strategiques\\\/#breadcrumb\"},\"inLanguage\":\"fr-FR\",\"potentialAction\":[{\"@type\":\"ReadAction\",\"target\":[\"https:\\\/\\\/ubi-business.com\\\/fr\\\/etudes-strategiques\\\/\"]}]},{\"@type\":\"ImageObject\",\"inLanguage\":\"fr-FR\",\"@id\":\"https:\\\/\\\/ubi-business.com\\\/fr\\\/etudes-strategiques\\\/#primaryimage\",\"url\":\"https:\\\/\\\/ubi-business.com\\\/wp-content\\\/uploads\\\/2018\\\/09\\\/etudes-strategiques.jpg\",\"contentUrl\":\"https:\\\/\\\/ubi-business.com\\\/wp-content\\\/uploads\\\/2018\\\/09\\\/etudes-strategiques.jpg\",\"width\":1000,\"height\":614,\"caption\":\"Le renseignement commercial met \u00e0 votre service ses r\u00e9seaux et ses techniques pour r\u00e9pondre \u00e0 des probl\u00e9matiques de croissance et s\u00e9curisation du business.\"},{\"@type\":\"BreadcrumbList\",\"@id\":\"https:\\\/\\\/ubi-business.com\\\/fr\\\/etudes-strategiques\\\/#breadcrumb\",\"itemListElement\":[{\"@type\":\"ListItem\",\"position\":1,\"name\":\"Accueil\",\"item\":\"https:\\\/\\\/ubi-business.com\\\/fr\\\/\"},{\"@type\":\"ListItem\",\"position\":2,\"name\":\"\u00c9tudes strat\u00e9giques\"}]},{\"@type\":\"WebSite\",\"@id\":\"https:\\\/\\\/ubi-business.com\\\/fr\\\/#website\",\"url\":\"https:\\\/\\\/ubi-business.com\\\/fr\\\/\",\"name\":\"UBI\",\"description\":\"Universal Business Information\",\"potentialAction\":[{\"@type\":\"SearchAction\",\"target\":{\"@type\":\"EntryPoint\",\"urlTemplate\":\"https:\\\/\\\/ubi-business.com\\\/fr\\\/?s={search_term_string}\"},\"query-input\":{\"@type\":\"PropertyValueSpecification\",\"valueRequired\":true,\"valueName\":\"search_term_string\"}}],\"inLanguage\":\"fr-FR\"}]}<\/script>\n<!-- \/ Yoast SEO plugin. -->","yoast_head_json":{"title":"Des \u00e9tudes strat\u00e9giques pour le d\u00e9veloppement de votre entreprise - UBI","description":"Le renseignement commercial met \u00e0 votre service ses r\u00e9seaux et ses techniques pour r\u00e9pondre \u00e0 des probl\u00e9matiques de croissance et s\u00e9curisation du business.","robots":{"index":"index","follow":"follow","max-snippet":"max-snippet:-1","max-image-preview":"max-image-preview:large","max-video-preview":"max-video-preview:-1"},"canonical":"https:\/\/ubi-business.com\/fr\/etudes-strategiques\/","og_locale":"fr_FR","og_type":"article","og_title":"Des \u00e9tudes strat\u00e9giques pour le d\u00e9veloppement de votre entreprise - UBI","og_description":"Le renseignement commercial met \u00e0 votre service ses r\u00e9seaux et ses techniques pour r\u00e9pondre \u00e0 des probl\u00e9matiques de croissance et s\u00e9curisation du business.","og_url":"https:\/\/ubi-business.com\/fr\/etudes-strategiques\/","og_site_name":"UBI","article_modified_time":"2018-11-23T14:28:37+00:00","og_image":[{"width":1000,"height":614,"url":"https:\/\/ubi-business.com\/wp-content\/uploads\/2018\/09\/etudes-strategiques.jpg","type":"image\/jpeg"}],"twitter_card":"summary_large_image","twitter_misc":{"Dur\u00e9e de lecture estim\u00e9e":"4 minutes"},"schema":{"@context":"https:\/\/schema.org","@graph":[{"@type":"WebPage","@id":"https:\/\/ubi-business.com\/fr\/etudes-strategiques\/","url":"https:\/\/ubi-business.com\/fr\/etudes-strategiques\/","name":"Des \u00e9tudes strat\u00e9giques pour le d\u00e9veloppement de votre entreprise - UBI","isPartOf":{"@id":"https:\/\/ubi-business.com\/fr\/#website"},"primaryImageOfPage":{"@id":"https:\/\/ubi-business.com\/fr\/etudes-strategiques\/#primaryimage"},"image":{"@id":"https:\/\/ubi-business.com\/fr\/etudes-strategiques\/#primaryimage"},"thumbnailUrl":"https:\/\/ubi-business.com\/wp-content\/uploads\/2018\/09\/etudes-strategiques.jpg","datePublished":"2018-04-20T08:07:55+00:00","dateModified":"2018-11-23T14:28:37+00:00","description":"Le renseignement commercial met \u00e0 votre service ses r\u00e9seaux et ses techniques pour r\u00e9pondre \u00e0 des probl\u00e9matiques de croissance et s\u00e9curisation du business.","breadcrumb":{"@id":"https:\/\/ubi-business.com\/fr\/etudes-strategiques\/#breadcrumb"},"inLanguage":"fr-FR","potentialAction":[{"@type":"ReadAction","target":["https:\/\/ubi-business.com\/fr\/etudes-strategiques\/"]}]},{"@type":"ImageObject","inLanguage":"fr-FR","@id":"https:\/\/ubi-business.com\/fr\/etudes-strategiques\/#primaryimage","url":"https:\/\/ubi-business.com\/wp-content\/uploads\/2018\/09\/etudes-strategiques.jpg","contentUrl":"https:\/\/ubi-business.com\/wp-content\/uploads\/2018\/09\/etudes-strategiques.jpg","width":1000,"height":614,"caption":"Le renseignement commercial met \u00e0 votre service ses r\u00e9seaux et ses techniques pour r\u00e9pondre \u00e0 des probl\u00e9matiques de croissance et s\u00e9curisation du business."},{"@type":"BreadcrumbList","@id":"https:\/\/ubi-business.com\/fr\/etudes-strategiques\/#breadcrumb","itemListElement":[{"@type":"ListItem","position":1,"name":"Accueil","item":"https:\/\/ubi-business.com\/fr\/"},{"@type":"ListItem","position":2,"name":"\u00c9tudes strat\u00e9giques"}]},{"@type":"WebSite","@id":"https:\/\/ubi-business.com\/fr\/#website","url":"https:\/\/ubi-business.com\/fr\/","name":"UBI","description":"Universal Business Information","potentialAction":[{"@type":"SearchAction","target":{"@type":"EntryPoint","urlTemplate":"https:\/\/ubi-business.com\/fr\/?s={search_term_string}"},"query-input":{"@type":"PropertyValueSpecification","valueRequired":true,"valueName":"search_term_string"}}],"inLanguage":"fr-FR"}]}},"_links":{"self":[{"href":"https:\/\/ubi-business.com\/fr\/wp-json\/wp\/v2\/pages\/1710","targetHints":{"allow":["GET"]}}],"collection":[{"href":"https:\/\/ubi-business.com\/fr\/wp-json\/wp\/v2\/pages"}],"about":[{"href":"https:\/\/ubi-business.com\/fr\/wp-json\/wp\/v2\/types\/page"}],"author":[{"embeddable":true,"href":"https:\/\/ubi-business.com\/fr\/wp-json\/wp\/v2\/users\/3"}],"replies":[{"embeddable":true,"href":"https:\/\/ubi-business.com\/fr\/wp-json\/wp\/v2\/comments?post=1710"}],"version-history":[{"count":33,"href":"https:\/\/ubi-business.com\/fr\/wp-json\/wp\/v2\/pages\/1710\/revisions"}],"predecessor-version":[{"id":2099,"href":"https:\/\/ubi-business.com\/fr\/wp-json\/wp\/v2\/pages\/1710\/revisions\/2099"}],"wp:featuredmedia":[{"embeddable":true,"href":"https:\/\/ubi-business.com\/fr\/wp-json\/wp\/v2\/media\/1886"}],"wp:attachment":[{"href":"https:\/\/ubi-business.com\/fr\/wp-json\/wp\/v2\/media?parent=1710"}],"curies":[{"name":"wp","href":"https:\/\/api.w.org\/{rel}","templated":true}]}}