{"id":1708,"date":"2018-04-20T07:58:49","date_gmt":"2018-04-20T07:58:49","guid":{"rendered":"https:\/\/ubi.test.malinkee.com\/?page_id=1708"},"modified":"2018-12-05T10:14:52","modified_gmt":"2018-12-05T10:14:52","slug":"solvabilite","status":"publish","type":"page","link":"https:\/\/ubi-business.com\/fr\/solvabilite\/","title":{"rendered":"Solvabilit\u00e9"},"content":{"rendered":"<p>[vc_row gap=\u00a0\u00bb30&Prime; equal_height=\u00a0\u00bbyes\u00a0\u00bb content_placement=\u00a0\u00bbmiddle\u00a0\u00bb overlay_dotted=\u00a0\u00bb\u00a0\u00bb][vc_column css_animation=\u00a0\u00bbnone\u00a0\u00bb width=\u00a0\u00bb2\/3&Prime;][vc_column_text css=\u00a0\u00bb.vc_custom_1542815363648{margin-bottom: 15px !important;}\u00a0\u00bb]<\/p>\n<h2>Une m\u00e9thodologie rigoureuse<\/h2>\n<p><strong>Un process en coh\u00e9rence avec l\u2019actualit\u00e9 de l\u2019entreprise, des informations fra\u00eeches, recoup\u00e9es et objectives\u00a0:<\/strong> nous proc\u00e9dons \u00e0 la collecte de l\u2019information publique disponible sur les entreprises aupr\u00e8s des registres officiels, \u00e0 l\u2019actualisation et au recoupement des donn\u00e9es ainsi qu&rsquo;\u00e0 la conduite d\u2019entretiens qualifi\u00e9s dans l\u2019environnement de l\u2019entreprise.[\/vc_column_text][\/vc_column][vc_column width=\u00a0\u00bb1\/3&Prime;][vc_single_image image=\u00a0\u00bb1877&Prime; img_size=\u00a0\u00bbmedium\u00a0\u00bb alignment=\u00a0\u00bbcenter\u00a0\u00bb][\/vc_column][\/vc_row][vc_row gap=\u00a0\u00bb30&Prime; equal_height=\u00a0\u00bbyes\u00a0\u00bb content_placement=\u00a0\u00bbmiddle\u00a0\u00bb overlay_dotted=\u00a0\u00bb\u00a0\u00bb][vc_column width=\u00a0\u00bb1\/4&Prime;][vc_single_image image=\u00a0\u00bb2095&Prime; img_size=\u00a0\u00bbmedium\u00a0\u00bb alignment=\u00a0\u00bbcenter\u00a0\u00bb][\/vc_column][vc_column width=\u00a0\u00bb3\/4&Prime;][vc_column_text css_animation=\u00a0\u00bbnone\u00a0\u00bb]<\/p>\n<h2>En conformit\u00e9 avec la Loi Sapin II<\/h2>\n<p>L\u2019\u00e9valuation de la situation de ses clients, fournisseurs de rang 1 et interm\u00e9diaires est <strong>une des obligations de la Loi Sapin II<\/strong> sur la transparence, la lutte contre la corruption et la modernisation de la vie \u00e9conomique.<\/p>\n<p><strong>Nos \u00e9tudes de solvabilit\u00e9 r\u00e9pondent \u00e0 ces exigences<\/strong> en mati\u00e8re d\u2019analyse des clients, fournisseurs et partenaires, en France et \u00e0 l\u2019international et permettent d\u2019\u00e9tablir si l\u2019entreprise concern\u00e9e est solvable.[\/vc_column_text][vc_btn title=\u00a0\u00bb\u00c9tudes de solvabilit\u00e9\u00a0\u00bb color=\u00a0\u00bbwarning\u00a0\u00bb size=\u00a0\u00bbsm\u00a0\u00bb align=\u00a0\u00bbleft\u00a0\u00bb i_icon_fontawesome=\u00a0\u00bbfa fa-search-plus\u00a0\u00bb css_animation=\u00a0\u00bbfadeInUp\u00a0\u00bb add_icon=\u00a0\u00bbtrue\u00a0\u00bb link=\u00a0\u00bburl:https%3A%2F%2Fubi-business.com%2Ffr%2Fsolvabilite%2Fetudes-solvabilite%2F|||\u00a0\u00bb][\/vc_column][\/vc_row][vc_row][vc_column][vc_separator color=\u00a0\u00bborange\u00a0\u00bb el_width=\u00a0\u00bb80&Prime; css=\u00a0\u00bb.vc_custom_1542194164498{margin-top: 50px !important;margin-bottom: 50px !important;}\u00a0\u00bb][\/vc_column][\/vc_row][vc_row gap=\u00a0\u00bb30&Prime; equal_height=\u00a0\u00bbyes\u00a0\u00bb content_placement=\u00a0\u00bbmiddle\u00a0\u00bb overlay_dotted=\u00a0\u00bb\u00a0\u00bb][vc_column width=\u00a0\u00bb2\/3&Prime;][vc_column_text]<\/p>\n<h2>Notre apport<\/h2>\n<p>Pr\u00e9venir le risque d\u2019impay\u00e9, voire la d\u00e9faillance de l\u2019entreprise (d\u00e9p\u00f4t de bilan, redressement judiciaire, liquidation judiciaire).<\/p>\n<ul>\n<li><strong>Optimiser le processus de recouvrement de cr\u00e9ances<\/strong> par la connaissance de la situation de solvabilit\u00e9 pr\u00e9cise et actuelle du d\u00e9biteur.<\/li>\n<li><strong>\u00c9viter les escroqueries<\/strong> en s\u2019assurant de l\u2019existence juridique et effective de l\u2019entreprise et des ant\u00e9c\u00e9dents de ses dirigeants.<\/li>\n<\/ul>\n<p>[\/vc_column_text][\/vc_column][vc_column width=\u00a0\u00bb1\/3&Prime;][vc_single_image image=\u00a0\u00bb1968&Prime; img_size=\u00a0\u00bbmedium\u00a0\u00bb alignment=\u00a0\u00bbcenter\u00a0\u00bb][\/vc_column][\/vc_row][vc_row gap=\u00a0\u00bb30&Prime; equal_height=\u00a0\u00bbyes\u00a0\u00bb content_placement=\u00a0\u00bbmiddle\u00a0\u00bb overlay_dotted=\u00a0\u00bb\u00a0\u00bb][vc_column width=\u00a0\u00bb1\/4&Prime;][vc_single_image image=\u00a0\u00bb2091&Prime; img_size=\u00a0\u00bbmedium\u00a0\u00bb alignment=\u00a0\u00bbcenter\u00a0\u00bb][\/vc_column][vc_column width=\u00a0\u00bb3\/4&Prime;][vc_column_text css=\u00a0\u00bb.vc_custom_1542815274609{margin-bottom: 15px !important;}\u00a0\u00bb]<\/p>\n<h2>Un diagnostic sans faille<\/h2>\n<p><strong>Le diagnostic de solvabilit\u00e9<\/strong> est \u00e9tabli \u00e0 travers l\u2019analyse des bilans mais aussi <strong>la connaissance de l\u2019organisation de l\u2019entreprise<\/strong>, ses clients et fournisseurs, son carnet de commandes, sa capacit\u00e9 \u00e0 honorer ses engagements, sa tr\u00e9sorerie, son management et sa notori\u00e9t\u00e9 des affaires.[\/vc_column_text][vc_btn title=\u00a0\u00bbAnalyses \u00e0 haut risque\u00a0\u00bb color=\u00a0\u00bbwarning\u00a0\u00bb size=\u00a0\u00bbsm\u00a0\u00bb align=\u00a0\u00bbleft\u00a0\u00bb i_icon_fontawesome=\u00a0\u00bbfa fa-search-plus\u00a0\u00bb css_animation=\u00a0\u00bbfadeInUp\u00a0\u00bb add_icon=\u00a0\u00bbtrue\u00a0\u00bb link=\u00a0\u00bburl:https%3A%2F%2Fubi-business.com%2Ffr%2Fsolvabilite%2Fanalyses-haut-risque%2F|||\u00a0\u00bb][\/vc_column][\/vc_row]<\/p>\n","protected":false},"excerpt":{"rendered":"[vc_row gap=\u00a0\u00bb30&Prime; equal_height=\u00a0\u00bbyes\u00a0\u00bb content_placement=\u00a0\u00bbmiddle\u00a0\u00bb overlay_dotted=\u00a0\u00bb\u00a0\u00bb][vc_column css_animation=\u00a0\u00bbnone\u00a0\u00bb width=\u00a0\u00bb2\/3&Prime;][vc_column_text css=\u00a0\u00bb.vc_custom_1542815363648{margin-bottom: 15px !important;}\u00a0\u00bb] Une m\u00e9thodologie rigoureuse Un process en coh\u00e9rence avec l\u2019actualit\u00e9 de l\u2019entreprise, des informations fra\u00eeches, recoup\u00e9es et objectives\u00a0: nous proc\u00e9dons \u00e0 la collecte de l\u2019information publique disponible sur les entreprises aupr\u00e8s des registres officiels, \u00e0 l\u2019actualisation et au recoupement des donn\u00e9es ainsi qu&rsquo;\u00e0 la conduite d\u2019entretiens[&#8230;]","protected":false},"author":3,"featured_media":2091,"parent":0,"menu_order":0,"comment_status":"closed","ping_status":"closed","template":"","meta":{"_acf_changed":false,"_exactmetrics_skip_tracking":false,"_exactmetrics_sitenote_active":false,"_exactmetrics_sitenote_note":"","_exactmetrics_sitenote_category":0,"footnotes":""},"class_list":["post-1708","page","type-page","status-publish","has-post-thumbnail","hentry"],"acf":[],"yoast_head":"<!-- This site is optimized with the Yoast SEO plugin v27.5 - https:\/\/yoast.com\/product\/yoast-seo-wordpress\/ -->\n<title>Nos \u00e9tudes de solvabilit\u00e9 et analyses strat\u00e9giques - UBI<\/title>\n<meta name=\"description\" content=\"Nos \u00e9tudes de solvabilit\u00e9 et analyses strat\u00e9giques pr\u00e9viennent les risques li\u00e9s \u00e0 vos partenaires, en conformit\u00e9 avec la loi Sapin II.\" \/>\n<meta name=\"robots\" content=\"index, follow, max-snippet:-1, max-image-preview:large, max-video-preview:-1\" \/>\n<link rel=\"canonical\" href=\"https:\/\/ubi-business.com\/fr\/solvabilite\/\" \/>\n<meta property=\"og:locale\" content=\"fr_FR\" \/>\n<meta property=\"og:type\" content=\"article\" \/>\n<meta property=\"og:title\" content=\"Nos \u00e9tudes de solvabilit\u00e9 et analyses strat\u00e9giques - UBI\" \/>\n<meta property=\"og:description\" content=\"Nos \u00e9tudes de solvabilit\u00e9 et analyses strat\u00e9giques pr\u00e9viennent les risques li\u00e9s \u00e0 vos partenaires, en conformit\u00e9 avec la loi Sapin II.\" \/>\n<meta property=\"og:url\" content=\"https:\/\/ubi-business.com\/fr\/solvabilite\/\" \/>\n<meta property=\"og:site_name\" content=\"UBI\" \/>\n<meta property=\"article:modified_time\" content=\"2018-12-05T10:14:52+00:00\" \/>\n<meta property=\"og:image\" content=\"https:\/\/ubi-business.com\/wp-content\/uploads\/2018\/11\/solvabilite.jpg\" \/>\n\t<meta property=\"og:image:width\" content=\"1000\" \/>\n\t<meta property=\"og:image:height\" content=\"614\" \/>\n\t<meta property=\"og:image:type\" content=\"image\/jpeg\" \/>\n<meta name=\"twitter:card\" content=\"summary_large_image\" \/>\n<meta name=\"twitter:label1\" content=\"Dur\u00e9e de lecture estim\u00e9e\" \/>\n\t<meta name=\"twitter:data1\" content=\"3 minutes\" \/>\n<script type=\"application\/ld+json\" class=\"yoast-schema-graph\">{\"@context\":\"https:\\\/\\\/schema.org\",\"@graph\":[{\"@type\":\"WebPage\",\"@id\":\"https:\\\/\\\/ubi-business.com\\\/fr\\\/solvabilite\\\/\",\"url\":\"https:\\\/\\\/ubi-business.com\\\/fr\\\/solvabilite\\\/\",\"name\":\"Nos \u00e9tudes de solvabilit\u00e9 et analyses strat\u00e9giques - UBI\",\"isPartOf\":{\"@id\":\"https:\\\/\\\/ubi-business.com\\\/fr\\\/#website\"},\"primaryImageOfPage\":{\"@id\":\"https:\\\/\\\/ubi-business.com\\\/fr\\\/solvabilite\\\/#primaryimage\"},\"image\":{\"@id\":\"https:\\\/\\\/ubi-business.com\\\/fr\\\/solvabilite\\\/#primaryimage\"},\"thumbnailUrl\":\"https:\\\/\\\/ubi-business.com\\\/wp-content\\\/uploads\\\/2018\\\/11\\\/solvabilite.jpg\",\"datePublished\":\"2018-04-20T07:58:49+00:00\",\"dateModified\":\"2018-12-05T10:14:52+00:00\",\"description\":\"Nos \u00e9tudes de solvabilit\u00e9 et analyses strat\u00e9giques pr\u00e9viennent les risques li\u00e9s \u00e0 vos partenaires, en conformit\u00e9 avec la loi Sapin II.\",\"breadcrumb\":{\"@id\":\"https:\\\/\\\/ubi-business.com\\\/fr\\\/solvabilite\\\/#breadcrumb\"},\"inLanguage\":\"fr-FR\",\"potentialAction\":[{\"@type\":\"ReadAction\",\"target\":[\"https:\\\/\\\/ubi-business.com\\\/fr\\\/solvabilite\\\/\"]}]},{\"@type\":\"ImageObject\",\"inLanguage\":\"fr-FR\",\"@id\":\"https:\\\/\\\/ubi-business.com\\\/fr\\\/solvabilite\\\/#primaryimage\",\"url\":\"https:\\\/\\\/ubi-business.com\\\/wp-content\\\/uploads\\\/2018\\\/11\\\/solvabilite.jpg\",\"contentUrl\":\"https:\\\/\\\/ubi-business.com\\\/wp-content\\\/uploads\\\/2018\\\/11\\\/solvabilite.jpg\",\"width\":1000,\"height\":614,\"caption\":\"Nos \u00e9tudes de solvabilit\u00e9 et analyses strat\u00e9giques pr\u00e9viennent les risques li\u00e9s \u00e0 vos partenaires, en conformit\u00e9 avec la loi Sapin II.\"},{\"@type\":\"BreadcrumbList\",\"@id\":\"https:\\\/\\\/ubi-business.com\\\/fr\\\/solvabilite\\\/#breadcrumb\",\"itemListElement\":[{\"@type\":\"ListItem\",\"position\":1,\"name\":\"Accueil\",\"item\":\"https:\\\/\\\/ubi-business.com\\\/fr\\\/\"},{\"@type\":\"ListItem\",\"position\":2,\"name\":\"Solvabilit\u00e9\"}]},{\"@type\":\"WebSite\",\"@id\":\"https:\\\/\\\/ubi-business.com\\\/fr\\\/#website\",\"url\":\"https:\\\/\\\/ubi-business.com\\\/fr\\\/\",\"name\":\"UBI\",\"description\":\"Universal Business Information\",\"potentialAction\":[{\"@type\":\"SearchAction\",\"target\":{\"@type\":\"EntryPoint\",\"urlTemplate\":\"https:\\\/\\\/ubi-business.com\\\/fr\\\/?s={search_term_string}\"},\"query-input\":{\"@type\":\"PropertyValueSpecification\",\"valueRequired\":true,\"valueName\":\"search_term_string\"}}],\"inLanguage\":\"fr-FR\"}]}<\/script>\n<!-- \/ Yoast SEO plugin. -->","yoast_head_json":{"title":"Nos \u00e9tudes de solvabilit\u00e9 et analyses strat\u00e9giques - UBI","description":"Nos \u00e9tudes de solvabilit\u00e9 et analyses strat\u00e9giques pr\u00e9viennent les risques li\u00e9s \u00e0 vos partenaires, en conformit\u00e9 avec la loi Sapin II.","robots":{"index":"index","follow":"follow","max-snippet":"max-snippet:-1","max-image-preview":"max-image-preview:large","max-video-preview":"max-video-preview:-1"},"canonical":"https:\/\/ubi-business.com\/fr\/solvabilite\/","og_locale":"fr_FR","og_type":"article","og_title":"Nos \u00e9tudes de solvabilit\u00e9 et analyses strat\u00e9giques - UBI","og_description":"Nos \u00e9tudes de solvabilit\u00e9 et analyses strat\u00e9giques pr\u00e9viennent les risques li\u00e9s \u00e0 vos partenaires, en conformit\u00e9 avec la loi Sapin II.","og_url":"https:\/\/ubi-business.com\/fr\/solvabilite\/","og_site_name":"UBI","article_modified_time":"2018-12-05T10:14:52+00:00","og_image":[{"width":1000,"height":614,"url":"https:\/\/ubi-business.com\/wp-content\/uploads\/2018\/11\/solvabilite.jpg","type":"image\/jpeg"}],"twitter_card":"summary_large_image","twitter_misc":{"Dur\u00e9e de lecture estim\u00e9e":"3 minutes"},"schema":{"@context":"https:\/\/schema.org","@graph":[{"@type":"WebPage","@id":"https:\/\/ubi-business.com\/fr\/solvabilite\/","url":"https:\/\/ubi-business.com\/fr\/solvabilite\/","name":"Nos \u00e9tudes de solvabilit\u00e9 et analyses strat\u00e9giques - UBI","isPartOf":{"@id":"https:\/\/ubi-business.com\/fr\/#website"},"primaryImageOfPage":{"@id":"https:\/\/ubi-business.com\/fr\/solvabilite\/#primaryimage"},"image":{"@id":"https:\/\/ubi-business.com\/fr\/solvabilite\/#primaryimage"},"thumbnailUrl":"https:\/\/ubi-business.com\/wp-content\/uploads\/2018\/11\/solvabilite.jpg","datePublished":"2018-04-20T07:58:49+00:00","dateModified":"2018-12-05T10:14:52+00:00","description":"Nos \u00e9tudes de solvabilit\u00e9 et analyses strat\u00e9giques pr\u00e9viennent les risques li\u00e9s \u00e0 vos partenaires, en conformit\u00e9 avec la loi Sapin II.","breadcrumb":{"@id":"https:\/\/ubi-business.com\/fr\/solvabilite\/#breadcrumb"},"inLanguage":"fr-FR","potentialAction":[{"@type":"ReadAction","target":["https:\/\/ubi-business.com\/fr\/solvabilite\/"]}]},{"@type":"ImageObject","inLanguage":"fr-FR","@id":"https:\/\/ubi-business.com\/fr\/solvabilite\/#primaryimage","url":"https:\/\/ubi-business.com\/wp-content\/uploads\/2018\/11\/solvabilite.jpg","contentUrl":"https:\/\/ubi-business.com\/wp-content\/uploads\/2018\/11\/solvabilite.jpg","width":1000,"height":614,"caption":"Nos \u00e9tudes de solvabilit\u00e9 et analyses strat\u00e9giques pr\u00e9viennent les risques li\u00e9s \u00e0 vos partenaires, en conformit\u00e9 avec la loi Sapin II."},{"@type":"BreadcrumbList","@id":"https:\/\/ubi-business.com\/fr\/solvabilite\/#breadcrumb","itemListElement":[{"@type":"ListItem","position":1,"name":"Accueil","item":"https:\/\/ubi-business.com\/fr\/"},{"@type":"ListItem","position":2,"name":"Solvabilit\u00e9"}]},{"@type":"WebSite","@id":"https:\/\/ubi-business.com\/fr\/#website","url":"https:\/\/ubi-business.com\/fr\/","name":"UBI","description":"Universal Business Information","potentialAction":[{"@type":"SearchAction","target":{"@type":"EntryPoint","urlTemplate":"https:\/\/ubi-business.com\/fr\/?s={search_term_string}"},"query-input":{"@type":"PropertyValueSpecification","valueRequired":true,"valueName":"search_term_string"}}],"inLanguage":"fr-FR"}]}},"_links":{"self":[{"href":"https:\/\/ubi-business.com\/fr\/wp-json\/wp\/v2\/pages\/1708","targetHints":{"allow":["GET"]}}],"collection":[{"href":"https:\/\/ubi-business.com\/fr\/wp-json\/wp\/v2\/pages"}],"about":[{"href":"https:\/\/ubi-business.com\/fr\/wp-json\/wp\/v2\/types\/page"}],"author":[{"embeddable":true,"href":"https:\/\/ubi-business.com\/fr\/wp-json\/wp\/v2\/users\/3"}],"replies":[{"embeddable":true,"href":"https:\/\/ubi-business.com\/fr\/wp-json\/wp\/v2\/comments?post=1708"}],"version-history":[{"count":21,"href":"https:\/\/ubi-business.com\/fr\/wp-json\/wp\/v2\/pages\/1708\/revisions"}],"predecessor-version":[{"id":2104,"href":"https:\/\/ubi-business.com\/fr\/wp-json\/wp\/v2\/pages\/1708\/revisions\/2104"}],"wp:featuredmedia":[{"embeddable":true,"href":"https:\/\/ubi-business.com\/fr\/wp-json\/wp\/v2\/media\/2091"}],"wp:attachment":[{"href":"https:\/\/ubi-business.com\/fr\/wp-json\/wp\/v2\/media?parent=1708"}],"curies":[{"name":"wp","href":"https:\/\/api.w.org\/{rel}","templated":true}]}}