{"id":1706,"date":"2018-04-20T07:53:43","date_gmt":"2018-04-20T07:53:43","guid":{"rendered":"https:\/\/ubi.test.malinkee.com\/?page_id=1706"},"modified":"2018-12-05T10:34:51","modified_gmt":"2018-12-05T10:34:51","slug":"protection-du-business","status":"publish","type":"page","link":"https:\/\/ubi-business.com\/fr\/etudes-strategiques\/protection-du-business\/","title":{"rendered":"Protection du business"},"content":{"rendered":"<p>[vc_row equal_height=\u00a0\u00bbyes\u00a0\u00bb content_placement=\u00a0\u00bbmiddle\u00a0\u00bb overlay_dotted=\u00a0\u00bb\u00a0\u00bb][vc_column width=\u00a0\u00bb2\/3&Prime;][vc_column_text]<\/p>\n<h2>UBI, le sp\u00e9cialiste des liens juridiques et de la reconstitution des organigrammes<\/h2>\n<p>Nous vous accompagnons dans vos proc\u00e9dures judiciaires, notamment en cas de concurrence d\u00e9loyale, par la recherche d\u2019informations commerciales et financi\u00e8res probantes, <strong>dans un strict cadre d\u00e9ontologique<\/strong>.<\/p>\n<p>Profitez aussi de nos experts, juristes et strat\u00e8ges, \u00e0 travers l\u2019organisation de s\u00e9ances de travail autour d\u2019une probl\u00e9matique strat\u00e9gique et <strong>repartez avec un plan d\u2019actions<\/strong>.[\/vc_column_text][vc_column_text css=\u00a0\u00bb.vc_custom_1537522627815{margin-bottom: 10px !important;}\u00a0\u00bb]<\/p>\n<p style=\"text-align: center;\"><strong>Ces prestations sont sur devis.<\/strong><\/p>\n<p>[\/vc_column_text][vc_btn title=\u00a0\u00bbNous contacter\u00a0\u00bb color=\u00a0\u00bbwarning\u00a0\u00bb align=\u00a0\u00bbcenter\u00a0\u00bb i_icon_fontawesome=\u00a0\u00bbfa fa-envelope\u00a0\u00bb css_animation=\u00a0\u00bbfadeInUp\u00a0\u00bb add_icon=\u00a0\u00bbtrue\u00a0\u00bb link=\u00a0\u00bburl:https%3A%2F%2Fubi-business.com%2Ffr%2Fcontact%2F|||\u00a0\u00bb][\/vc_column][vc_column width=\u00a0\u00bb1\/3&Prime;][vc_single_image image=\u00a0\u00bb2045&Prime; img_size=\u00a0\u00bbmedium\u00a0\u00bb alignment=\u00a0\u00bbcenter\u00a0\u00bb][\/vc_column][\/vc_row]<\/p>\n","protected":false},"excerpt":{"rendered":"[vc_row equal_height=\u00a0\u00bbyes\u00a0\u00bb content_placement=\u00a0\u00bbmiddle\u00a0\u00bb overlay_dotted=\u00a0\u00bb\u00a0\u00bb][vc_column width=\u00a0\u00bb2\/3&Prime;][vc_column_text] UBI, le sp\u00e9cialiste des liens juridiques et de la reconstitution des organigrammes Nous vous accompagnons dans vos proc\u00e9dures judiciaires, notamment en cas de concurrence d\u00e9loyale, par la recherche d\u2019informations commerciales et financi\u00e8res probantes, dans un strict cadre d\u00e9ontologique. Profitez aussi de nos experts, juristes et strat\u00e8ges, \u00e0 travers l\u2019organisation de[&#8230;]","protected":false},"author":3,"featured_media":2045,"parent":1710,"menu_order":0,"comment_status":"closed","ping_status":"closed","template":"","meta":{"_acf_changed":false,"_exactmetrics_skip_tracking":false,"_exactmetrics_sitenote_active":false,"_exactmetrics_sitenote_note":"","_exactmetrics_sitenote_category":0,"footnotes":""},"class_list":["post-1706","page","type-page","status-publish","has-post-thumbnail","hentry"],"acf":[],"yoast_head":"<!-- This site is optimized with the Yoast SEO plugin v27.5 - https:\/\/yoast.com\/product\/yoast-seo-wordpress\/ -->\n<title>Protection du business et de votre patrimoine incorporel - UBI<\/title>\n<meta name=\"description\" content=\"Nous vous aidons dans vos proc\u00e9dures judiciaires par la recherche d\u2019informations commerciales et financi\u00e8res probantes, dans un strict cadre d\u00e9ontologique.\" \/>\n<meta name=\"robots\" content=\"index, follow, max-snippet:-1, max-image-preview:large, max-video-preview:-1\" \/>\n<link rel=\"canonical\" href=\"https:\/\/ubi-business.com\/fr\/etudes-strategiques\/protection-du-business\/\" \/>\n<meta property=\"og:locale\" content=\"fr_FR\" \/>\n<meta property=\"og:type\" content=\"article\" \/>\n<meta property=\"og:title\" content=\"Protection du business et de votre patrimoine incorporel - UBI\" \/>\n<meta property=\"og:description\" content=\"Nous vous aidons dans vos proc\u00e9dures judiciaires par la recherche d\u2019informations commerciales et financi\u00e8res probantes, dans un strict cadre d\u00e9ontologique.\" \/>\n<meta property=\"og:url\" content=\"https:\/\/ubi-business.com\/fr\/etudes-strategiques\/protection-du-business\/\" \/>\n<meta property=\"og:site_name\" content=\"UBI\" \/>\n<meta property=\"article:modified_time\" content=\"2018-12-05T10:34:51+00:00\" \/>\n<meta property=\"og:image\" content=\"https:\/\/ubi-business.com\/wp-content\/uploads\/2018\/11\/protection-du-business.jpg\" \/>\n\t<meta property=\"og:image:width\" content=\"1000\" \/>\n\t<meta property=\"og:image:height\" content=\"614\" \/>\n\t<meta property=\"og:image:type\" content=\"image\/jpeg\" \/>\n<meta name=\"twitter:card\" content=\"summary_large_image\" \/>\n<meta name=\"twitter:label1\" content=\"Dur\u00e9e de lecture estim\u00e9e\" \/>\n\t<meta name=\"twitter:data1\" content=\"1 minute\" \/>\n<script type=\"application\/ld+json\" class=\"yoast-schema-graph\">{\"@context\":\"https:\\\/\\\/schema.org\",\"@graph\":[{\"@type\":\"WebPage\",\"@id\":\"https:\\\/\\\/ubi-business.com\\\/fr\\\/etudes-strategiques\\\/protection-du-business\\\/\",\"url\":\"https:\\\/\\\/ubi-business.com\\\/fr\\\/etudes-strategiques\\\/protection-du-business\\\/\",\"name\":\"Protection du business et de votre patrimoine incorporel - UBI\",\"isPartOf\":{\"@id\":\"https:\\\/\\\/ubi-business.com\\\/fr\\\/#website\"},\"primaryImageOfPage\":{\"@id\":\"https:\\\/\\\/ubi-business.com\\\/fr\\\/etudes-strategiques\\\/protection-du-business\\\/#primaryimage\"},\"image\":{\"@id\":\"https:\\\/\\\/ubi-business.com\\\/fr\\\/etudes-strategiques\\\/protection-du-business\\\/#primaryimage\"},\"thumbnailUrl\":\"https:\\\/\\\/ubi-business.com\\\/wp-content\\\/uploads\\\/2018\\\/11\\\/protection-du-business.jpg\",\"datePublished\":\"2018-04-20T07:53:43+00:00\",\"dateModified\":\"2018-12-05T10:34:51+00:00\",\"description\":\"Nous vous aidons dans vos proc\u00e9dures judiciaires par la recherche d\u2019informations commerciales et financi\u00e8res probantes, dans un strict cadre d\u00e9ontologique.\",\"breadcrumb\":{\"@id\":\"https:\\\/\\\/ubi-business.com\\\/fr\\\/etudes-strategiques\\\/protection-du-business\\\/#breadcrumb\"},\"inLanguage\":\"fr-FR\",\"potentialAction\":[{\"@type\":\"ReadAction\",\"target\":[\"https:\\\/\\\/ubi-business.com\\\/fr\\\/etudes-strategiques\\\/protection-du-business\\\/\"]}]},{\"@type\":\"ImageObject\",\"inLanguage\":\"fr-FR\",\"@id\":\"https:\\\/\\\/ubi-business.com\\\/fr\\\/etudes-strategiques\\\/protection-du-business\\\/#primaryimage\",\"url\":\"https:\\\/\\\/ubi-business.com\\\/wp-content\\\/uploads\\\/2018\\\/11\\\/protection-du-business.jpg\",\"contentUrl\":\"https:\\\/\\\/ubi-business.com\\\/wp-content\\\/uploads\\\/2018\\\/11\\\/protection-du-business.jpg\",\"width\":1000,\"height\":614,\"caption\":\"Nous vous aidons dans vos proc\u00e9dures judiciaires par la recherche d\u2019informations commerciales et financi\u00e8res probantes, dans un strict cadre d\u00e9ontologique.\"},{\"@type\":\"BreadcrumbList\",\"@id\":\"https:\\\/\\\/ubi-business.com\\\/fr\\\/etudes-strategiques\\\/protection-du-business\\\/#breadcrumb\",\"itemListElement\":[{\"@type\":\"ListItem\",\"position\":1,\"name\":\"Accueil\",\"item\":\"https:\\\/\\\/ubi-business.com\\\/fr\\\/\"},{\"@type\":\"ListItem\",\"position\":2,\"name\":\"\u00c9tudes strat\u00e9giques\",\"item\":\"https:\\\/\\\/ubi-business.com\\\/fr\\\/etudes-strategiques\\\/\"},{\"@type\":\"ListItem\",\"position\":3,\"name\":\"Protection du business\"}]},{\"@type\":\"WebSite\",\"@id\":\"https:\\\/\\\/ubi-business.com\\\/fr\\\/#website\",\"url\":\"https:\\\/\\\/ubi-business.com\\\/fr\\\/\",\"name\":\"UBI\",\"description\":\"Universal Business Information\",\"potentialAction\":[{\"@type\":\"SearchAction\",\"target\":{\"@type\":\"EntryPoint\",\"urlTemplate\":\"https:\\\/\\\/ubi-business.com\\\/fr\\\/?s={search_term_string}\"},\"query-input\":{\"@type\":\"PropertyValueSpecification\",\"valueRequired\":true,\"valueName\":\"search_term_string\"}}],\"inLanguage\":\"fr-FR\"}]}<\/script>\n<!-- \/ Yoast SEO plugin. -->","yoast_head_json":{"title":"Protection du business et de votre patrimoine incorporel - UBI","description":"Nous vous aidons dans vos proc\u00e9dures judiciaires par la recherche d\u2019informations commerciales et financi\u00e8res probantes, dans un strict cadre d\u00e9ontologique.","robots":{"index":"index","follow":"follow","max-snippet":"max-snippet:-1","max-image-preview":"max-image-preview:large","max-video-preview":"max-video-preview:-1"},"canonical":"https:\/\/ubi-business.com\/fr\/etudes-strategiques\/protection-du-business\/","og_locale":"fr_FR","og_type":"article","og_title":"Protection du business et de votre patrimoine incorporel - UBI","og_description":"Nous vous aidons dans vos proc\u00e9dures judiciaires par la recherche d\u2019informations commerciales et financi\u00e8res probantes, dans un strict cadre d\u00e9ontologique.","og_url":"https:\/\/ubi-business.com\/fr\/etudes-strategiques\/protection-du-business\/","og_site_name":"UBI","article_modified_time":"2018-12-05T10:34:51+00:00","og_image":[{"width":1000,"height":614,"url":"https:\/\/ubi-business.com\/wp-content\/uploads\/2018\/11\/protection-du-business.jpg","type":"image\/jpeg"}],"twitter_card":"summary_large_image","twitter_misc":{"Dur\u00e9e de lecture estim\u00e9e":"1 minute"},"schema":{"@context":"https:\/\/schema.org","@graph":[{"@type":"WebPage","@id":"https:\/\/ubi-business.com\/fr\/etudes-strategiques\/protection-du-business\/","url":"https:\/\/ubi-business.com\/fr\/etudes-strategiques\/protection-du-business\/","name":"Protection du business et de votre patrimoine incorporel - UBI","isPartOf":{"@id":"https:\/\/ubi-business.com\/fr\/#website"},"primaryImageOfPage":{"@id":"https:\/\/ubi-business.com\/fr\/etudes-strategiques\/protection-du-business\/#primaryimage"},"image":{"@id":"https:\/\/ubi-business.com\/fr\/etudes-strategiques\/protection-du-business\/#primaryimage"},"thumbnailUrl":"https:\/\/ubi-business.com\/wp-content\/uploads\/2018\/11\/protection-du-business.jpg","datePublished":"2018-04-20T07:53:43+00:00","dateModified":"2018-12-05T10:34:51+00:00","description":"Nous vous aidons dans vos proc\u00e9dures judiciaires par la recherche d\u2019informations commerciales et financi\u00e8res probantes, dans un strict cadre d\u00e9ontologique.","breadcrumb":{"@id":"https:\/\/ubi-business.com\/fr\/etudes-strategiques\/protection-du-business\/#breadcrumb"},"inLanguage":"fr-FR","potentialAction":[{"@type":"ReadAction","target":["https:\/\/ubi-business.com\/fr\/etudes-strategiques\/protection-du-business\/"]}]},{"@type":"ImageObject","inLanguage":"fr-FR","@id":"https:\/\/ubi-business.com\/fr\/etudes-strategiques\/protection-du-business\/#primaryimage","url":"https:\/\/ubi-business.com\/wp-content\/uploads\/2018\/11\/protection-du-business.jpg","contentUrl":"https:\/\/ubi-business.com\/wp-content\/uploads\/2018\/11\/protection-du-business.jpg","width":1000,"height":614,"caption":"Nous vous aidons dans vos proc\u00e9dures judiciaires par la recherche d\u2019informations commerciales et financi\u00e8res probantes, dans un strict cadre d\u00e9ontologique."},{"@type":"BreadcrumbList","@id":"https:\/\/ubi-business.com\/fr\/etudes-strategiques\/protection-du-business\/#breadcrumb","itemListElement":[{"@type":"ListItem","position":1,"name":"Accueil","item":"https:\/\/ubi-business.com\/fr\/"},{"@type":"ListItem","position":2,"name":"\u00c9tudes strat\u00e9giques","item":"https:\/\/ubi-business.com\/fr\/etudes-strategiques\/"},{"@type":"ListItem","position":3,"name":"Protection du business"}]},{"@type":"WebSite","@id":"https:\/\/ubi-business.com\/fr\/#website","url":"https:\/\/ubi-business.com\/fr\/","name":"UBI","description":"Universal Business Information","potentialAction":[{"@type":"SearchAction","target":{"@type":"EntryPoint","urlTemplate":"https:\/\/ubi-business.com\/fr\/?s={search_term_string}"},"query-input":{"@type":"PropertyValueSpecification","valueRequired":true,"valueName":"search_term_string"}}],"inLanguage":"fr-FR"}]}},"_links":{"self":[{"href":"https:\/\/ubi-business.com\/fr\/wp-json\/wp\/v2\/pages\/1706","targetHints":{"allow":["GET"]}}],"collection":[{"href":"https:\/\/ubi-business.com\/fr\/wp-json\/wp\/v2\/pages"}],"about":[{"href":"https:\/\/ubi-business.com\/fr\/wp-json\/wp\/v2\/types\/page"}],"author":[{"embeddable":true,"href":"https:\/\/ubi-business.com\/fr\/wp-json\/wp\/v2\/users\/3"}],"replies":[{"embeddable":true,"href":"https:\/\/ubi-business.com\/fr\/wp-json\/wp\/v2\/comments?post=1706"}],"version-history":[{"count":12,"href":"https:\/\/ubi-business.com\/fr\/wp-json\/wp\/v2\/pages\/1706\/revisions"}],"predecessor-version":[{"id":2127,"href":"https:\/\/ubi-business.com\/fr\/wp-json\/wp\/v2\/pages\/1706\/revisions\/2127"}],"up":[{"embeddable":true,"href":"https:\/\/ubi-business.com\/fr\/wp-json\/wp\/v2\/pages\/1710"}],"wp:featuredmedia":[{"embeddable":true,"href":"https:\/\/ubi-business.com\/fr\/wp-json\/wp\/v2\/media\/2045"}],"wp:attachment":[{"href":"https:\/\/ubi-business.com\/fr\/wp-json\/wp\/v2\/media?parent=1706"}],"curies":[{"name":"wp","href":"https:\/\/api.w.org\/{rel}","templated":true}]}}