{"id":1650,"date":"2018-03-28T15:17:27","date_gmt":"2018-03-28T15:17:27","guid":{"rendered":"https:\/\/ubi.test.malinkee.com\/?page_id=1650"},"modified":"2020-01-07T08:23:24","modified_gmt":"2020-01-07T08:23:24","slug":"contact","status":"publish","type":"page","link":"https:\/\/ubi-business.com\/fr\/contact\/","title":{"rendered":"Contact"},"content":{"rendered":"<p>[vc_row content_placement=\u00a0\u00bbtop\u00a0\u00bb overlay_dotted=\u00a0\u00bb\u00a0\u00bb][vc_column width=\u00a0\u00bb1\/2&Prime;][vc_column_text css=\u00a0\u00bb.vc_custom_1578385370404{margin-bottom: 20px !important;}\u00a0\u00bb]Vous avez besoin de renseignements sur nos services\u00a0? Vous souhaitez faire \u00e9diter un devis\u00a0? Une question \u00e0 nous poser\u00a0? Nous sommes \u00e0 votre disposition.[\/vc_column_text][vc_column_text]\u00a0[\/vc_column_text][vc_gmaps link=\u00a0\u00bb#E-8_JTNDaWZyYW1lJTIwc3JjJTNEJTIyaHR0cHMlM0ElMkYlMkZ3d3cuZ29vZ2xlLmNvbSUyRm1hcHMlMkZlbWJlZCUzRnBiJTNEJTIxMW0xOCUyMTFtMTIlMjExbTMlMjExZDI3ODMuMDg2MzQ1NzEzMjE4NiUyMTJkNC44ODg5NTUwMTU1Njc2ODIlMjEzZDQ1Ljc2OTQ1OTc3OTEwNTcxJTIxMm0zJTIxMWYwJTIxMmYwJTIxM2YwJTIxM20yJTIxMWkxMDI0JTIxMmk3NjglMjE0ZjEzLjElMjEzbTMlMjExbTIlMjExczB4NDdmNGMwMzcxNmJhZWMxYiUyNTNBMHgyYzFmZGFlNDUwYzE1NTFkJTIxMnMxJTI1MjBJbXBhc3NlJTI1MjBkZXMlMjUyMExpbGFzJTI1MkMlMjUyMDY5MTAwJTI1MjBWaWxsZXVyYmFubmUlMjUyQyUyNTIwRnJhbmNlJTIxNWUwJTIxM20yJTIxMXNmciUyMTJzbnolMjE0djE1NzgzODUzNDIwNDglMjE1bTIlMjExc2ZyJTIxMnNueiUyMiUyMHdpZHRoJTNEJTIyNjAwJTIyJTIwaGVpZ2h0JTNEJTIyNDUwJTIyJTIwZnJhbWVib3JkZXIlM0QlMjIwJTIyJTIwc3R5bGUlM0QlMjJib3JkZXIlM0EwJTNCJTIyJTIwYWxsb3dmdWxsc2NyZWVuJTNEJTIyJTIyJTNFJTNDJTJGaWZyYW1lJTNF\u00a0\u00bb][\/vc_column][vc_column width=\u00a0\u00bb1\/2&Prime;][vc_column_text]<div class=\"krth-contact-form krth-contact-69f4d3140a9ca contact-box-one contact-page-one\"><h3 class=\"form-title\">Contacter ou demander un devis<\/h3>\n<div class=\"wpcf7 no-js\" id=\"wpcf7-f1746-o1\" lang=\"fr-FR\" dir=\"ltr\" data-wpcf7-id=\"1746\">\n<div class=\"screen-reader-response\"><p role=\"status\" aria-live=\"polite\" aria-atomic=\"true\"><\/p> <ul><\/ul><\/div>\n<form action=\"\/fr\/wp-json\/wp\/v2\/pages\/1650#wpcf7-f1746-o1\" method=\"post\" class=\"wpcf7-form init\" aria-label=\"Formulaire de contact\" novalidate=\"novalidate\" data-status=\"init\">\n<fieldset class=\"hidden-fields-container\"><input type=\"hidden\" name=\"_wpcf7\" value=\"1746\" \/><input type=\"hidden\" name=\"_wpcf7_version\" value=\"6.1.5\" \/><input type=\"hidden\" name=\"_wpcf7_locale\" value=\"fr_FR\" \/><input type=\"hidden\" name=\"_wpcf7_unit_tag\" value=\"wpcf7-f1746-o1\" \/><input type=\"hidden\" name=\"_wpcf7_container_post\" value=\"0\" \/><input type=\"hidden\" name=\"_wpcf7_posted_data_hash\" value=\"\" \/><input type=\"hidden\" name=\"_wpcf7_recaptcha_response\" value=\"\" \/>\n<\/fieldset>\n<div class=\"contact-colonnes\">\n\t<p><span class=\"wpcf7-form-control-wrap\" data-name=\"prenom\"><input size=\"40\" maxlength=\"400\" class=\"wpcf7-form-control wpcf7-text wpcf7-validates-as-required\" aria-required=\"true\" aria-invalid=\"false\" placeholder=\"Pr\u00e9nom *\" value=\"\" type=\"text\" name=\"prenom\" \/><\/span>\n\t<\/p>\n\t<p><span class=\"wpcf7-form-control-wrap\" data-name=\"nom\"><input size=\"40\" maxlength=\"400\" class=\"wpcf7-form-control wpcf7-text wpcf7-validates-as-required\" aria-required=\"true\" aria-invalid=\"false\" placeholder=\"Nom *\" value=\"\" type=\"text\" name=\"nom\" \/><\/span>\n\t<\/p>\n\t<p><span class=\"wpcf7-form-control-wrap\" data-name=\"entreprise\"><input size=\"40\" maxlength=\"400\" class=\"wpcf7-form-control wpcf7-text\" aria-invalid=\"false\" placeholder=\"Entreprise (optionnel)\" value=\"\" type=\"text\" name=\"entreprise\" \/><\/span>\n\t<\/p>\n\t<p><span class=\"wpcf7-form-control-wrap\" data-name=\"telephone\"><input size=\"40\" maxlength=\"400\" class=\"wpcf7-form-control wpcf7-tel wpcf7-text wpcf7-validates-as-tel\" aria-invalid=\"false\" placeholder=\"T\u00e9l\u00e9phone (optionnel)\" value=\"\" type=\"tel\" name=\"telephone\" \/><\/span>\n\t<\/p>\n<\/div>\n<p><span class=\"wpcf7-form-control-wrap\" data-name=\"email\"><input size=\"40\" maxlength=\"400\" class=\"wpcf7-form-control wpcf7-email wpcf7-validates-as-required wpcf7-text wpcf7-validates-as-email\" aria-required=\"true\" aria-invalid=\"false\" placeholder=\"E-mail *\" value=\"\" type=\"email\" name=\"email\" \/><\/span>\n<\/p>\n<p><span class=\"wpcf7-form-control-wrap\" data-name=\"message\"><textarea cols=\"40\" rows=\"10\" maxlength=\"2000\" class=\"wpcf7-form-control wpcf7-textarea wpcf7-validates-as-required\" aria-required=\"true\" aria-invalid=\"false\" placeholder=\"Message *\" name=\"message\"><\/textarea><\/span>\n<\/p>\n<p><label><span class=\"wpcf7-form-control-wrap\" data-name=\"opt-in\"><span class=\"wpcf7-form-control wpcf7-checkbox\"><span class=\"wpcf7-list-item first last\"><input type=\"checkbox\" name=\"opt-in[]\" value=\"&nbsp;\" \/><span class=\"wpcf7-list-item-label\">&nbsp;<\/span><\/span><\/span><\/span> J'accepte de recevoir des informations de la part d'UBI<\/label>\n<\/p>\n<p><input class=\"wpcf7-form-control wpcf7-submit has-spinner\" type=\"submit\" value=\"Envoyer\" \/>\n<\/p>\n<p><label class=\"contact-rgpd\">Pour conna\u00eetre et exercer vos droits, notamment de retrait de votre consentement \u00e0 l'utilisation des donn\u00e9es collect\u00e9es par ce formulaire, veuillez consulter notre <a href=\"\/fr\/politique-de-confidentialite\/\">politique de confidentialit\u00e9<\/a>.<\/label>\n<\/p><div class=\"wpcf7-response-output\" aria-hidden=\"true\"><\/div>\n<\/form>\n<\/div>\n<\/div>[\/vc_column_text][\/vc_column][vc_column][\/vc_column][\/vc_row]<\/p>\n","protected":false},"excerpt":{"rendered":"[vc_row content_placement=\u00a0\u00bbtop\u00a0\u00bb overlay_dotted=\u00a0\u00bb\u00a0\u00bb][vc_column width=\u00a0\u00bb1\/2&Prime;][vc_column_text css=\u00a0\u00bb.vc_custom_1578385370404{margin-bottom: 20px !important;}\u00a0\u00bb]Vous avez besoin de renseignements sur nos services\u00a0? Vous souhaitez faire \u00e9diter un devis\u00a0? Une question \u00e0 nous poser\u00a0? Nous sommes \u00e0 votre disposition.[\/vc_column_text][vc_column_text]\u00a0[\/vc_column_text][vc_gmaps link=\u00a0\u00bb#E-8_JTNDaWZyYW1lJTIwc3JjJTNEJTIyaHR0cHMlM0ElMkYlMkZ3d3cuZ29vZ2xlLmNvbSUyRm1hcHMlMkZlbWJlZCUzRnBiJTNEJTIxMW0xOCUyMTFtMTIlMjExbTMlMjExZDI3ODMuMDg2MzQ1NzEzMjE4NiUyMTJkNC44ODg5NTUwMTU1Njc2ODIlMjEzZDQ1Ljc2OTQ1OTc3OTEwNTcxJTIxMm0zJTIxMWYwJTIxMmYwJTIxM2YwJTIxM20yJTIxMWkxMDI0JTIxMmk3NjglMjE0ZjEzLjElMjEzbTMlMjExbTIlMjExczB4NDdmNGMwMzcxNmJhZWMxYiUyNTNBMHgyYzFmZGFlNDUwYzE1NTFkJTIxMnMxJTI1MjBJbXBhc3NlJTI1MjBkZXMlMjUyMExpbGFzJTI1MkMlMjUyMDY5MTAwJTI1MjBWaWxsZXVyYmFubmUlMjUyQyUyNTIwRnJhbmNlJTIxNWUwJTIxM20yJTIxMXNmciUyMTJzbnolMjE0djE1NzgzODUzNDIwNDglMjE1bTIlMjExc2ZyJTIxMnNueiUyMiUyMHdpZHRoJTNEJTIyNjAwJTIyJTIwaGVpZ2h0JTNEJTIyNDUwJTIyJTIwZnJhbWVib3JkZXIlM0QlMjIwJTIyJTIwc3R5bGUlM0QlMjJib3JkZXIlM0EwJTNCJTIyJTIwYWxsb3dmdWxsc2NyZWVuJTNEJTIyJTIyJTNFJTNDJTJGaWZyYW1lJTNF\u00a0\u00bb][\/vc_column][vc_column width=\u00a0\u00bb1\/2&Prime;][vc_column_text][\/vc_column_text][\/vc_column][vc_column][\/vc_column][\/vc_row]","protected":false},"author":3,"featured_media":0,"parent":0,"menu_order":0,"comment_status":"closed","ping_status":"closed","template":"","meta":{"_acf_changed":false,"_exactmetrics_skip_tracking":false,"_exactmetrics_sitenote_active":false,"_exactmetrics_sitenote_note":"","_exactmetrics_sitenote_category":0,"footnotes":""},"class_list":["post-1650","page","type-page","status-publish","hentry"],"acf":[],"yoast_head":"<!-- This site is optimized with the Yoast SEO plugin v27.5 - https:\/\/yoast.com\/product\/yoast-seo-wordpress\/ -->\n<title>Contact - UBI<\/title>\n<meta name=\"description\" content=\"Vous avez besoin de renseignements sur nos services ? Vous souhaitez faire \u00e9diter un devis ? Une question \u00e0 nous poser ? Nous sommes \u00e0 votre disposition.\" \/>\n<meta name=\"robots\" content=\"index, follow, max-snippet:-1, max-image-preview:large, max-video-preview:-1\" \/>\n<link rel=\"canonical\" href=\"https:\/\/ubi-business.com\/fr\/contact\/\" \/>\n<meta property=\"og:locale\" content=\"fr_FR\" \/>\n<meta property=\"og:type\" content=\"article\" \/>\n<meta property=\"og:title\" content=\"Contact - UBI\" \/>\n<meta property=\"og:description\" content=\"Vous avez besoin de renseignements sur nos services ? Vous souhaitez faire \u00e9diter un devis ? Une question \u00e0 nous poser ? Nous sommes \u00e0 votre disposition.\" \/>\n<meta property=\"og:url\" content=\"https:\/\/ubi-business.com\/fr\/contact\/\" \/>\n<meta property=\"og:site_name\" content=\"UBI\" \/>\n<meta property=\"article:modified_time\" content=\"2020-01-07T08:23:24+00:00\" \/>\n<meta name=\"twitter:card\" content=\"summary_large_image\" \/>\n<meta name=\"twitter:label1\" content=\"Dur\u00e9e de lecture estim\u00e9e\" \/>\n\t<meta name=\"twitter:data1\" content=\"1 minute\" \/>\n<script type=\"application\/ld+json\" class=\"yoast-schema-graph\">{\"@context\":\"https:\\\/\\\/schema.org\",\"@graph\":[{\"@type\":\"WebPage\",\"@id\":\"https:\\\/\\\/ubi-business.com\\\/fr\\\/contact\\\/\",\"url\":\"https:\\\/\\\/ubi-business.com\\\/fr\\\/contact\\\/\",\"name\":\"Contact - UBI\",\"isPartOf\":{\"@id\":\"https:\\\/\\\/ubi-business.com\\\/fr\\\/#website\"},\"datePublished\":\"2018-03-28T15:17:27+00:00\",\"dateModified\":\"2020-01-07T08:23:24+00:00\",\"description\":\"Vous avez besoin de renseignements sur nos services ? Vous souhaitez faire \u00e9diter un devis ? Une question \u00e0 nous poser ? Nous sommes \u00e0 votre disposition.\",\"breadcrumb\":{\"@id\":\"https:\\\/\\\/ubi-business.com\\\/fr\\\/contact\\\/#breadcrumb\"},\"inLanguage\":\"fr-FR\",\"potentialAction\":[{\"@type\":\"ReadAction\",\"target\":[\"https:\\\/\\\/ubi-business.com\\\/fr\\\/contact\\\/\"]}]},{\"@type\":\"BreadcrumbList\",\"@id\":\"https:\\\/\\\/ubi-business.com\\\/fr\\\/contact\\\/#breadcrumb\",\"itemListElement\":[{\"@type\":\"ListItem\",\"position\":1,\"name\":\"Accueil\",\"item\":\"https:\\\/\\\/ubi-business.com\\\/fr\\\/\"},{\"@type\":\"ListItem\",\"position\":2,\"name\":\"Contact\"}]},{\"@type\":\"WebSite\",\"@id\":\"https:\\\/\\\/ubi-business.com\\\/fr\\\/#website\",\"url\":\"https:\\\/\\\/ubi-business.com\\\/fr\\\/\",\"name\":\"UBI\",\"description\":\"Universal Business Information\",\"potentialAction\":[{\"@type\":\"SearchAction\",\"target\":{\"@type\":\"EntryPoint\",\"urlTemplate\":\"https:\\\/\\\/ubi-business.com\\\/fr\\\/?s={search_term_string}\"},\"query-input\":{\"@type\":\"PropertyValueSpecification\",\"valueRequired\":true,\"valueName\":\"search_term_string\"}}],\"inLanguage\":\"fr-FR\"}]}<\/script>\n<!-- \/ Yoast SEO plugin. -->","yoast_head_json":{"title":"Contact - UBI","description":"Vous avez besoin de renseignements sur nos services ? Vous souhaitez faire \u00e9diter un devis ? Une question \u00e0 nous poser ? Nous sommes \u00e0 votre disposition.","robots":{"index":"index","follow":"follow","max-snippet":"max-snippet:-1","max-image-preview":"max-image-preview:large","max-video-preview":"max-video-preview:-1"},"canonical":"https:\/\/ubi-business.com\/fr\/contact\/","og_locale":"fr_FR","og_type":"article","og_title":"Contact - UBI","og_description":"Vous avez besoin de renseignements sur nos services ? Vous souhaitez faire \u00e9diter un devis ? Une question \u00e0 nous poser ? Nous sommes \u00e0 votre disposition.","og_url":"https:\/\/ubi-business.com\/fr\/contact\/","og_site_name":"UBI","article_modified_time":"2020-01-07T08:23:24+00:00","twitter_card":"summary_large_image","twitter_misc":{"Dur\u00e9e de lecture estim\u00e9e":"1 minute"},"schema":{"@context":"https:\/\/schema.org","@graph":[{"@type":"WebPage","@id":"https:\/\/ubi-business.com\/fr\/contact\/","url":"https:\/\/ubi-business.com\/fr\/contact\/","name":"Contact - UBI","isPartOf":{"@id":"https:\/\/ubi-business.com\/fr\/#website"},"datePublished":"2018-03-28T15:17:27+00:00","dateModified":"2020-01-07T08:23:24+00:00","description":"Vous avez besoin de renseignements sur nos services ? Vous souhaitez faire \u00e9diter un devis ? Une question \u00e0 nous poser ? Nous sommes \u00e0 votre disposition.","breadcrumb":{"@id":"https:\/\/ubi-business.com\/fr\/contact\/#breadcrumb"},"inLanguage":"fr-FR","potentialAction":[{"@type":"ReadAction","target":["https:\/\/ubi-business.com\/fr\/contact\/"]}]},{"@type":"BreadcrumbList","@id":"https:\/\/ubi-business.com\/fr\/contact\/#breadcrumb","itemListElement":[{"@type":"ListItem","position":1,"name":"Accueil","item":"https:\/\/ubi-business.com\/fr\/"},{"@type":"ListItem","position":2,"name":"Contact"}]},{"@type":"WebSite","@id":"https:\/\/ubi-business.com\/fr\/#website","url":"https:\/\/ubi-business.com\/fr\/","name":"UBI","description":"Universal Business Information","potentialAction":[{"@type":"SearchAction","target":{"@type":"EntryPoint","urlTemplate":"https:\/\/ubi-business.com\/fr\/?s={search_term_string}"},"query-input":{"@type":"PropertyValueSpecification","valueRequired":true,"valueName":"search_term_string"}}],"inLanguage":"fr-FR"}]}},"_links":{"self":[{"href":"https:\/\/ubi-business.com\/fr\/wp-json\/wp\/v2\/pages\/1650","targetHints":{"allow":["GET"]}}],"collection":[{"href":"https:\/\/ubi-business.com\/fr\/wp-json\/wp\/v2\/pages"}],"about":[{"href":"https:\/\/ubi-business.com\/fr\/wp-json\/wp\/v2\/types\/page"}],"author":[{"embeddable":true,"href":"https:\/\/ubi-business.com\/fr\/wp-json\/wp\/v2\/users\/3"}],"replies":[{"embeddable":true,"href":"https:\/\/ubi-business.com\/fr\/wp-json\/wp\/v2\/comments?post=1650"}],"version-history":[{"count":19,"href":"https:\/\/ubi-business.com\/fr\/wp-json\/wp\/v2\/pages\/1650\/revisions"}],"predecessor-version":[{"id":2163,"href":"https:\/\/ubi-business.com\/fr\/wp-json\/wp\/v2\/pages\/1650\/revisions\/2163"}],"wp:attachment":[{"href":"https:\/\/ubi-business.com\/fr\/wp-json\/wp\/v2\/media?parent=1650"}],"curies":[{"name":"wp","href":"https:\/\/api.w.org\/{rel}","templated":true}]}}