{"id":1731,"date":"2018-04-20T11:55:16","date_gmt":"2018-04-20T11:55:16","guid":{"rendered":"https:\/\/ubi.test.malinkee.com\/home-2\/"},"modified":"2018-04-20T11:55:17","modified_gmt":"2018-04-20T11:55:17","slug":"home-2","status":"publish","type":"page","link":"https:\/\/ubi-business.com\/en\/","title":{"rendered":"Home"},"content":{"rendered":"<p>[vc_row full_width=&#8221;stretch_row&#8221; overlay_dotted=&#8221;&#8221; css=&#8221;.vc_custom_1481540870149{margin-top: 0px !important;margin-bottom: 0px !important;padding-top: 0px !important;padding-bottom: 0px !important;}&#8221;][vc_column]<div class=\"krth-cta krth-cta-one cta-cnt-left \"><div class=\"krth-cta-cnt \" style=\"width:70%;\"><p>Nous sommes l\u00e0 pour vous aider dans vos recherches.<\/p>\n<\/div><a class=\"krth-btn btn-secondary  vc_custom_1522249557533 btn-medium krth-btn-69f48ae4c3455 btn-hover-one btn-icon-left rounded-three \" href=\"#0\"><span class=\"btn-text\">Demande un devis<\/span><\/a><\/div>[\/vc_column][\/vc_row][vc_row full_width=&#8221;stretch_row&#8221; overlay_dotted=&#8221;&#8221; css=&#8221;.vc_custom_1481540949650{margin-top: 0px !important;margin-bottom: 0px !important;padding-top: 35px !important;padding-bottom: 40px !important;}&#8221;][vc_column width=&#8221;1\/3&#8243;]<div class=\"krth-service-one \"><a href=\"#0\" class=\"service-image\" ><\/a><a href=\"#0\" class=\"service-heading\" target=\"_self\" style=\"font-size:18px;margin-bottom:15px;\">Boost Your Business<\/a><p>Similique sunt in culpa qui officia deserunt mollitia animi idaest laborut dolorum.<\/p>\n<\/div>[\/vc_column][vc_column width=&#8221;1\/3&#8243;]<div class=\"krth-service-one \"><a href=\"#0\" class=\"service-image\" ><\/a><a href=\"#0\" class=\"service-heading\" target=\"_self\" style=\"font-size:18px;margin-bottom:15px;\">Filtering Business Data<\/a><p>Similique sunt in culpa qui officia deserunt mollitia animi idaest laborut dolorum.<\/p>\n<\/div>[\/vc_column][vc_column width=&#8221;1\/3&#8243;]<div class=\"krth-service-one \"><a href=\"#0\" class=\"service-image\" ><\/a><a href=\"#0\" class=\"service-heading\" target=\"_self\" style=\"font-size:18px;margin-bottom:15px;\">Genius Consultant<\/a><p>Similique sunt in culpa qui officia deserunt mollitia animi idaest laborut dolorum.<\/p>\n<\/div>[\/vc_column][\/vc_row][vc_row full_width=&#8221;stretch_row&#8221; overlay_dotted=&#8221;&#8221; css=&#8221;.vc_custom_1471666537436{padding-top: 45px !important;padding-bottom: 80px !important;background-color: #f8f8f8 !important;}&#8221;][vc_column width=&#8221;1\/3&#8243;][vc_column_text]<\/p>\n<h3 style=\"margin-bottom: 20px;\">20 Years of<br \/>\nExperience in Financial<br \/>\nServices &amp; Business<\/h3>\n<p>Globally incubate standards compliant channels before scalable benefits. Quickly disseminate superior deliverables whereas web-enabled applications. Quickly drive architectures.[\/vc_column_text]<a class=\"krth-btn btn-secondary  vc_custom_1471671635564 btn-medium krth-btn-69f48ae4c36e6 btn-hover-one btn-icon-left rounded-three \" href=\"#0\"><span class=\"btn-text\">View Services<\/span><\/a>[\/vc_column][vc_column width=&#8221;2\/3&#8243;][vc_row_inner][vc_column_inner width=&#8221;1\/2&#8243;]<div class=\"krth-service-two\"><div class=\"service-icon\"><i class=\"icon-badge\"><\/i><\/div><div class=\"services-content\"><h3 class=\"service-heading\" style=\"\">First Class Financial<br> Advisors<\/h3><p>Vivamus aliquet rutrusm duia varius sath Mauris ornoare tortor.<\/p>\n<\/div><\/div><div class=\"krth-service-two\"><div class=\"service-icon\"><i class=\"icon-user-following\"><\/i><\/div><div class=\"services-content\"><h3 class=\"service-heading\" style=\"\">Dedicated Expert<br> Team Mates<\/h3><p>Vivamus aliquet rutrusm duia varius sath Mauris ornoare tortor.<\/p>\n<\/div><\/div>[\/vc_column_inner][vc_column_inner width=&#8221;1\/2&#8243;]<div class=\"krth-service-two\"><div class=\"service-icon\"><i class=\"icon-chart\"><\/i><\/div><div class=\"services-content\"><h3 class=\"service-heading\" style=\"\">Business Service<br> Consulting<\/h3><p>Vivamus aliquet rutrusm duia varius sath Mauris ornoare tortor.<\/p>\n<\/div><\/div><div class=\"krth-service-two\"><div class=\"service-icon\"><i class=\"icon-badge\"><\/i><\/div><div class=\"services-content\"><h3 class=\"service-heading\" style=\"\">24\/7 Professional<br> Support<\/h3><p>Vivamus aliquet rutrusm duia varius sath Mauris ornoare tortor.<\/p>\n<\/div><\/div>[\/vc_column_inner][\/vc_row_inner][\/vc_column][\/vc_row][vc_row full_width=&#8221;stretch_row&#8221; parallax=&#8221;content-moving&#8221; parallax_speed_bg=&#8221;2&#8243; overlay_dotted=&#8221;true&#8221; css=&#8221;.vc_custom_1481540996800{padding-top: 40px !important;padding-bottom: 70px !important;}&#8221; overlay_color=&#8221;rgba(19,29,51,0.86)&#8221;][vc_column width=&#8221;1\/4&#8243;][vc_column_text]<\/p>\n<h2 style=\"color: white;\"><span style=\"font-size: 28px;\">Some of <span style=\"color: #fa9928;\">Company<\/span><\/span><br \/>\n<span style=\"font-size: 28px;\">Real Facts<\/span><\/h2>\n<p style=\"font-size: 16px; color: #ccc;\">Pudding cheesecake halvah jelly<br \/>\nbeans caramels danish.<\/p>\n<p>[\/vc_column_text][\/vc_column][vc_column width=&#8221;1\/4&#8243; text_alignment=&#8221;text-center&#8221;]<div class=\"krth-counter-one \"><div class=\"counter-values\"><div class=\"cvalues\" style=\"color:#ffffff;\">20<\/div><div class=\"cvalue-in\" style=\"color:#ffffff;\">+<\/div><\/div><div class=\"counter-label\" style=\"color:#eeeeee;\">Years of business<\/div><\/div>[\/vc_column][vc_column width=&#8221;1\/4&#8243; text_alignment=&#8221;text-center&#8221;]<div class=\"krth-counter-one \"><div class=\"counter-values\"><div class=\"cvalues\" style=\"color:#ffffff;\">521<\/div><\/div><div class=\"counter-label\" style=\"color:#eeeeee;\">Our staffs worldwide<\/div><\/div>[\/vc_column][vc_column width=&#8221;1\/4&#8243; text_alignment=&#8221;text-center&#8221;]<div class=\"krth-counter-one \"><div class=\"counter-values\"><div class=\"cvalues\" style=\"color:#ffffff;\">5000<\/div><div class=\"cvalue-in\" style=\"color:#ffffff;\">+<\/div><\/div><div class=\"counter-label\" style=\"color:#eeeeee;\">Finance help done<\/div><\/div>[\/vc_column][\/vc_row][vc_row overlay_dotted=&#8221;&#8221; css=&#8221;.vc_custom_1471673468518{margin-bottom: 0px !important;padding-top: 35px !important;padding-bottom: 18px !important;}&#8221;][vc_column width=&#8221;1\/2&#8243;][vc_column_text]<\/p>\n<h2 style=\"margin: 0;\"><span style=\"font-size: 26px;\">Our Recent Projects<\/span><\/h2>\n<p>[\/vc_column_text][\/vc_column][vc_column width=&#8221;1\/2&#8243; text_alignment=&#8221;text-right&#8221;]<a class=\"krth-btn btn-secondary  vc_custom_1471673292708 btn-small krth-btn-69f48ae4c3a89 btn-hover-one btn-icon-left rounded-three \" href=\"#0\"><span class=\"btn-text\">VIEW ALL<\/span><\/a>[\/vc_column][\/vc_row][vc_row full_width=&#8221;stretch_row_content_no_spaces&#8221; overlay_dotted=&#8221;&#8221; css=&#8221;.vc_custom_1470545970682{margin-top: 0px !important;margin-bottom: 0px !important;padding-top: 0px !important;padding-bottom: 0px !important;}&#8221;][vc_column]\n    <!-- Portfolio Start -->\n    <div class=\"krth-portfolios bpw-style-one bpw-col-5 bpw-no-gutter bpw-normal-size\">\n      <div class=\"grid-sizer\"><\/div>\n      <div class=\"gutter-sizer\"><\/div>\n\n      \n    <\/div>\n    <!-- Portfolio End -->\n\n    [\/vc_column][\/vc_row][vc_row full_width=&#8221;stretch_row&#8221; overlay_dotted=&#8221;&#8221; css=&#8221;.vc_custom_1471674861429{margin-top: 10px !important;padding-top: 55px !important;padding-bottom: 20px !important;}&#8221;][vc_column width=&#8221;1\/2&#8243;][vc_column_text css=&#8221;.vc_custom_1472736509235{margin-bottom: 25px !important;}&#8221;]<\/p>\n<h3>Why Choose Us<\/h3>\n<p>[\/vc_column_text]<div class=\"panel-group  krth-panel-one collapse-others\"><div class=\"panel panel-default\"><div class=\"panel-heading in\"><a href=\"#69f48ae4c4345-0\" class=\"panel-title accordion-toggle\" data-toggle=\"collapse\"><span> By Organising Team Buildings And Impromptu<\/span><\/a><\/div><div id=\"69f48ae4c4345-0\" class=\"panel-collapse collapse in\"><div class=\"panel-body\">[vc_column_text]Incredibly easy to use them and extremely versatile! This is one of the best quality themes I have purchased. I\u2019m impressed with the features. Of note, customer service was very friendly, use them and extremely versatile! This is one of the best.<\/p>\n<p>[\/vc_column_text]<\/div><\/div><\/div><div class=\"panel panel-default\"><div class=\"panel-heading\"><a href=\"#69f48ae4c4345-1\" class=\"panel-title accordion-toggle\" data-toggle=\"collapse\"><span>We Are Also Each Others Extended Family<\/span><\/a><\/div><div id=\"69f48ae4c4345-1\" class=\"panel-collapse collapse\"><div class=\"panel-body\">[vc_column_text]Incredibly easy to use them and extremely versatile! This is one of the best quality themes I have purchased. I\u2019m impressed with the features. Of note, customer service was very friendly, use them and extremely versatile! This is one of the best.<\/p>\n<p>[\/vc_column_text]<\/div><\/div><\/div><div class=\"panel panel-default\"><div class=\"panel-heading\"><a href=\"#69f48ae4c4345-2\" class=\"panel-title accordion-toggle\" data-toggle=\"collapse\"><span> We Have Experineced Professional Expert Team<\/span><\/a><\/div><div id=\"69f48ae4c4345-2\" class=\"panel-collapse collapse\"><div class=\"panel-body\">[vc_column_text]Incredibly easy to use them and extremely versatile! This is one of the best quality themes I have purchased. I\u2019m impressed with the features. Of note, customer service was very friendly, use them and extremely versatile! This is one of the best.<\/p>\n<p>[\/vc_column_text]<\/div><\/div><\/div><\/div>[\/vc_column][vc_column width=&#8221;1\/2&#8243;][vc_column_text el_class=&#8221;pull-left&#8221; css=&#8221;.vc_custom_1472736517987{margin-bottom: 15px !important;}&#8221;]<\/p>\n<h3>Clients Say<\/h3>\n<p>[\/vc_column_text]\n    <div class=\"krth-testimonials krth-theme-carousel      krth-testi-carousel-69f48ae4c44a6\" data-loop=\"true\" data-items=\"1\" data-margin=\"0\" data-dots=\"true\" data-nav=\"true\"    data-mouse-drag=\"true\"     > <!-- Testimonial Starts -->\n\n          <div class=\"krth-testimonial\">\n        <div class=\"testi-content\">\n          <span class=\"testimonial-heading\">Innovative Business Approach<\/span>\n          <p>\u201cI am beyond thankful and pleased with support I have received from the VictorThemes team. They have been extremely helpful and patient with all my queries.\u201d<\/p>\n        <\/div>\n        <div class=\"testi-client\">\n                    <div class=\"testi-client-info\"><span  class=\"testi-name\">Mary Mother<\/span><span  class=\"testi-pro\">Consultant, Acme, inc.<\/span><\/div>\n        <\/div>\n      <\/div>\n          <div class=\"krth-testimonial\">\n        <div class=\"testi-content\">\n          <span class=\"testimonial-heading\">Well Expert Team<\/span>\n          <p>\u201cEverything was perfect. Excellent customer service, very helpful, answering in less than 24h. An infinity of design possibilities, which are most of the time outstanding.\u201d<\/p>\n        <\/div>\n        <div class=\"testi-client\">\n                    <div class=\"testi-client-info\"><span  class=\"testi-name\">James Bond<\/span><span  class=\"testi-pro\">CEO, Marries &amp; Co.<\/span><\/div>\n        <\/div>\n      <\/div>\n          <div class=\"krth-testimonial\">\n        <div class=\"testi-content\">\n          <span class=\"testimonial-heading\">No Ducumenation Fees<\/span>\n          <p>\u201cI really thank you support staff to help me to set up my home page. They are too fast and respond me in very less time and set up home page on my server. Thank you again!\u201d<\/p>\n        <\/div>\n        <div class=\"testi-client\">\n                    <div class=\"testi-client-info\"><span  class=\"testi-name\">Peter Kain<\/span><span  class=\"testi-pro\">Managing Director, Widget Corp<\/span><\/div>\n        <\/div>\n      <\/div>\n          <div class=\"krth-testimonial\">\n        <div class=\"testi-content\">\n          <span class=\"testimonial-heading\">Worldwide Branches<\/span>\n          <p>\u201cBeautiful theme with amazing support. I found a bug with the theme before I even purchased it, and he fixed it! After I purchased it, I had a couple more questions. customer service was very friendly see them.\u201d<\/p>\n        <\/div>\n        <div class=\"testi-client\">\n                    <div class=\"testi-client-info\"><span  class=\"testi-name\">William<\/span><span  class=\"testi-pro\">Senior Strategist, Smith and Co.<\/span><\/div>\n        <\/div>\n      <\/div>\n          <div class=\"krth-testimonial\">\n        <div class=\"testi-content\">\n          <span class=\"testimonial-heading\">Customer Support<\/span>\n          <p>\u201cEverything was perfect. Excellent customer service, very helpful, answering in less than 24h. An infinity of design possibilities, which are most of the time outstanding.\u201d<\/p>\n        <\/div>\n        <div class=\"testi-client\">\n                    <div class=\"testi-client-info\"><span  class=\"testi-name\">Selena Smith<\/span><span  class=\"testi-pro\">Manager, ABC Telecom<\/span><\/div>\n        <\/div>\n      <\/div>\n    \n    <\/div> <!-- Testimonial End -->\n\n[\/vc_column][\/vc_row][vc_row full_width=&#8221;stretch_row&#8221; parallax=&#8221;content-moving&#8221; parallax_speed_bg=&#8221;3&#8243; overlay_dotted=&#8221;&#8221; css=&#8221;.vc_custom_1481541010922{padding-top: 8px !important;padding-bottom: 35px !important;}&#8221; overlay_color=&#8221;rgba(250,153,40,0.8)&#8221;][vc_column][vc_column_text]<\/p>\n<h3 style=\"text-align: center; font-size: 23px; font-weight: normal;\">We Are Proud to Say, Kroth is Your Best Business Wp Theme.<\/h3>\n<p>[\/vc_column_text][\/vc_column][\/vc_row][vc_row overlay_dotted=&#8221;&#8221; css=&#8221;.vc_custom_1471676056762{margin-top: 20px !important;margin-bottom: 45px !important;padding-top: 15px !important;padding-bottom: 0px !important;}&#8221;][vc_column width=&#8221;1\/2&#8243;][vc_column_text css=&#8221;.vc_custom_1472736548571{margin-bottom: 0px !important;}&#8221;]<\/p>\n<h2 style=\"font-size: 24px; margin: 6px 0 0 0px;\">Latest News<\/h2>\n<p>[\/vc_column_text][\/vc_column][vc_column width=&#8221;1\/2&#8243; text_alignment=&#8221;text-right&#8221;]<a class=\"krth-btn btn-secondary  vc_custom_1471675733928 btn-small krth-btn-69f48ae4c729d btn-hover-one btn-icon-left rounded-three \" href=\"#0\"><span class=\"btn-text\">VIEW ALL POSTS<\/span><\/a>[\/vc_column][\/vc_row][vc_row overlay_dotted=&#8221;&#8221; css=&#8221;.vc_custom_1471677989099{margin-top: 0px !important;margin-bottom: 0px !important;padding-top: 0px !important;padding-bottom: 30px !important;}&#8221;][vc_column]\n    <!-- Blog Start -->\n    <div class=\"krth-blog-one krth-blog-col-3  krth-post-69f48ae4c73e1 \">\n\n      \n    <\/div>\n    <!-- Blog End -->\n\n    [\/vc_column][\/vc_row][vc_row full_width=&#8221;stretch_row_content_no_spaces&#8221; overlay_dotted=&#8221;&#8221; css=&#8221;.vc_custom_1471260487630{border-bottom-width: 1px !important;background-color: #f7f8f9 !important;border-bottom-color: rgba(0,0,0,0.08) !important;border-bottom-style: solid !important;}&#8221;][vc_column css=&#8221;.vc_custom_1471237121025{padding-top: 0px !important;}&#8221;]<div class=\"krth-contact-section contact-section-one section-content-left contact-page-one krth-cs-69f48ae4c7eb8\"><div class=\"krth-contact-first extended-content-container text-center\"><div class=\"krth-contact-first-overlay\"><\/div><h2 class=\"section-title\">Become a Part of Our Project<\/h2><\/div><div class=\"container\"><div class=\"krth-cs-area\"><div class=\"krth-section-content\"><h3 style=\"font-size: 22px; margin-bottom: 20px;\">Request a Free Consultation<\/h3>\n<p style=\"font-size: 14px;\">We\u2019re always interested in new projects, big or small. Send us an email and we\u2019ll get in touch shortly, or phone between 8:00 am and 7:00 pm Monday to Saturday.<\/p>\n<a class=\"krth-btn btn-secondary  vc_custom_1470122447471 btn-small krth-btn-69f48ae4c7d52 btn-icon-left rounded-three \" href=\"http:\/\/google.co.in\/maps\" target=\"_blank\"><span class=\"btn-text\">FIND LOCATION<\/span><\/a>\n<p>[vc_empty_space height=&#8221;0px&#8221;]<\/p>\n<ul class=\"krth-list-three  krth-list-69f48ae4c7d86\"><li><strong>Address :<\/strong> 44 New Design Street, Melbourne 005, Australia 300<\/li><li><strong>Phone :<\/strong> 01 (800) 433 544<\/li><li><strong>Email :<\/strong> info@victorthemes.com<\/li><\/ul>\n<\/div><div class=\"krth-contact-form-section\"><p class=\"wpcf7-contact-form-not-found\"><strong>Error:<\/strong> Contact form not found.<\/p><\/div><\/div><\/div><\/div>[\/vc_column][\/vc_row][vc_row full_width=&#8221;stretch_row&#8221; overlay_dotted=&#8221;&#8221; css=&#8221;.vc_custom_1471678554982{margin-top: 0px !important;margin-bottom: 0px !important;padding-top: 15px !important;padding-bottom: 45px !important;}&#8221;][vc_column]<div class=\"krth-client-logos krth-theme-carousel\"\n           data-loop=\"true\" data-items=\"5\" data-margin=\"30\" data-mouse-drag=\"true\" data-items-tablet=\"3\" data-items-mobile-landscape=\"2\" data-items-mobile-portrait=\"1\"><div class=\"client-logo\"><img decoding=\"async\" src=\"\" alt=\"\"><\/div><div class=\"client-logo\"><img decoding=\"async\" src=\"\" alt=\"\"><\/div><div class=\"client-logo\"><img decoding=\"async\" src=\"\" alt=\"\"><\/div><div class=\"client-logo\"><img decoding=\"async\" src=\"\" alt=\"\"><\/div><div class=\"client-logo\"><img decoding=\"async\" src=\"\" alt=\"\"><\/div><\/div>[\/vc_column][\/vc_row]<\/p>\n","protected":false},"excerpt":{"rendered":"[vc_row full_width=&#8221;stretch_row&#8221; overlay_dotted=&#8221;&#8221; css=&#8221;.vc_custom_1481540870149{margin-top: 0px !important;margin-bottom: 0px !important;padding-top: 0px !important;padding-bottom: 0px !important;}&#8221;][vc_column][\/vc_column][\/vc_row][vc_row full_width=&#8221;stretch_row&#8221; overlay_dotted=&#8221;&#8221; css=&#8221;.vc_custom_1481540949650{margin-top: 0px !important;margin-bottom: 0px !important;padding-top: 35px !important;padding-bottom: 40px !important;}&#8221;][vc_column width=&#8221;1\/3&#8243;][\/vc_column][vc_column width=&#8221;1\/3&#8243;][\/vc_column][vc_column width=&#8221;1\/3&#8243;][\/vc_column][\/vc_row][vc_row full_width=&#8221;stretch_row&#8221; overlay_dotted=&#8221;&#8221; css=&#8221;.vc_custom_1471666537436{padding-top: 45px !important;padding-bottom: 80px !important;background-color: #f8f8f8 !important;}&#8221;][vc_column width=&#8221;1\/3&#8243;][vc_column_text] 20 Years of Experience in Financial Services &amp; Business Globally incubate standards compliant channels before scalable benefits. Quickly disseminate[&#8230;]","protected":false},"author":3,"featured_media":0,"parent":0,"menu_order":0,"comment_status":"closed","ping_status":"closed","template":"","meta":{"_acf_changed":false,"_exactmetrics_skip_tracking":false,"_exactmetrics_sitenote_active":false,"_exactmetrics_sitenote_note":"","_exactmetrics_sitenote_category":0,"footnotes":""},"class_list":["post-1731","page","type-page","status-publish","hentry"],"acf":[],"yoast_head":"<!-- This site is optimized with the Yoast SEO plugin v27.5 - https:\/\/yoast.com\/product\/yoast-seo-wordpress\/ -->\n<title>Universal Business Information - UBI<\/title>\n<meta name=\"description\" content=\"Au c\u0153ur de la strat\u00e9gie, des \u00e9tudes pour d\u00e9velopper et s\u00e9curiser votre business.\" \/>\n<meta name=\"robots\" content=\"index, follow, max-snippet:-1, max-image-preview:large, max-video-preview:-1\" \/>\n<link rel=\"canonical\" href=\"https:\/\/ubi-business.com\/en\/\" \/>\n<meta property=\"og:locale\" content=\"en_US\" \/>\n<meta property=\"og:type\" content=\"article\" \/>\n<meta property=\"og:title\" content=\"Universal Business Information - UBI\" \/>\n<meta property=\"og:description\" content=\"Au c\u0153ur de la strat\u00e9gie, des \u00e9tudes pour d\u00e9velopper et s\u00e9curiser votre business.\" \/>\n<meta property=\"og:url\" content=\"https:\/\/ubi-business.com\/en\/\" \/>\n<meta property=\"og:site_name\" content=\"UBI\" \/>\n<meta property=\"article:modified_time\" content=\"2018-04-20T11:55:17+00:00\" \/>\n<meta name=\"twitter:card\" content=\"summary_large_image\" \/>\n<meta name=\"twitter:label1\" content=\"Est. reading time\" \/>\n\t<meta name=\"twitter:data1\" content=\"8 minutes\" \/>\n<script type=\"application\/ld+json\" class=\"yoast-schema-graph\">{\"@context\":\"https:\\\/\\\/schema.org\",\"@graph\":[{\"@type\":\"WebPage\",\"@id\":\"https:\\\/\\\/ubi-business.com\\\/en\\\/\",\"url\":\"https:\\\/\\\/ubi-business.com\\\/en\\\/\",\"name\":\"Universal Business Information - UBI\",\"isPartOf\":{\"@id\":\"https:\\\/\\\/ubi-business.com\\\/en\\\/#website\"},\"datePublished\":\"2018-04-20T11:55:16+00:00\",\"dateModified\":\"2018-04-20T11:55:17+00:00\",\"description\":\"Au c\u0153ur de la strat\u00e9gie, des \u00e9tudes pour d\u00e9velopper et s\u00e9curiser votre business.\",\"breadcrumb\":{\"@id\":\"https:\\\/\\\/ubi-business.com\\\/en\\\/#breadcrumb\"},\"inLanguage\":\"en-US\",\"potentialAction\":[{\"@type\":\"ReadAction\",\"target\":[\"https:\\\/\\\/ubi-business.com\\\/en\\\/\"]}]},{\"@type\":\"BreadcrumbList\",\"@id\":\"https:\\\/\\\/ubi-business.com\\\/en\\\/#breadcrumb\",\"itemListElement\":[{\"@type\":\"ListItem\",\"position\":1,\"name\":\"Accueil\",\"item\":\"https:\\\/\\\/ubi-business.com\\\/en\\\/\"},{\"@type\":\"ListItem\",\"position\":2,\"name\":\"Home\"}]},{\"@type\":\"WebSite\",\"@id\":\"https:\\\/\\\/ubi-business.com\\\/en\\\/#website\",\"url\":\"https:\\\/\\\/ubi-business.com\\\/en\\\/\",\"name\":\"UBI\",\"description\":\"Universal Business Information\",\"potentialAction\":[{\"@type\":\"SearchAction\",\"target\":{\"@type\":\"EntryPoint\",\"urlTemplate\":\"https:\\\/\\\/ubi-business.com\\\/en\\\/?s={search_term_string}\"},\"query-input\":{\"@type\":\"PropertyValueSpecification\",\"valueRequired\":true,\"valueName\":\"search_term_string\"}}],\"inLanguage\":\"en-US\"}]}<\/script>\n<!-- \/ Yoast SEO plugin. -->","yoast_head_json":{"title":"Universal Business Information - UBI","description":"Au c\u0153ur de la strat\u00e9gie, des \u00e9tudes pour d\u00e9velopper et s\u00e9curiser votre business.","robots":{"index":"index","follow":"follow","max-snippet":"max-snippet:-1","max-image-preview":"max-image-preview:large","max-video-preview":"max-video-preview:-1"},"canonical":"https:\/\/ubi-business.com\/en\/","og_locale":"en_US","og_type":"article","og_title":"Universal Business Information - UBI","og_description":"Au c\u0153ur de la strat\u00e9gie, des \u00e9tudes pour d\u00e9velopper et s\u00e9curiser votre business.","og_url":"https:\/\/ubi-business.com\/en\/","og_site_name":"UBI","article_modified_time":"2018-04-20T11:55:17+00:00","twitter_card":"summary_large_image","twitter_misc":{"Est. reading time":"8 minutes"},"schema":{"@context":"https:\/\/schema.org","@graph":[{"@type":"WebPage","@id":"https:\/\/ubi-business.com\/en\/","url":"https:\/\/ubi-business.com\/en\/","name":"Universal Business Information - UBI","isPartOf":{"@id":"https:\/\/ubi-business.com\/en\/#website"},"datePublished":"2018-04-20T11:55:16+00:00","dateModified":"2018-04-20T11:55:17+00:00","description":"Au c\u0153ur de la strat\u00e9gie, des \u00e9tudes pour d\u00e9velopper et s\u00e9curiser votre business.","breadcrumb":{"@id":"https:\/\/ubi-business.com\/en\/#breadcrumb"},"inLanguage":"en-US","potentialAction":[{"@type":"ReadAction","target":["https:\/\/ubi-business.com\/en\/"]}]},{"@type":"BreadcrumbList","@id":"https:\/\/ubi-business.com\/en\/#breadcrumb","itemListElement":[{"@type":"ListItem","position":1,"name":"Accueil","item":"https:\/\/ubi-business.com\/en\/"},{"@type":"ListItem","position":2,"name":"Home"}]},{"@type":"WebSite","@id":"https:\/\/ubi-business.com\/en\/#website","url":"https:\/\/ubi-business.com\/en\/","name":"UBI","description":"Universal Business Information","potentialAction":[{"@type":"SearchAction","target":{"@type":"EntryPoint","urlTemplate":"https:\/\/ubi-business.com\/en\/?s={search_term_string}"},"query-input":{"@type":"PropertyValueSpecification","valueRequired":true,"valueName":"search_term_string"}}],"inLanguage":"en-US"}]}},"_links":{"self":[{"href":"https:\/\/ubi-business.com\/en\/wp-json\/wp\/v2\/pages\/1731","targetHints":{"allow":["GET"]}}],"collection":[{"href":"https:\/\/ubi-business.com\/en\/wp-json\/wp\/v2\/pages"}],"about":[{"href":"https:\/\/ubi-business.com\/en\/wp-json\/wp\/v2\/types\/page"}],"author":[{"embeddable":true,"href":"https:\/\/ubi-business.com\/en\/wp-json\/wp\/v2\/users\/3"}],"replies":[{"embeddable":true,"href":"https:\/\/ubi-business.com\/en\/wp-json\/wp\/v2\/comments?post=1731"}],"version-history":[{"count":1,"href":"https:\/\/ubi-business.com\/en\/wp-json\/wp\/v2\/pages\/1731\/revisions"}],"predecessor-version":[{"id":1732,"href":"https:\/\/ubi-business.com\/en\/wp-json\/wp\/v2\/pages\/1731\/revisions\/1732"}],"wp:attachment":[{"href":"https:\/\/ubi-business.com\/en\/wp-json\/wp\/v2\/media?parent=1731"}],"curies":[{"name":"wp","href":"https:\/\/api.w.org\/{rel}","templated":true}]}}