{"id":1694,"date":"2018-04-16T15:28:40","date_gmt":"2018-04-16T15:28:40","guid":{"rendered":"https:\/\/ubi.test.malinkee.com\/contact\/"},"modified":"2018-04-16T15:28:41","modified_gmt":"2018-04-16T15:28:41","slug":"contact","status":"publish","type":"page","link":"https:\/\/ubi-business.com\/en\/contact\/","title":{"rendered":"Contact"},"content":{"rendered":"<p>[vc_row][vc_column width=&#8221;1\/2&#8243;][vc_column_text css=&#8221;.vc_custom_1471513102067{margin-bottom: 20px !important;}&#8221;]<br \/>\nTest EN[\/vc_column_text]<a class=\"krth-btn btn-secondary  vc_custom_1475742561677 btn-medium krth-btn-69d6a41c1c44f btn-icon-left rounded-three \" href=\"#0\"><span class=\"btn-text\">VIEW SUPPORT TEAM<\/span><\/a><ul class=\"krth-list-three  krth-list-69d6a41c1c4d9\"><li><strong>Address :<\/strong> 44 New Design Street, Melbourne 005, Australia 300<\/li><li><strong>Phone :<\/strong> 01 (800) 433 544<\/li><li><strong>Email :<\/strong> info@victorthemes.com<\/li><\/ul><div id=\"map-69d6a41c1c535\" class=\"krth-google-map  vc_custom_1475742472585 krth-gmap-69d6a41c1c535\"><\/div>    <script type=\"text\/javascript\">\n    \/\/ Custom Map Script\n    jQuery(document).ready(function($) {\n      $(\"#map-69d6a41c1c535\").googleMap({\n        zoom: 10,\n        type: \"ROADMAP\",\n        styles: [],\n        streetViewControl: false,\n        scrollwheel: false,\n        mapTypeControl: false,\n                    coords: [-37.813628, 144.963058],\n                  });\n            $(\"#map-69d6a41c1c535\").addMarker({\n        coords: [-37.813628, 144.963058],\n        icon: 'https:\/\/ubi-business.com\/wp-content\/plugins\/kroth-core\/assets\/images\/map-marker.png',\n        title: \"Head Office\",        text: \"44 New Design Street, Melbourne 005, Australia 300\",      });\n          });\n    <\/script>\n[\/vc_column][vc_column width=&#8221;1\/2&#8243;]<div class=\"krth-contact-form krth-contact-69d6a41c1c5f6 contact-page-one\"><h3 class=\"form-title\">Request a Free Quote<\/h3><p class=\"wpcf7-contact-form-not-found\"><strong>Error:<\/strong> Contact form not found.<\/p><\/div>[\/vc_column][\/vc_row][vc_row][vc_column width=&#8221;1\/2&#8243;][vc_column_text css=&#8221;.vc_custom_1471513102067{margin-bottom: 20px !important;}&#8221;]<br \/>\nTest EN[\/vc_column_text]<a class=\"krth-btn btn-secondary  vc_custom_1475742561677 btn-medium krth-btn-69d6a41c1c8b6 btn-icon-left rounded-three \" href=\"#0\"><span class=\"btn-text\">VIEW SUPPORT TEAM<\/span><\/a><ul class=\"krth-list-three  krth-list-69d6a41c1c90f\"><li><strong>Address :<\/strong> 44 New Design Street, Melbourne 005, Australia 300<\/li><li><strong>Phone :<\/strong> 01 (800) 433 544<\/li><li><strong>Email :<\/strong> info@victorthemes.com<\/li><\/ul><div id=\"map-69d6a41c1c966\" class=\"krth-google-map  vc_custom_1475742472585 krth-gmap-69d6a41c1c966\"><\/div>    <script type=\"text\/javascript\">\n    \/\/ Custom Map Script\n    jQuery(document).ready(function($) {\n      $(\"#map-69d6a41c1c966\").googleMap({\n        zoom: 10,\n        type: \"ROADMAP\",\n        styles: [],\n        streetViewControl: false,\n        scrollwheel: false,\n        mapTypeControl: false,\n                    coords: [-37.813628, 144.963058],\n                  });\n            $(\"#map-69d6a41c1c966\").addMarker({\n        coords: [-37.813628, 144.963058],\n        icon: 'https:\/\/ubi-business.com\/wp-content\/plugins\/kroth-core\/assets\/images\/map-marker.png',\n        title: \"Head Office\",        text: \"44 New Design Street, Melbourne 005, Australia 300\",      });\n          });\n    <\/script>\n[\/vc_column][vc_column width=&#8221;1\/2&#8243;]<div class=\"krth-contact-form krth-contact-69d6a41c1ca03 contact-page-one\"><h3 class=\"form-title\">Request a Free Quote<\/h3><p class=\"wpcf7-contact-form-not-found\"><strong>Error:<\/strong> Contact form not found.<\/p><\/div>[\/vc_column][\/vc_row]<\/p>\n","protected":false},"excerpt":{"rendered":"[vc_row][vc_column width=&#8221;1\/2&#8243;][vc_column_text css=&#8221;.vc_custom_1471513102067{margin-bottom: 20px !important;}&#8221;] Test EN[\/vc_column_text][\/vc_column][vc_column width=&#8221;1\/2&#8243;][\/vc_column][\/vc_row][vc_row][vc_column width=&#8221;1\/2&#8243;][vc_column_text css=&#8221;.vc_custom_1471513102067{margin-bottom: 20px !important;}&#8221;] Test EN[\/vc_column_text][\/vc_column][vc_column width=&#8221;1\/2&#8243;][\/vc_column][\/vc_row]","protected":false},"author":3,"featured_media":0,"parent":0,"menu_order":0,"comment_status":"closed","ping_status":"closed","template":"","meta":{"_acf_changed":false,"_exactmetrics_skip_tracking":false,"_exactmetrics_sitenote_active":false,"_exactmetrics_sitenote_note":"","_exactmetrics_sitenote_category":0,"footnotes":""},"class_list":["post-1694","page","type-page","status-publish","hentry"],"acf":[],"yoast_head":"<!-- This site is optimized with the Yoast SEO plugin v27.3 - https:\/\/yoast.com\/product\/yoast-seo-wordpress\/ -->\n<title>Contact - UBI<\/title>\n<meta name=\"description\" content=\"Vous avez besoin de renseignements sur nos services ? Vous souhaitez faire \u00e9diter un devis ? Une question \u00e0 nous poser ? Nous sommes \u00e0 votre disposition.\" \/>\n<meta name=\"robots\" content=\"index, follow, max-snippet:-1, max-image-preview:large, max-video-preview:-1\" \/>\n<link rel=\"canonical\" href=\"https:\/\/ubi-business.com\/en\/contact\/\" \/>\n<meta property=\"og:locale\" content=\"en_US\" \/>\n<meta property=\"og:type\" content=\"article\" \/>\n<meta property=\"og:title\" content=\"Contact - UBI\" \/>\n<meta property=\"og:description\" content=\"Vous avez besoin de renseignements sur nos services ? Vous souhaitez faire \u00e9diter un devis ? Une question \u00e0 nous poser ? Nous sommes \u00e0 votre disposition.\" \/>\n<meta property=\"og:url\" content=\"https:\/\/ubi-business.com\/en\/contact\/\" \/>\n<meta property=\"og:site_name\" content=\"UBI\" \/>\n<meta property=\"article:modified_time\" content=\"2018-04-16T15:28:41+00:00\" \/>\n<meta name=\"twitter:card\" content=\"summary_large_image\" \/>\n<meta name=\"twitter:label1\" content=\"Est. reading time\" \/>\n\t<meta name=\"twitter:data1\" content=\"3 minutes\" \/>\n<script type=\"application\/ld+json\" class=\"yoast-schema-graph\">{\"@context\":\"https:\\\/\\\/schema.org\",\"@graph\":[{\"@type\":\"WebPage\",\"@id\":\"https:\\\/\\\/ubi-business.com\\\/en\\\/contact\\\/\",\"url\":\"https:\\\/\\\/ubi-business.com\\\/en\\\/contact\\\/\",\"name\":\"Contact - UBI\",\"isPartOf\":{\"@id\":\"https:\\\/\\\/ubi-business.com\\\/en\\\/#website\"},\"datePublished\":\"2018-04-16T15:28:40+00:00\",\"dateModified\":\"2018-04-16T15:28:41+00:00\",\"description\":\"Vous avez besoin de renseignements sur nos services ? Vous souhaitez faire \u00e9diter un devis ? Une question \u00e0 nous poser ? Nous sommes \u00e0 votre disposition.\",\"breadcrumb\":{\"@id\":\"https:\\\/\\\/ubi-business.com\\\/en\\\/contact\\\/#breadcrumb\"},\"inLanguage\":\"en-US\",\"potentialAction\":[{\"@type\":\"ReadAction\",\"target\":[\"https:\\\/\\\/ubi-business.com\\\/en\\\/contact\\\/\"]}]},{\"@type\":\"BreadcrumbList\",\"@id\":\"https:\\\/\\\/ubi-business.com\\\/en\\\/contact\\\/#breadcrumb\",\"itemListElement\":[{\"@type\":\"ListItem\",\"position\":1,\"name\":\"Accueil\",\"item\":\"https:\\\/\\\/ubi-business.com\\\/en\\\/\"},{\"@type\":\"ListItem\",\"position\":2,\"name\":\"Contact\"}]},{\"@type\":\"WebSite\",\"@id\":\"https:\\\/\\\/ubi-business.com\\\/en\\\/#website\",\"url\":\"https:\\\/\\\/ubi-business.com\\\/en\\\/\",\"name\":\"UBI\",\"description\":\"Universal Business Information\",\"potentialAction\":[{\"@type\":\"SearchAction\",\"target\":{\"@type\":\"EntryPoint\",\"urlTemplate\":\"https:\\\/\\\/ubi-business.com\\\/en\\\/?s={search_term_string}\"},\"query-input\":{\"@type\":\"PropertyValueSpecification\",\"valueRequired\":true,\"valueName\":\"search_term_string\"}}],\"inLanguage\":\"en-US\"}]}<\/script>\n<!-- \/ Yoast SEO plugin. -->","yoast_head_json":{"title":"Contact - UBI","description":"Vous avez besoin de renseignements sur nos services ? Vous souhaitez faire \u00e9diter un devis ? Une question \u00e0 nous poser ? Nous sommes \u00e0 votre disposition.","robots":{"index":"index","follow":"follow","max-snippet":"max-snippet:-1","max-image-preview":"max-image-preview:large","max-video-preview":"max-video-preview:-1"},"canonical":"https:\/\/ubi-business.com\/en\/contact\/","og_locale":"en_US","og_type":"article","og_title":"Contact - UBI","og_description":"Vous avez besoin de renseignements sur nos services ? Vous souhaitez faire \u00e9diter un devis ? Une question \u00e0 nous poser ? Nous sommes \u00e0 votre disposition.","og_url":"https:\/\/ubi-business.com\/en\/contact\/","og_site_name":"UBI","article_modified_time":"2018-04-16T15:28:41+00:00","twitter_card":"summary_large_image","twitter_misc":{"Est. reading time":"3 minutes"},"schema":{"@context":"https:\/\/schema.org","@graph":[{"@type":"WebPage","@id":"https:\/\/ubi-business.com\/en\/contact\/","url":"https:\/\/ubi-business.com\/en\/contact\/","name":"Contact - UBI","isPartOf":{"@id":"https:\/\/ubi-business.com\/en\/#website"},"datePublished":"2018-04-16T15:28:40+00:00","dateModified":"2018-04-16T15:28:41+00:00","description":"Vous avez besoin de renseignements sur nos services ? Vous souhaitez faire \u00e9diter un devis ? Une question \u00e0 nous poser ? Nous sommes \u00e0 votre disposition.","breadcrumb":{"@id":"https:\/\/ubi-business.com\/en\/contact\/#breadcrumb"},"inLanguage":"en-US","potentialAction":[{"@type":"ReadAction","target":["https:\/\/ubi-business.com\/en\/contact\/"]}]},{"@type":"BreadcrumbList","@id":"https:\/\/ubi-business.com\/en\/contact\/#breadcrumb","itemListElement":[{"@type":"ListItem","position":1,"name":"Accueil","item":"https:\/\/ubi-business.com\/en\/"},{"@type":"ListItem","position":2,"name":"Contact"}]},{"@type":"WebSite","@id":"https:\/\/ubi-business.com\/en\/#website","url":"https:\/\/ubi-business.com\/en\/","name":"UBI","description":"Universal Business Information","potentialAction":[{"@type":"SearchAction","target":{"@type":"EntryPoint","urlTemplate":"https:\/\/ubi-business.com\/en\/?s={search_term_string}"},"query-input":{"@type":"PropertyValueSpecification","valueRequired":true,"valueName":"search_term_string"}}],"inLanguage":"en-US"}]}},"_links":{"self":[{"href":"https:\/\/ubi-business.com\/en\/wp-json\/wp\/v2\/pages\/1694","targetHints":{"allow":["GET"]}}],"collection":[{"href":"https:\/\/ubi-business.com\/en\/wp-json\/wp\/v2\/pages"}],"about":[{"href":"https:\/\/ubi-business.com\/en\/wp-json\/wp\/v2\/types\/page"}],"author":[{"embeddable":true,"href":"https:\/\/ubi-business.com\/en\/wp-json\/wp\/v2\/users\/3"}],"replies":[{"embeddable":true,"href":"https:\/\/ubi-business.com\/en\/wp-json\/wp\/v2\/comments?post=1694"}],"version-history":[{"count":1,"href":"https:\/\/ubi-business.com\/en\/wp-json\/wp\/v2\/pages\/1694\/revisions"}],"predecessor-version":[{"id":1695,"href":"https:\/\/ubi-business.com\/en\/wp-json\/wp\/v2\/pages\/1694\/revisions\/1695"}],"wp:attachment":[{"href":"https:\/\/ubi-business.com\/en\/wp-json\/wp\/v2\/media?parent=1694"}],"curies":[{"name":"wp","href":"https:\/\/api.w.org\/{rel}","templated":true}]}}